{"id":2250,"date":"2017-09-01T11:26:54","date_gmt":"2017-09-01T10:27:55","guid":{"rendered":"https:\/\/trybol.ch\/shop\/balma-bain-naturel-pour-adultes-sachets\/"},"modified":"2017-09-04T16:23:29","modified_gmt":"2017-09-04T14:23:29","slug":"balma-bain-naturel-pour-adultes-sachets","status":"publish","type":"product","link":"https:\/\/www.trybol.ch\/fr\/shop\/balma-bain-naturel-pour-adultes-sachets\/","title":{"rendered":"Balma Bain Naturel pour adultes, sachets"},"content":{"rendered":"<p><strong>Soins naturels du teint, 100% naturel BAL1312<\/strong><\/p>\n<p><strong>Description: <\/strong>sachets en voile<\/p>\n<p><strong>Application: <\/strong>Plongez le sachet dans un peu d\u2019eau chaude et nettoyez d\u00e9licatement la peau, comme avec une \u00e9ponge, ou gant de toilette.<\/p>\n<p><strong>Composition: Effet:<\/strong><\/p>\n<p>Son de bl\u00e9 biologique: Les extraits de son de bl\u00e9 contribuent \u00e0 la r\u00e9gularisation des troubles physiologiques cutan\u00e9s et alimentent la peau en substances essentielles. L\u2019\u00e9quilibre du pH est ainsi stabilis\u00e9 et la fonction de protection de la peau renforc\u00e9e.<\/p>\n<p>Farine de graines de lin: Entretient la souplesse de la peau et permet d\u2019\u00e9viter les irritations et la tension cutan\u00e9e.<\/p>\n<p>Petit-lait: Rend \u00e0 la peau sa douceur et son \u00e9lasticit\u00e9 sans la dess\u00e9cher.<\/p>\n<p>Camomille et mauve: Ont une action l\u00e9g\u00e8rement astringente et neutralisante<\/p>\n<p>Conservation: ne contient pas d\u2019agents conservateurs<\/p>\n<p>Parfum: sans parfum<\/p>\n<p>Embalage: Fibres \/ carton \/ sachet en PE<\/p>\n<p>Exp\u00e9riment sur animaux: Non<\/p>\n<p>No. d\u2019article Trybol SA: Bain naturel pour adultes, 20 x 35 g, BAL1310<\/p>\n<p>Bain doux pour b\u00e9b\u00e9, 25 x 20 g, BAL1311<\/p>\n<p>Soins naturels du teint, 40 x 12 g, BAL1312<\/p>\n","protected":false},"excerpt":{"rendered":"<p>Capacit\u00e9: 18 x 35 g<\/p>\n","protected":false},"featured_media":1928,"comment_status":"open","ping_status":"closed","template":"","meta":[],"product_brand":[],"product_cat":[57],"product_tag":[],"class_list":{"0":"post-2250","1":"product","2":"type-product","3":"status-publish","4":"has-post-thumbnail","6":"product_cat-balma-soins-de-bebe-et-de-corps","7":"product_shipping_class-normalprodukte-fr","10":"first","11":"instock","12":"taxable","13":"shipping-taxable","14":"purchasable","15":"product-type-simple"},"yoast_head":"<!-- This site is optimized with the Yoast SEO plugin v27.4 - https:\/\/yoast.com\/product\/yoast-seo-wordpress\/ -->\n<title>Balma Bain Naturel pour adultes, sachets - Trybol AG<\/title>\n<meta name=\"robots\" content=\"index, follow, max-snippet:-1, max-image-preview:large, max-video-preview:-1\" \/>\n<link rel=\"canonical\" href=\"https:\/\/www.trybol.ch\/fr\/shop\/balma-bain-naturel-pour-adultes-sachets\/\" \/>\n<meta property=\"og:locale\" content=\"fr_FR\" \/>\n<meta property=\"og:type\" content=\"article\" \/>\n<meta property=\"og:title\" content=\"Balma Bain Naturel pour adultes, sachets - Trybol AG\" \/>\n<meta property=\"og:description\" content=\"Capacit\u00e9: 18 x 35 g\" \/>\n<meta property=\"og:url\" content=\"https:\/\/www.trybol.ch\/fr\/shop\/balma-bain-naturel-pour-adultes-sachets\/\" \/>\n<meta property=\"og:site_name\" content=\"Trybol AG\" \/>\n<meta property=\"article:modified_time\" content=\"2017-09-04T14:23:29+00:00\" \/>\n<meta property=\"og:image\" content=\"https:\/\/www.trybol.ch\/wp-content\/uploads\/BAL1310-3.jpg\" \/>\n\t<meta property=\"og:image:width\" content=\"536\" \/>\n\t<meta property=\"og:image:height\" content=\"600\" \/>\n\t<meta property=\"og:image:type\" content=\"image\/jpeg\" \/>\n<meta name=\"twitter:card\" content=\"summary_large_image\" \/>\n<meta name=\"twitter:label1\" content=\"Dur\u00e9e de lecture estim\u00e9e\" \/>\n\t<meta name=\"twitter:data1\" content=\"1 minute\" \/>\n<script type=\"application\/ld+json\" class=\"yoast-schema-graph\">{\"@context\":\"https:\\\/\\\/schema.org\",\"@graph\":[{\"@type\":\"WebPage\",\"@id\":\"https:\\\/\\\/www.trybol.ch\\\/fr\\\/shop\\\/balma-bain-naturel-pour-adultes-sachets\\\/\",\"url\":\"https:\\\/\\\/www.trybol.ch\\\/fr\\\/shop\\\/balma-bain-naturel-pour-adultes-sachets\\\/\",\"name\":\"Balma Bain Naturel pour adultes, sachets - Trybol AG\",\"isPartOf\":{\"@id\":\"https:\\\/\\\/www.trybol.ch\\\/#website\"},\"primaryImageOfPage\":{\"@id\":\"https:\\\/\\\/www.trybol.ch\\\/fr\\\/shop\\\/balma-bain-naturel-pour-adultes-sachets\\\/#primaryimage\"},\"image\":{\"@id\":\"https:\\\/\\\/www.trybol.ch\\\/fr\\\/shop\\\/balma-bain-naturel-pour-adultes-sachets\\\/#primaryimage\"},\"thumbnailUrl\":\"https:\\\/\\\/www.trybol.ch\\\/wp-content\\\/uploads\\\/BAL1310-3.jpg\",\"datePublished\":\"2017-09-01T10:27:55+00:00\",\"dateModified\":\"2017-09-04T14:23:29+00:00\",\"breadcrumb\":{\"@id\":\"https:\\\/\\\/www.trybol.ch\\\/fr\\\/shop\\\/balma-bain-naturel-pour-adultes-sachets\\\/#breadcrumb\"},\"inLanguage\":\"fr-FR\",\"potentialAction\":[{\"@type\":\"ReadAction\",\"target\":[\"https:\\\/\\\/www.trybol.ch\\\/fr\\\/shop\\\/balma-bain-naturel-pour-adultes-sachets\\\/\"]}]},{\"@type\":\"ImageObject\",\"inLanguage\":\"fr-FR\",\"@id\":\"https:\\\/\\\/www.trybol.ch\\\/fr\\\/shop\\\/balma-bain-naturel-pour-adultes-sachets\\\/#primaryimage\",\"url\":\"https:\\\/\\\/www.trybol.ch\\\/wp-content\\\/uploads\\\/BAL1310-3.jpg\",\"contentUrl\":\"https:\\\/\\\/www.trybol.ch\\\/wp-content\\\/uploads\\\/BAL1310-3.jpg\",\"width\":608,\"height\":608},{\"@type\":\"BreadcrumbList\",\"@id\":\"https:\\\/\\\/www.trybol.ch\\\/fr\\\/shop\\\/balma-bain-naturel-pour-adultes-sachets\\\/#breadcrumb\",\"itemListElement\":[{\"@type\":\"ListItem\",\"position\":1,\"name\":\"Home\",\"item\":\"https:\\\/\\\/www.trybol.ch\\\/fr\\\/home\\\/\"},{\"@type\":\"ListItem\",\"position\":2,\"name\":\"Boutique\",\"item\":\"https:\\\/\\\/www.trybol.ch\\\/fr\\\/boutique\\\/\"},{\"@type\":\"ListItem\",\"position\":3,\"name\":\"Balma Bain Naturel pour adultes, sachets\"}]},{\"@type\":\"WebSite\",\"@id\":\"https:\\\/\\\/www.trybol.ch\\\/#website\",\"url\":\"https:\\\/\\\/www.trybol.ch\\\/\",\"name\":\"Trybol AG\",\"description\":\"Nat\u00fcrliche Schweizer Kosmetik- und Mundpflegeprodukte\",\"publisher\":{\"@id\":\"https:\\\/\\\/www.trybol.ch\\\/#organization\"},\"potentialAction\":[{\"@type\":\"SearchAction\",\"target\":{\"@type\":\"EntryPoint\",\"urlTemplate\":\"https:\\\/\\\/www.trybol.ch\\\/?s={search_term_string}\"},\"query-input\":{\"@type\":\"PropertyValueSpecification\",\"valueRequired\":true,\"valueName\":\"search_term_string\"}}],\"inLanguage\":\"fr-FR\"},{\"@type\":\"Organization\",\"@id\":\"https:\\\/\\\/www.trybol.ch\\\/#organization\",\"name\":\"Trybol AG\",\"url\":\"https:\\\/\\\/www.trybol.ch\\\/\",\"logo\":{\"@type\":\"ImageObject\",\"inLanguage\":\"fr-FR\",\"@id\":\"https:\\\/\\\/www.trybol.ch\\\/#\\\/schema\\\/logo\\\/image\\\/\",\"url\":\"https:\\\/\\\/trybol.ch\\\/wp-content\\\/uploads\\\/trybol_rgb-min.png\",\"contentUrl\":\"https:\\\/\\\/trybol.ch\\\/wp-content\\\/uploads\\\/trybol_rgb-min.png\",\"width\":560,\"height\":220,\"caption\":\"Trybol AG\"},\"image\":{\"@id\":\"https:\\\/\\\/www.trybol.ch\\\/#\\\/schema\\\/logo\\\/image\\\/\"}}]}<\/script>\n<!-- \/ Yoast SEO plugin. -->","yoast_head_json":{"title":"Balma Bain Naturel pour adultes, sachets - Trybol AG","robots":{"index":"index","follow":"follow","max-snippet":"max-snippet:-1","max-image-preview":"max-image-preview:large","max-video-preview":"max-video-preview:-1"},"canonical":"https:\/\/www.trybol.ch\/fr\/shop\/balma-bain-naturel-pour-adultes-sachets\/","og_locale":"fr_FR","og_type":"article","og_title":"Balma Bain Naturel pour adultes, sachets - Trybol AG","og_description":"Capacit\u00e9: 18 x 35 g","og_url":"https:\/\/www.trybol.ch\/fr\/shop\/balma-bain-naturel-pour-adultes-sachets\/","og_site_name":"Trybol AG","article_modified_time":"2017-09-04T14:23:29+00:00","og_image":[{"width":536,"height":600,"url":"https:\/\/www.trybol.ch\/wp-content\/uploads\/BAL1310-3.jpg","type":"image\/jpeg"}],"twitter_card":"summary_large_image","twitter_misc":{"Dur\u00e9e de lecture estim\u00e9e":"1 minute"},"schema":{"@context":"https:\/\/schema.org","@graph":[{"@type":"WebPage","@id":"https:\/\/www.trybol.ch\/fr\/shop\/balma-bain-naturel-pour-adultes-sachets\/","url":"https:\/\/www.trybol.ch\/fr\/shop\/balma-bain-naturel-pour-adultes-sachets\/","name":"Balma Bain Naturel pour adultes, sachets - Trybol AG","isPartOf":{"@id":"https:\/\/www.trybol.ch\/#website"},"primaryImageOfPage":{"@id":"https:\/\/www.trybol.ch\/fr\/shop\/balma-bain-naturel-pour-adultes-sachets\/#primaryimage"},"image":{"@id":"https:\/\/www.trybol.ch\/fr\/shop\/balma-bain-naturel-pour-adultes-sachets\/#primaryimage"},"thumbnailUrl":"https:\/\/www.trybol.ch\/wp-content\/uploads\/BAL1310-3.jpg","datePublished":"2017-09-01T10:27:55+00:00","dateModified":"2017-09-04T14:23:29+00:00","breadcrumb":{"@id":"https:\/\/www.trybol.ch\/fr\/shop\/balma-bain-naturel-pour-adultes-sachets\/#breadcrumb"},"inLanguage":"fr-FR","potentialAction":[{"@type":"ReadAction","target":["https:\/\/www.trybol.ch\/fr\/shop\/balma-bain-naturel-pour-adultes-sachets\/"]}]},{"@type":"ImageObject","inLanguage":"fr-FR","@id":"https:\/\/www.trybol.ch\/fr\/shop\/balma-bain-naturel-pour-adultes-sachets\/#primaryimage","url":"https:\/\/www.trybol.ch\/wp-content\/uploads\/BAL1310-3.jpg","contentUrl":"https:\/\/www.trybol.ch\/wp-content\/uploads\/BAL1310-3.jpg","width":608,"height":608},{"@type":"BreadcrumbList","@id":"https:\/\/www.trybol.ch\/fr\/shop\/balma-bain-naturel-pour-adultes-sachets\/#breadcrumb","itemListElement":[{"@type":"ListItem","position":1,"name":"Home","item":"https:\/\/www.trybol.ch\/fr\/home\/"},{"@type":"ListItem","position":2,"name":"Boutique","item":"https:\/\/www.trybol.ch\/fr\/boutique\/"},{"@type":"ListItem","position":3,"name":"Balma Bain Naturel pour adultes, sachets"}]},{"@type":"WebSite","@id":"https:\/\/www.trybol.ch\/#website","url":"https:\/\/www.trybol.ch\/","name":"Trybol AG","description":"Nat\u00fcrliche Schweizer Kosmetik- und Mundpflegeprodukte","publisher":{"@id":"https:\/\/www.trybol.ch\/#organization"},"potentialAction":[{"@type":"SearchAction","target":{"@type":"EntryPoint","urlTemplate":"https:\/\/www.trybol.ch\/?s={search_term_string}"},"query-input":{"@type":"PropertyValueSpecification","valueRequired":true,"valueName":"search_term_string"}}],"inLanguage":"fr-FR"},{"@type":"Organization","@id":"https:\/\/www.trybol.ch\/#organization","name":"Trybol AG","url":"https:\/\/www.trybol.ch\/","logo":{"@type":"ImageObject","inLanguage":"fr-FR","@id":"https:\/\/www.trybol.ch\/#\/schema\/logo\/image\/","url":"https:\/\/trybol.ch\/wp-content\/uploads\/trybol_rgb-min.png","contentUrl":"https:\/\/trybol.ch\/wp-content\/uploads\/trybol_rgb-min.png","width":560,"height":220,"caption":"Trybol AG"},"image":{"@id":"https:\/\/www.trybol.ch\/#\/schema\/logo\/image\/"}}]}},"_links":{"self":[{"href":"https:\/\/www.trybol.ch\/fr\/wp-json\/wp\/v2\/product\/2250","targetHints":{"allow":["GET"]}}],"collection":[{"href":"https:\/\/www.trybol.ch\/fr\/wp-json\/wp\/v2\/product"}],"about":[{"href":"https:\/\/www.trybol.ch\/fr\/wp-json\/wp\/v2\/types\/product"}],"replies":[{"embeddable":true,"href":"https:\/\/www.trybol.ch\/fr\/wp-json\/wp\/v2\/comments?post=2250"}],"wp:featuredmedia":[{"embeddable":true,"href":"https:\/\/www.trybol.ch\/fr\/wp-json\/wp\/v2\/media\/1928"}],"wp:attachment":[{"href":"https:\/\/www.trybol.ch\/fr\/wp-json\/wp\/v2\/media?parent=2250"}],"wp:term":[{"taxonomy":"product_brand","embeddable":true,"href":"https:\/\/www.trybol.ch\/fr\/wp-json\/wp\/v2\/product_brand?post=2250"},{"taxonomy":"product_cat","embeddable":true,"href":"https:\/\/www.trybol.ch\/fr\/wp-json\/wp\/v2\/product_cat?post=2250"},{"taxonomy":"product_tag","embeddable":true,"href":"https:\/\/www.trybol.ch\/fr\/wp-json\/wp\/v2\/product_tag?post=2250"}],"curies":[{"name":"wp","href":"https:\/\/api.w.org\/{rel}","templated":true}]}}