{"id":2249,"date":"2017-09-01T11:26:54","date_gmt":"2017-09-01T09:26:54","guid":{"rendered":"https:\/\/trybol.ch\/shop\/balma-bain-doux-aux-sons-pour-bebes-liquide\/"},"modified":"2026-03-05T08:44:34","modified_gmt":"2026-03-05T07:44:34","slug":"balma-bain-doux-aux-sons-pour-bebes-liquide","status":"publish","type":"product","link":"https:\/\/www.trybol.ch\/fr\/shop\/balma-bain-doux-aux-sons-pour-bebes-liquide\/","title":{"rendered":"Balma Bain doux aux sons pour b\u00e9b\u00e9s, liquide"},"content":{"rendered":"<p><strong>Desciption: <\/strong>Rend l\u2019eau du bain douce et laiteuse, nettoie et soigne les peaux d\u00e9licates sans les irriter. Prot\u00e8ge des blessures, des rougeurs et des irritations. Stabilise l\u2019\u00e9quilibre du pH de la peau. Le bain traitant pour toute la famille.<\/p>\n<p><strong>Application: <\/strong>suffit pour 30 &#8211; 40 bains doux et sains<\/p>\n<p><strong>Composition: Effet:<\/strong><\/p>\n<p>Extrait de son de froment: Cet extrait soigne et r\u00e9g\u00e9n\u00e8re la peau qui conserve ainsi sa souplesse. Il pr\u00e9serve \u00e9galement la peau des irritations.<\/p>\n<p>Concentr\u00e9 de prot\u00e9ines: Le concentr\u00e9 de prot\u00e9ines aux acides amin\u00e9s sert de reconstituant de l\u2019\u00e9piderme.<\/p>\n<p>Compos\u00e9 d\u2019huile de soja: Le compos\u00e9 d\u2019huile de soja redonne \u00e0 la peau sa graisse naturelle.<\/p>\n<p>Conservation: Tr\u00e8s petite concentration de 0,1 % de chloracetamide.<\/p>\n<p>Parfum: Crematest Parfum &#8211; le parfum est test\u00e9 dermatologiquement.<\/p>\n<p>&nbsp;<\/p>\n","protected":false},"excerpt":{"rendered":"<p>Capacit\u00e9: 500 ml<\/p>\n","protected":false},"featured_media":1924,"comment_status":"open","ping_status":"closed","template":"","meta":[],"product_brand":[],"product_cat":[57],"product_tag":[],"class_list":{"0":"post-2249","1":"product","2":"type-product","3":"status-publish","4":"has-post-thumbnail","6":"product_cat-balma-soins-de-bebe-et-de-corps","7":"product_shipping_class-normalprodukte-fr","10":"first","11":"instock","12":"taxable","13":"shipping-taxable","14":"purchasable","15":"product-type-simple"},"yoast_head":"<!-- This site is optimized with the Yoast SEO plugin v27.4 - https:\/\/yoast.com\/product\/yoast-seo-wordpress\/ -->\n<title>Balma Bain doux aux sons pour b\u00e9b\u00e9s, liquide - Trybol AG<\/title>\n<meta name=\"robots\" content=\"index, follow, max-snippet:-1, max-image-preview:large, max-video-preview:-1\" \/>\n<link rel=\"canonical\" href=\"https:\/\/www.trybol.ch\/fr\/shop\/balma-bain-doux-aux-sons-pour-bebes-liquide\/\" \/>\n<meta property=\"og:locale\" content=\"fr_FR\" \/>\n<meta property=\"og:type\" content=\"article\" \/>\n<meta property=\"og:title\" content=\"Balma Bain doux aux sons pour b\u00e9b\u00e9s, liquide - Trybol AG\" \/>\n<meta property=\"og:description\" content=\"Capacit\u00e9: 500 ml\" \/>\n<meta property=\"og:url\" content=\"https:\/\/www.trybol.ch\/fr\/shop\/balma-bain-doux-aux-sons-pour-bebes-liquide\/\" \/>\n<meta property=\"og:site_name\" content=\"Trybol AG\" \/>\n<meta property=\"article:modified_time\" content=\"2026-03-05T07:44:34+00:00\" \/>\n<meta property=\"og:image\" content=\"https:\/\/www.trybol.ch\/wp-content\/uploads\/BAL1304-3.jpg\" \/>\n\t<meta property=\"og:image:width\" content=\"607\" \/>\n\t<meta property=\"og:image:height\" content=\"607\" \/>\n\t<meta property=\"og:image:type\" content=\"image\/jpeg\" \/>\n<meta name=\"twitter:card\" content=\"summary_large_image\" \/>\n<meta name=\"twitter:label1\" content=\"Dur\u00e9e de lecture estim\u00e9e\" \/>\n\t<meta name=\"twitter:data1\" content=\"1 minute\" \/>\n<script type=\"application\/ld+json\" class=\"yoast-schema-graph\">{\"@context\":\"https:\\\/\\\/schema.org\",\"@graph\":[{\"@type\":\"WebPage\",\"@id\":\"https:\\\/\\\/www.trybol.ch\\\/fr\\\/shop\\\/balma-bain-doux-aux-sons-pour-bebes-liquide\\\/\",\"url\":\"https:\\\/\\\/www.trybol.ch\\\/fr\\\/shop\\\/balma-bain-doux-aux-sons-pour-bebes-liquide\\\/\",\"name\":\"Balma Bain doux aux sons pour b\u00e9b\u00e9s, liquide - Trybol AG\",\"isPartOf\":{\"@id\":\"https:\\\/\\\/www.trybol.ch\\\/#website\"},\"primaryImageOfPage\":{\"@id\":\"https:\\\/\\\/www.trybol.ch\\\/fr\\\/shop\\\/balma-bain-doux-aux-sons-pour-bebes-liquide\\\/#primaryimage\"},\"image\":{\"@id\":\"https:\\\/\\\/www.trybol.ch\\\/fr\\\/shop\\\/balma-bain-doux-aux-sons-pour-bebes-liquide\\\/#primaryimage\"},\"thumbnailUrl\":\"https:\\\/\\\/www.trybol.ch\\\/wp-content\\\/uploads\\\/BAL1304-3.jpg\",\"datePublished\":\"2017-09-01T09:26:54+00:00\",\"dateModified\":\"2026-03-05T07:44:34+00:00\",\"breadcrumb\":{\"@id\":\"https:\\\/\\\/www.trybol.ch\\\/fr\\\/shop\\\/balma-bain-doux-aux-sons-pour-bebes-liquide\\\/#breadcrumb\"},\"inLanguage\":\"fr-FR\",\"potentialAction\":[{\"@type\":\"ReadAction\",\"target\":[\"https:\\\/\\\/www.trybol.ch\\\/fr\\\/shop\\\/balma-bain-doux-aux-sons-pour-bebes-liquide\\\/\"]}]},{\"@type\":\"ImageObject\",\"inLanguage\":\"fr-FR\",\"@id\":\"https:\\\/\\\/www.trybol.ch\\\/fr\\\/shop\\\/balma-bain-doux-aux-sons-pour-bebes-liquide\\\/#primaryimage\",\"url\":\"https:\\\/\\\/www.trybol.ch\\\/wp-content\\\/uploads\\\/BAL1304-3.jpg\",\"contentUrl\":\"https:\\\/\\\/www.trybol.ch\\\/wp-content\\\/uploads\\\/BAL1304-3.jpg\",\"width\":607,\"height\":607},{\"@type\":\"BreadcrumbList\",\"@id\":\"https:\\\/\\\/www.trybol.ch\\\/fr\\\/shop\\\/balma-bain-doux-aux-sons-pour-bebes-liquide\\\/#breadcrumb\",\"itemListElement\":[{\"@type\":\"ListItem\",\"position\":1,\"name\":\"Home\",\"item\":\"https:\\\/\\\/www.trybol.ch\\\/fr\\\/home\\\/\"},{\"@type\":\"ListItem\",\"position\":2,\"name\":\"Boutique\",\"item\":\"https:\\\/\\\/www.trybol.ch\\\/fr\\\/boutique\\\/\"},{\"@type\":\"ListItem\",\"position\":3,\"name\":\"Balma Bain doux aux sons pour b\u00e9b\u00e9s, liquide\"}]},{\"@type\":\"WebSite\",\"@id\":\"https:\\\/\\\/www.trybol.ch\\\/#website\",\"url\":\"https:\\\/\\\/www.trybol.ch\\\/\",\"name\":\"Trybol AG\",\"description\":\"Nat\u00fcrliche Schweizer Kosmetik- und Mundpflegeprodukte\",\"publisher\":{\"@id\":\"https:\\\/\\\/www.trybol.ch\\\/#organization\"},\"potentialAction\":[{\"@type\":\"SearchAction\",\"target\":{\"@type\":\"EntryPoint\",\"urlTemplate\":\"https:\\\/\\\/www.trybol.ch\\\/?s={search_term_string}\"},\"query-input\":{\"@type\":\"PropertyValueSpecification\",\"valueRequired\":true,\"valueName\":\"search_term_string\"}}],\"inLanguage\":\"fr-FR\"},{\"@type\":\"Organization\",\"@id\":\"https:\\\/\\\/www.trybol.ch\\\/#organization\",\"name\":\"Trybol AG\",\"url\":\"https:\\\/\\\/www.trybol.ch\\\/\",\"logo\":{\"@type\":\"ImageObject\",\"inLanguage\":\"fr-FR\",\"@id\":\"https:\\\/\\\/www.trybol.ch\\\/#\\\/schema\\\/logo\\\/image\\\/\",\"url\":\"https:\\\/\\\/trybol.ch\\\/wp-content\\\/uploads\\\/trybol_rgb-min.png\",\"contentUrl\":\"https:\\\/\\\/trybol.ch\\\/wp-content\\\/uploads\\\/trybol_rgb-min.png\",\"width\":560,\"height\":220,\"caption\":\"Trybol AG\"},\"image\":{\"@id\":\"https:\\\/\\\/www.trybol.ch\\\/#\\\/schema\\\/logo\\\/image\\\/\"}}]}<\/script>\n<!-- \/ Yoast SEO plugin. -->","yoast_head_json":{"title":"Balma Bain doux aux sons pour b\u00e9b\u00e9s, liquide - Trybol AG","robots":{"index":"index","follow":"follow","max-snippet":"max-snippet:-1","max-image-preview":"max-image-preview:large","max-video-preview":"max-video-preview:-1"},"canonical":"https:\/\/www.trybol.ch\/fr\/shop\/balma-bain-doux-aux-sons-pour-bebes-liquide\/","og_locale":"fr_FR","og_type":"article","og_title":"Balma Bain doux aux sons pour b\u00e9b\u00e9s, liquide - Trybol AG","og_description":"Capacit\u00e9: 500 ml","og_url":"https:\/\/www.trybol.ch\/fr\/shop\/balma-bain-doux-aux-sons-pour-bebes-liquide\/","og_site_name":"Trybol AG","article_modified_time":"2026-03-05T07:44:34+00:00","og_image":[{"width":607,"height":607,"url":"https:\/\/www.trybol.ch\/wp-content\/uploads\/BAL1304-3.jpg","type":"image\/jpeg"}],"twitter_card":"summary_large_image","twitter_misc":{"Dur\u00e9e de lecture estim\u00e9e":"1 minute"},"schema":{"@context":"https:\/\/schema.org","@graph":[{"@type":"WebPage","@id":"https:\/\/www.trybol.ch\/fr\/shop\/balma-bain-doux-aux-sons-pour-bebes-liquide\/","url":"https:\/\/www.trybol.ch\/fr\/shop\/balma-bain-doux-aux-sons-pour-bebes-liquide\/","name":"Balma Bain doux aux sons pour b\u00e9b\u00e9s, liquide - Trybol AG","isPartOf":{"@id":"https:\/\/www.trybol.ch\/#website"},"primaryImageOfPage":{"@id":"https:\/\/www.trybol.ch\/fr\/shop\/balma-bain-doux-aux-sons-pour-bebes-liquide\/#primaryimage"},"image":{"@id":"https:\/\/www.trybol.ch\/fr\/shop\/balma-bain-doux-aux-sons-pour-bebes-liquide\/#primaryimage"},"thumbnailUrl":"https:\/\/www.trybol.ch\/wp-content\/uploads\/BAL1304-3.jpg","datePublished":"2017-09-01T09:26:54+00:00","dateModified":"2026-03-05T07:44:34+00:00","breadcrumb":{"@id":"https:\/\/www.trybol.ch\/fr\/shop\/balma-bain-doux-aux-sons-pour-bebes-liquide\/#breadcrumb"},"inLanguage":"fr-FR","potentialAction":[{"@type":"ReadAction","target":["https:\/\/www.trybol.ch\/fr\/shop\/balma-bain-doux-aux-sons-pour-bebes-liquide\/"]}]},{"@type":"ImageObject","inLanguage":"fr-FR","@id":"https:\/\/www.trybol.ch\/fr\/shop\/balma-bain-doux-aux-sons-pour-bebes-liquide\/#primaryimage","url":"https:\/\/www.trybol.ch\/wp-content\/uploads\/BAL1304-3.jpg","contentUrl":"https:\/\/www.trybol.ch\/wp-content\/uploads\/BAL1304-3.jpg","width":607,"height":607},{"@type":"BreadcrumbList","@id":"https:\/\/www.trybol.ch\/fr\/shop\/balma-bain-doux-aux-sons-pour-bebes-liquide\/#breadcrumb","itemListElement":[{"@type":"ListItem","position":1,"name":"Home","item":"https:\/\/www.trybol.ch\/fr\/home\/"},{"@type":"ListItem","position":2,"name":"Boutique","item":"https:\/\/www.trybol.ch\/fr\/boutique\/"},{"@type":"ListItem","position":3,"name":"Balma Bain doux aux sons pour b\u00e9b\u00e9s, liquide"}]},{"@type":"WebSite","@id":"https:\/\/www.trybol.ch\/#website","url":"https:\/\/www.trybol.ch\/","name":"Trybol AG","description":"Nat\u00fcrliche Schweizer Kosmetik- und Mundpflegeprodukte","publisher":{"@id":"https:\/\/www.trybol.ch\/#organization"},"potentialAction":[{"@type":"SearchAction","target":{"@type":"EntryPoint","urlTemplate":"https:\/\/www.trybol.ch\/?s={search_term_string}"},"query-input":{"@type":"PropertyValueSpecification","valueRequired":true,"valueName":"search_term_string"}}],"inLanguage":"fr-FR"},{"@type":"Organization","@id":"https:\/\/www.trybol.ch\/#organization","name":"Trybol AG","url":"https:\/\/www.trybol.ch\/","logo":{"@type":"ImageObject","inLanguage":"fr-FR","@id":"https:\/\/www.trybol.ch\/#\/schema\/logo\/image\/","url":"https:\/\/trybol.ch\/wp-content\/uploads\/trybol_rgb-min.png","contentUrl":"https:\/\/trybol.ch\/wp-content\/uploads\/trybol_rgb-min.png","width":560,"height":220,"caption":"Trybol AG"},"image":{"@id":"https:\/\/www.trybol.ch\/#\/schema\/logo\/image\/"}}]}},"_links":{"self":[{"href":"https:\/\/www.trybol.ch\/fr\/wp-json\/wp\/v2\/product\/2249","targetHints":{"allow":["GET"]}}],"collection":[{"href":"https:\/\/www.trybol.ch\/fr\/wp-json\/wp\/v2\/product"}],"about":[{"href":"https:\/\/www.trybol.ch\/fr\/wp-json\/wp\/v2\/types\/product"}],"replies":[{"embeddable":true,"href":"https:\/\/www.trybol.ch\/fr\/wp-json\/wp\/v2\/comments?post=2249"}],"wp:featuredmedia":[{"embeddable":true,"href":"https:\/\/www.trybol.ch\/fr\/wp-json\/wp\/v2\/media\/1924"}],"wp:attachment":[{"href":"https:\/\/www.trybol.ch\/fr\/wp-json\/wp\/v2\/media?parent=2249"}],"wp:term":[{"taxonomy":"product_brand","embeddable":true,"href":"https:\/\/www.trybol.ch\/fr\/wp-json\/wp\/v2\/product_brand?post=2249"},{"taxonomy":"product_cat","embeddable":true,"href":"https:\/\/www.trybol.ch\/fr\/wp-json\/wp\/v2\/product_cat?post=2249"},{"taxonomy":"product_tag","embeddable":true,"href":"https:\/\/www.trybol.ch\/fr\/wp-json\/wp\/v2\/product_tag?post=2249"}],"curies":[{"name":"wp","href":"https:\/\/api.w.org\/{rel}","templated":true}]}}