{"id":2247,"date":"2017-09-01T11:26:54","date_gmt":"2017-09-01T10:27:55","guid":{"rendered":"https:\/\/trybol.ch\/shop\/jobra-shampooing-aux-herbes\/"},"modified":"2017-09-07T17:05:16","modified_gmt":"2017-09-07T15:05:16","slug":"jobra-shampooing-aux-herbes","status":"publish","type":"product","link":"https:\/\/www.trybol.ch\/fr\/shop\/jobra-shampooing-aux-herbes\/","title":{"rendered":"Jobra Shampooing aux Herbes"},"content":{"rendered":"<p><strong>JOBRA Shampoing aux plantes JOB3943<\/strong><\/p>\n<p><strong>Description: <\/strong>Shampoing doux aux plantes, offrant un soin intense et complet \u00e0 tous les types de cheveux. Nettoie et prend soin des cheveux et du cuir chevelu. Retarde le regraissage des cheveux et pr\u00e9vient la formation des pellicules peu abondantes.<\/p>\n<p><strong>Utilisation:<\/strong> Bien nettoyer les cheveux \u00e0 l\u2019eau chaude. Appliquer le shampoing non dilu\u00e9 et faire mousser en massant. Rincer abondamment et r\u00e9p\u00e9ter.<\/p>\n<p><strong>Composants: Action:<\/strong><\/p>\n<p>Sodium lauryl sulfate, sulfate de laureth TEA:\u00a0Association de tensio-actifs qui nettoie sans irriter les glandes s\u00e9bac\u00e9es.<\/p>\n<p>Extraits de plantes (feuilles d\u2019ortie, racine de bardane, g\u00e9ranium,\u00a0tussilage): Ce complexe de plantes m\u00e9dicinales r\u00e9gule l\u2019activit\u00e9\u00a0des glandes s\u00e9bac\u00e9es et retarde le regraissage\u00a0des cheveux ainsi que la formation des pellicules.<\/p>\n<p>Panth\u00e9nol: Appartenant au groupe des vitamines B, le panth\u00e9nol pr\u00e9vient la k\u00e9ratinisation du cuir chevelu et contribue \u00e0 la bonne sant\u00e9 des cheveux et du cuir chevelu.<\/p>\n<p>Ce produit n\u2019a pas \u00e9t\u00e9 test\u00e9 sur les animaux.<\/p>\n<p>No d\u2019article Trybol SA: JOB3943 260 ml<\/p>\n<p>JOB3941 1 litre<\/p>\n<p>JOB3945 5 litre<\/p>\n","protected":false},"excerpt":{"rendered":"<p>contre les pellicules<\/p>\n<p>Capacit\u00e9: 250 ml<\/p>\n","protected":false},"featured_media":8082,"comment_status":"open","ping_status":"closed","template":"","meta":[],"product_brand":[],"product_cat":[60],"product_tag":[],"class_list":{"0":"post-2247","1":"product","2":"type-product","3":"status-publish","4":"has-post-thumbnail","6":"product_cat-jobra-soins-capillaires","7":"product_shipping_class-normalprodukte-fr","10":"first","11":"instock","12":"taxable","13":"shipping-taxable","14":"purchasable","15":"product-type-simple"},"yoast_head":"<!-- This site is optimized with the Yoast SEO plugin v27.4 - https:\/\/yoast.com\/product\/yoast-seo-wordpress\/ -->\n<title>Jobra Shampooing aux Herbes - Trybol AG<\/title>\n<meta name=\"robots\" content=\"index, follow, max-snippet:-1, max-image-preview:large, max-video-preview:-1\" \/>\n<link rel=\"canonical\" href=\"https:\/\/www.trybol.ch\/fr\/shop\/jobra-shampooing-aux-herbes\/\" \/>\n<meta property=\"og:locale\" content=\"fr_FR\" \/>\n<meta property=\"og:type\" content=\"article\" \/>\n<meta property=\"og:title\" content=\"Jobra Shampooing aux Herbes - Trybol AG\" \/>\n<meta property=\"og:description\" content=\"contre les pellicules  Capacit\u00e9: 250 ml\" \/>\n<meta property=\"og:url\" content=\"https:\/\/www.trybol.ch\/fr\/shop\/jobra-shampooing-aux-herbes\/\" \/>\n<meta property=\"og:site_name\" content=\"Trybol AG\" \/>\n<meta property=\"article:modified_time\" content=\"2017-09-07T15:05:16+00:00\" \/>\n<meta property=\"og:image\" content=\"https:\/\/www.trybol.ch\/wp-content\/uploads\/JOB3943-2.jpg\" \/>\n\t<meta property=\"og:image:width\" content=\"456\" \/>\n\t<meta property=\"og:image:height\" content=\"600\" \/>\n\t<meta property=\"og:image:type\" content=\"image\/jpeg\" \/>\n<meta name=\"twitter:card\" content=\"summary_large_image\" \/>\n<meta name=\"twitter:label1\" content=\"Dur\u00e9e de lecture estim\u00e9e\" \/>\n\t<meta name=\"twitter:data1\" content=\"1 minute\" \/>\n<script type=\"application\/ld+json\" class=\"yoast-schema-graph\">{\"@context\":\"https:\\\/\\\/schema.org\",\"@graph\":[{\"@type\":\"WebPage\",\"@id\":\"https:\\\/\\\/www.trybol.ch\\\/fr\\\/shop\\\/jobra-shampooing-aux-herbes\\\/\",\"url\":\"https:\\\/\\\/www.trybol.ch\\\/fr\\\/shop\\\/jobra-shampooing-aux-herbes\\\/\",\"name\":\"Jobra Shampooing aux Herbes - Trybol AG\",\"isPartOf\":{\"@id\":\"https:\\\/\\\/www.trybol.ch\\\/#website\"},\"primaryImageOfPage\":{\"@id\":\"https:\\\/\\\/www.trybol.ch\\\/fr\\\/shop\\\/jobra-shampooing-aux-herbes\\\/#primaryimage\"},\"image\":{\"@id\":\"https:\\\/\\\/www.trybol.ch\\\/fr\\\/shop\\\/jobra-shampooing-aux-herbes\\\/#primaryimage\"},\"thumbnailUrl\":\"https:\\\/\\\/www.trybol.ch\\\/wp-content\\\/uploads\\\/JOB3943-2024.jpg\",\"datePublished\":\"2017-09-01T10:27:55+00:00\",\"dateModified\":\"2017-09-07T15:05:16+00:00\",\"breadcrumb\":{\"@id\":\"https:\\\/\\\/www.trybol.ch\\\/fr\\\/shop\\\/jobra-shampooing-aux-herbes\\\/#breadcrumb\"},\"inLanguage\":\"fr-FR\",\"potentialAction\":[{\"@type\":\"ReadAction\",\"target\":[\"https:\\\/\\\/www.trybol.ch\\\/fr\\\/shop\\\/jobra-shampooing-aux-herbes\\\/\"]}]},{\"@type\":\"ImageObject\",\"inLanguage\":\"fr-FR\",\"@id\":\"https:\\\/\\\/www.trybol.ch\\\/fr\\\/shop\\\/jobra-shampooing-aux-herbes\\\/#primaryimage\",\"url\":\"https:\\\/\\\/www.trybol.ch\\\/wp-content\\\/uploads\\\/JOB3943-2024.jpg\",\"contentUrl\":\"https:\\\/\\\/www.trybol.ch\\\/wp-content\\\/uploads\\\/JOB3943-2024.jpg\",\"width\":1312,\"height\":1300},{\"@type\":\"BreadcrumbList\",\"@id\":\"https:\\\/\\\/www.trybol.ch\\\/fr\\\/shop\\\/jobra-shampooing-aux-herbes\\\/#breadcrumb\",\"itemListElement\":[{\"@type\":\"ListItem\",\"position\":1,\"name\":\"Home\",\"item\":\"https:\\\/\\\/www.trybol.ch\\\/fr\\\/home\\\/\"},{\"@type\":\"ListItem\",\"position\":2,\"name\":\"Boutique\",\"item\":\"https:\\\/\\\/www.trybol.ch\\\/fr\\\/boutique\\\/\"},{\"@type\":\"ListItem\",\"position\":3,\"name\":\"Jobra Shampooing aux Herbes\"}]},{\"@type\":\"WebSite\",\"@id\":\"https:\\\/\\\/www.trybol.ch\\\/#website\",\"url\":\"https:\\\/\\\/www.trybol.ch\\\/\",\"name\":\"Trybol AG\",\"description\":\"Nat\u00fcrliche Schweizer Kosmetik- und Mundpflegeprodukte\",\"publisher\":{\"@id\":\"https:\\\/\\\/www.trybol.ch\\\/#organization\"},\"potentialAction\":[{\"@type\":\"SearchAction\",\"target\":{\"@type\":\"EntryPoint\",\"urlTemplate\":\"https:\\\/\\\/www.trybol.ch\\\/?s={search_term_string}\"},\"query-input\":{\"@type\":\"PropertyValueSpecification\",\"valueRequired\":true,\"valueName\":\"search_term_string\"}}],\"inLanguage\":\"fr-FR\"},{\"@type\":\"Organization\",\"@id\":\"https:\\\/\\\/www.trybol.ch\\\/#organization\",\"name\":\"Trybol AG\",\"url\":\"https:\\\/\\\/www.trybol.ch\\\/\",\"logo\":{\"@type\":\"ImageObject\",\"inLanguage\":\"fr-FR\",\"@id\":\"https:\\\/\\\/www.trybol.ch\\\/#\\\/schema\\\/logo\\\/image\\\/\",\"url\":\"https:\\\/\\\/trybol.ch\\\/wp-content\\\/uploads\\\/trybol_rgb-min.png\",\"contentUrl\":\"https:\\\/\\\/trybol.ch\\\/wp-content\\\/uploads\\\/trybol_rgb-min.png\",\"width\":560,\"height\":220,\"caption\":\"Trybol AG\"},\"image\":{\"@id\":\"https:\\\/\\\/www.trybol.ch\\\/#\\\/schema\\\/logo\\\/image\\\/\"}}]}<\/script>\n<!-- \/ Yoast SEO plugin. -->","yoast_head_json":{"title":"Jobra Shampooing aux Herbes - Trybol AG","robots":{"index":"index","follow":"follow","max-snippet":"max-snippet:-1","max-image-preview":"max-image-preview:large","max-video-preview":"max-video-preview:-1"},"canonical":"https:\/\/www.trybol.ch\/fr\/shop\/jobra-shampooing-aux-herbes\/","og_locale":"fr_FR","og_type":"article","og_title":"Jobra Shampooing aux Herbes - Trybol AG","og_description":"contre les pellicules  Capacit\u00e9: 250 ml","og_url":"https:\/\/www.trybol.ch\/fr\/shop\/jobra-shampooing-aux-herbes\/","og_site_name":"Trybol AG","article_modified_time":"2017-09-07T15:05:16+00:00","og_image":[{"width":456,"height":600,"url":"https:\/\/www.trybol.ch\/wp-content\/uploads\/JOB3943-2.jpg","type":"image\/jpeg"}],"twitter_card":"summary_large_image","twitter_misc":{"Dur\u00e9e de lecture estim\u00e9e":"1 minute"},"schema":{"@context":"https:\/\/schema.org","@graph":[{"@type":"WebPage","@id":"https:\/\/www.trybol.ch\/fr\/shop\/jobra-shampooing-aux-herbes\/","url":"https:\/\/www.trybol.ch\/fr\/shop\/jobra-shampooing-aux-herbes\/","name":"Jobra Shampooing aux Herbes - Trybol AG","isPartOf":{"@id":"https:\/\/www.trybol.ch\/#website"},"primaryImageOfPage":{"@id":"https:\/\/www.trybol.ch\/fr\/shop\/jobra-shampooing-aux-herbes\/#primaryimage"},"image":{"@id":"https:\/\/www.trybol.ch\/fr\/shop\/jobra-shampooing-aux-herbes\/#primaryimage"},"thumbnailUrl":"https:\/\/www.trybol.ch\/wp-content\/uploads\/JOB3943-2024.jpg","datePublished":"2017-09-01T10:27:55+00:00","dateModified":"2017-09-07T15:05:16+00:00","breadcrumb":{"@id":"https:\/\/www.trybol.ch\/fr\/shop\/jobra-shampooing-aux-herbes\/#breadcrumb"},"inLanguage":"fr-FR","potentialAction":[{"@type":"ReadAction","target":["https:\/\/www.trybol.ch\/fr\/shop\/jobra-shampooing-aux-herbes\/"]}]},{"@type":"ImageObject","inLanguage":"fr-FR","@id":"https:\/\/www.trybol.ch\/fr\/shop\/jobra-shampooing-aux-herbes\/#primaryimage","url":"https:\/\/www.trybol.ch\/wp-content\/uploads\/JOB3943-2024.jpg","contentUrl":"https:\/\/www.trybol.ch\/wp-content\/uploads\/JOB3943-2024.jpg","width":1312,"height":1300},{"@type":"BreadcrumbList","@id":"https:\/\/www.trybol.ch\/fr\/shop\/jobra-shampooing-aux-herbes\/#breadcrumb","itemListElement":[{"@type":"ListItem","position":1,"name":"Home","item":"https:\/\/www.trybol.ch\/fr\/home\/"},{"@type":"ListItem","position":2,"name":"Boutique","item":"https:\/\/www.trybol.ch\/fr\/boutique\/"},{"@type":"ListItem","position":3,"name":"Jobra Shampooing aux Herbes"}]},{"@type":"WebSite","@id":"https:\/\/www.trybol.ch\/#website","url":"https:\/\/www.trybol.ch\/","name":"Trybol AG","description":"Nat\u00fcrliche Schweizer Kosmetik- und Mundpflegeprodukte","publisher":{"@id":"https:\/\/www.trybol.ch\/#organization"},"potentialAction":[{"@type":"SearchAction","target":{"@type":"EntryPoint","urlTemplate":"https:\/\/www.trybol.ch\/?s={search_term_string}"},"query-input":{"@type":"PropertyValueSpecification","valueRequired":true,"valueName":"search_term_string"}}],"inLanguage":"fr-FR"},{"@type":"Organization","@id":"https:\/\/www.trybol.ch\/#organization","name":"Trybol AG","url":"https:\/\/www.trybol.ch\/","logo":{"@type":"ImageObject","inLanguage":"fr-FR","@id":"https:\/\/www.trybol.ch\/#\/schema\/logo\/image\/","url":"https:\/\/trybol.ch\/wp-content\/uploads\/trybol_rgb-min.png","contentUrl":"https:\/\/trybol.ch\/wp-content\/uploads\/trybol_rgb-min.png","width":560,"height":220,"caption":"Trybol AG"},"image":{"@id":"https:\/\/www.trybol.ch\/#\/schema\/logo\/image\/"}}]}},"_links":{"self":[{"href":"https:\/\/www.trybol.ch\/fr\/wp-json\/wp\/v2\/product\/2247","targetHints":{"allow":["GET"]}}],"collection":[{"href":"https:\/\/www.trybol.ch\/fr\/wp-json\/wp\/v2\/product"}],"about":[{"href":"https:\/\/www.trybol.ch\/fr\/wp-json\/wp\/v2\/types\/product"}],"replies":[{"embeddable":true,"href":"https:\/\/www.trybol.ch\/fr\/wp-json\/wp\/v2\/comments?post=2247"}],"wp:featuredmedia":[{"embeddable":true,"href":"https:\/\/www.trybol.ch\/fr\/wp-json\/wp\/v2\/media\/8082"}],"wp:attachment":[{"href":"https:\/\/www.trybol.ch\/fr\/wp-json\/wp\/v2\/media?parent=2247"}],"wp:term":[{"taxonomy":"product_brand","embeddable":true,"href":"https:\/\/www.trybol.ch\/fr\/wp-json\/wp\/v2\/product_brand?post=2247"},{"taxonomy":"product_cat","embeddable":true,"href":"https:\/\/www.trybol.ch\/fr\/wp-json\/wp\/v2\/product_cat?post=2247"},{"taxonomy":"product_tag","embeddable":true,"href":"https:\/\/www.trybol.ch\/fr\/wp-json\/wp\/v2\/product_tag?post=2247"}],"curies":[{"name":"wp","href":"https:\/\/api.w.org\/{rel}","templated":true}]}}