{"id":2245,"date":"2017-09-01T11:26:54","date_gmt":"2017-09-01T10:27:55","guid":{"rendered":"https:\/\/trybol.ch\/shop\/jobra-shampooing-special-contre-les-pellicules\/"},"modified":"2017-09-07T17:03:32","modified_gmt":"2017-09-07T15:03:32","slug":"jobra-shampooing-special-contre-les-pellicules","status":"publish","type":"product","link":"https:\/\/www.trybol.ch\/fr\/shop\/jobra-shampooing-special-contre-les-pellicules\/","title":{"rendered":"Jobra Shampooing sp\u00e9cial contre les pellicules"},"content":{"rendered":"<p><strong>Description: <\/strong>Shampoing doux aux plantes, offrant un soin intense et complet \u00e0 tous les types de cheveux. Nettoie et prend soin des cheveux et du cuir chevelu. Retarde le regraissage des cheveux et pr\u00e9vient la formation des pellicules.<\/p>\n<p><strong>Utilisation: <\/strong>R\u00e9partir un peu de produit sur les cheveux mouill\u00e9s et faire mousser. Laisser agir quelques instants et r\u00e9p\u00e9ter l\u2019application si n\u00e9cessaire. Rincer abondamment les cheveux et les frictionner pour les s\u00e9cher. Appliquer ensuite la lotion capillaire Jobra et masser doucement.<\/p>\n<p><strong>Composants: Action:<\/strong><\/p>\n<p>Extraits de plantes (ortie, racine de bardane, g\u00e9ranium, tussilage): Stimule l\u2019activit\u00e9 des glandes s\u00e9bac\u00e9es.\u00a0Soin des cheveux en cas d\u2019application r\u00e9guli\u00e8re.\u00a0La formation des pellicules est notablement r\u00e9duite.<\/p>\n<p>Ce produit n\u2019a pas \u00e9t\u00e9 test\u00e9 sur les animaux.<\/p>\n<p>No d\u2019article Trybol SA: JOB3923 260 ml<\/p>\n<p>JOB3921 1 litre<\/p>\n<p>JOB3925 5 litre<\/p>\n","protected":false},"excerpt":{"rendered":"<p>contre les pellicules<\/p>\n<p>Capacit\u00e9: 250 ml<\/p>\n","protected":false},"featured_media":8076,"comment_status":"open","ping_status":"closed","template":"","meta":[],"product_brand":[],"product_cat":[60],"product_tag":[],"class_list":{"0":"post-2245","1":"product","2":"type-product","3":"status-publish","4":"has-post-thumbnail","6":"product_cat-jobra-soins-capillaires","7":"product_shipping_class-normalprodukte-fr","10":"first","11":"instock","12":"taxable","13":"shipping-taxable","14":"purchasable","15":"product-type-simple"},"yoast_head":"<!-- This site is optimized with the Yoast SEO plugin v27.4 - https:\/\/yoast.com\/product\/yoast-seo-wordpress\/ -->\n<title>Jobra Shampooing sp\u00e9cial contre les pellicules - Trybol AG<\/title>\n<meta name=\"robots\" content=\"index, follow, max-snippet:-1, max-image-preview:large, max-video-preview:-1\" \/>\n<link rel=\"canonical\" href=\"https:\/\/www.trybol.ch\/fr\/shop\/jobra-shampooing-special-contre-les-pellicules\/\" \/>\n<meta property=\"og:locale\" content=\"fr_FR\" \/>\n<meta property=\"og:type\" content=\"article\" \/>\n<meta property=\"og:title\" content=\"Jobra Shampooing sp\u00e9cial contre les pellicules - Trybol AG\" \/>\n<meta property=\"og:description\" content=\"contre les pellicules  Capacit\u00e9: 250 ml\" \/>\n<meta property=\"og:url\" content=\"https:\/\/www.trybol.ch\/fr\/shop\/jobra-shampooing-special-contre-les-pellicules\/\" \/>\n<meta property=\"og:site_name\" content=\"Trybol AG\" \/>\n<meta property=\"article:modified_time\" content=\"2017-09-07T15:03:32+00:00\" \/>\n<meta property=\"og:image\" content=\"https:\/\/www.trybol.ch\/wp-content\/uploads\/JOB3923-3.jpg\" \/>\n\t<meta property=\"og:image:width\" content=\"443\" \/>\n\t<meta property=\"og:image:height\" content=\"600\" \/>\n\t<meta property=\"og:image:type\" content=\"image\/jpeg\" \/>\n<meta name=\"twitter:card\" content=\"summary_large_image\" \/>\n<meta name=\"twitter:label1\" content=\"Dur\u00e9e de lecture estim\u00e9e\" \/>\n\t<meta name=\"twitter:data1\" content=\"1 minute\" \/>\n<script type=\"application\/ld+json\" class=\"yoast-schema-graph\">{\"@context\":\"https:\\\/\\\/schema.org\",\"@graph\":[{\"@type\":\"WebPage\",\"@id\":\"https:\\\/\\\/www.trybol.ch\\\/fr\\\/shop\\\/jobra-shampooing-special-contre-les-pellicules\\\/\",\"url\":\"https:\\\/\\\/www.trybol.ch\\\/fr\\\/shop\\\/jobra-shampooing-special-contre-les-pellicules\\\/\",\"name\":\"Jobra Shampooing sp\u00e9cial contre les pellicules - Trybol AG\",\"isPartOf\":{\"@id\":\"https:\\\/\\\/www.trybol.ch\\\/#website\"},\"primaryImageOfPage\":{\"@id\":\"https:\\\/\\\/www.trybol.ch\\\/fr\\\/shop\\\/jobra-shampooing-special-contre-les-pellicules\\\/#primaryimage\"},\"image\":{\"@id\":\"https:\\\/\\\/www.trybol.ch\\\/fr\\\/shop\\\/jobra-shampooing-special-contre-les-pellicules\\\/#primaryimage\"},\"thumbnailUrl\":\"https:\\\/\\\/www.trybol.ch\\\/wp-content\\\/uploads\\\/JOB3923-2024.jpg\",\"datePublished\":\"2017-09-01T10:27:55+00:00\",\"dateModified\":\"2017-09-07T15:03:32+00:00\",\"breadcrumb\":{\"@id\":\"https:\\\/\\\/www.trybol.ch\\\/fr\\\/shop\\\/jobra-shampooing-special-contre-les-pellicules\\\/#breadcrumb\"},\"inLanguage\":\"fr-FR\",\"potentialAction\":[{\"@type\":\"ReadAction\",\"target\":[\"https:\\\/\\\/www.trybol.ch\\\/fr\\\/shop\\\/jobra-shampooing-special-contre-les-pellicules\\\/\"]}]},{\"@type\":\"ImageObject\",\"inLanguage\":\"fr-FR\",\"@id\":\"https:\\\/\\\/www.trybol.ch\\\/fr\\\/shop\\\/jobra-shampooing-special-contre-les-pellicules\\\/#primaryimage\",\"url\":\"https:\\\/\\\/www.trybol.ch\\\/wp-content\\\/uploads\\\/JOB3923-2024.jpg\",\"contentUrl\":\"https:\\\/\\\/www.trybol.ch\\\/wp-content\\\/uploads\\\/JOB3923-2024.jpg\",\"width\":1034,\"height\":1102},{\"@type\":\"BreadcrumbList\",\"@id\":\"https:\\\/\\\/www.trybol.ch\\\/fr\\\/shop\\\/jobra-shampooing-special-contre-les-pellicules\\\/#breadcrumb\",\"itemListElement\":[{\"@type\":\"ListItem\",\"position\":1,\"name\":\"Home\",\"item\":\"https:\\\/\\\/www.trybol.ch\\\/fr\\\/home\\\/\"},{\"@type\":\"ListItem\",\"position\":2,\"name\":\"Boutique\",\"item\":\"https:\\\/\\\/www.trybol.ch\\\/fr\\\/boutique\\\/\"},{\"@type\":\"ListItem\",\"position\":3,\"name\":\"Jobra Shampooing sp\u00e9cial contre les pellicules\"}]},{\"@type\":\"WebSite\",\"@id\":\"https:\\\/\\\/www.trybol.ch\\\/#website\",\"url\":\"https:\\\/\\\/www.trybol.ch\\\/\",\"name\":\"Trybol AG\",\"description\":\"Nat\u00fcrliche Schweizer Kosmetik- und Mundpflegeprodukte\",\"publisher\":{\"@id\":\"https:\\\/\\\/www.trybol.ch\\\/#organization\"},\"potentialAction\":[{\"@type\":\"SearchAction\",\"target\":{\"@type\":\"EntryPoint\",\"urlTemplate\":\"https:\\\/\\\/www.trybol.ch\\\/?s={search_term_string}\"},\"query-input\":{\"@type\":\"PropertyValueSpecification\",\"valueRequired\":true,\"valueName\":\"search_term_string\"}}],\"inLanguage\":\"fr-FR\"},{\"@type\":\"Organization\",\"@id\":\"https:\\\/\\\/www.trybol.ch\\\/#organization\",\"name\":\"Trybol AG\",\"url\":\"https:\\\/\\\/www.trybol.ch\\\/\",\"logo\":{\"@type\":\"ImageObject\",\"inLanguage\":\"fr-FR\",\"@id\":\"https:\\\/\\\/www.trybol.ch\\\/#\\\/schema\\\/logo\\\/image\\\/\",\"url\":\"https:\\\/\\\/trybol.ch\\\/wp-content\\\/uploads\\\/trybol_rgb-min.png\",\"contentUrl\":\"https:\\\/\\\/trybol.ch\\\/wp-content\\\/uploads\\\/trybol_rgb-min.png\",\"width\":560,\"height\":220,\"caption\":\"Trybol AG\"},\"image\":{\"@id\":\"https:\\\/\\\/www.trybol.ch\\\/#\\\/schema\\\/logo\\\/image\\\/\"}}]}<\/script>\n<!-- \/ Yoast SEO plugin. -->","yoast_head_json":{"title":"Jobra Shampooing sp\u00e9cial contre les pellicules - Trybol AG","robots":{"index":"index","follow":"follow","max-snippet":"max-snippet:-1","max-image-preview":"max-image-preview:large","max-video-preview":"max-video-preview:-1"},"canonical":"https:\/\/www.trybol.ch\/fr\/shop\/jobra-shampooing-special-contre-les-pellicules\/","og_locale":"fr_FR","og_type":"article","og_title":"Jobra Shampooing sp\u00e9cial contre les pellicules - Trybol AG","og_description":"contre les pellicules  Capacit\u00e9: 250 ml","og_url":"https:\/\/www.trybol.ch\/fr\/shop\/jobra-shampooing-special-contre-les-pellicules\/","og_site_name":"Trybol AG","article_modified_time":"2017-09-07T15:03:32+00:00","og_image":[{"width":443,"height":600,"url":"https:\/\/www.trybol.ch\/wp-content\/uploads\/JOB3923-3.jpg","type":"image\/jpeg"}],"twitter_card":"summary_large_image","twitter_misc":{"Dur\u00e9e de lecture estim\u00e9e":"1 minute"},"schema":{"@context":"https:\/\/schema.org","@graph":[{"@type":"WebPage","@id":"https:\/\/www.trybol.ch\/fr\/shop\/jobra-shampooing-special-contre-les-pellicules\/","url":"https:\/\/www.trybol.ch\/fr\/shop\/jobra-shampooing-special-contre-les-pellicules\/","name":"Jobra Shampooing sp\u00e9cial contre les pellicules - Trybol AG","isPartOf":{"@id":"https:\/\/www.trybol.ch\/#website"},"primaryImageOfPage":{"@id":"https:\/\/www.trybol.ch\/fr\/shop\/jobra-shampooing-special-contre-les-pellicules\/#primaryimage"},"image":{"@id":"https:\/\/www.trybol.ch\/fr\/shop\/jobra-shampooing-special-contre-les-pellicules\/#primaryimage"},"thumbnailUrl":"https:\/\/www.trybol.ch\/wp-content\/uploads\/JOB3923-2024.jpg","datePublished":"2017-09-01T10:27:55+00:00","dateModified":"2017-09-07T15:03:32+00:00","breadcrumb":{"@id":"https:\/\/www.trybol.ch\/fr\/shop\/jobra-shampooing-special-contre-les-pellicules\/#breadcrumb"},"inLanguage":"fr-FR","potentialAction":[{"@type":"ReadAction","target":["https:\/\/www.trybol.ch\/fr\/shop\/jobra-shampooing-special-contre-les-pellicules\/"]}]},{"@type":"ImageObject","inLanguage":"fr-FR","@id":"https:\/\/www.trybol.ch\/fr\/shop\/jobra-shampooing-special-contre-les-pellicules\/#primaryimage","url":"https:\/\/www.trybol.ch\/wp-content\/uploads\/JOB3923-2024.jpg","contentUrl":"https:\/\/www.trybol.ch\/wp-content\/uploads\/JOB3923-2024.jpg","width":1034,"height":1102},{"@type":"BreadcrumbList","@id":"https:\/\/www.trybol.ch\/fr\/shop\/jobra-shampooing-special-contre-les-pellicules\/#breadcrumb","itemListElement":[{"@type":"ListItem","position":1,"name":"Home","item":"https:\/\/www.trybol.ch\/fr\/home\/"},{"@type":"ListItem","position":2,"name":"Boutique","item":"https:\/\/www.trybol.ch\/fr\/boutique\/"},{"@type":"ListItem","position":3,"name":"Jobra Shampooing sp\u00e9cial contre les pellicules"}]},{"@type":"WebSite","@id":"https:\/\/www.trybol.ch\/#website","url":"https:\/\/www.trybol.ch\/","name":"Trybol AG","description":"Nat\u00fcrliche Schweizer Kosmetik- und Mundpflegeprodukte","publisher":{"@id":"https:\/\/www.trybol.ch\/#organization"},"potentialAction":[{"@type":"SearchAction","target":{"@type":"EntryPoint","urlTemplate":"https:\/\/www.trybol.ch\/?s={search_term_string}"},"query-input":{"@type":"PropertyValueSpecification","valueRequired":true,"valueName":"search_term_string"}}],"inLanguage":"fr-FR"},{"@type":"Organization","@id":"https:\/\/www.trybol.ch\/#organization","name":"Trybol AG","url":"https:\/\/www.trybol.ch\/","logo":{"@type":"ImageObject","inLanguage":"fr-FR","@id":"https:\/\/www.trybol.ch\/#\/schema\/logo\/image\/","url":"https:\/\/trybol.ch\/wp-content\/uploads\/trybol_rgb-min.png","contentUrl":"https:\/\/trybol.ch\/wp-content\/uploads\/trybol_rgb-min.png","width":560,"height":220,"caption":"Trybol AG"},"image":{"@id":"https:\/\/www.trybol.ch\/#\/schema\/logo\/image\/"}}]}},"_links":{"self":[{"href":"https:\/\/www.trybol.ch\/fr\/wp-json\/wp\/v2\/product\/2245","targetHints":{"allow":["GET"]}}],"collection":[{"href":"https:\/\/www.trybol.ch\/fr\/wp-json\/wp\/v2\/product"}],"about":[{"href":"https:\/\/www.trybol.ch\/fr\/wp-json\/wp\/v2\/types\/product"}],"replies":[{"embeddable":true,"href":"https:\/\/www.trybol.ch\/fr\/wp-json\/wp\/v2\/comments?post=2245"}],"wp:featuredmedia":[{"embeddable":true,"href":"https:\/\/www.trybol.ch\/fr\/wp-json\/wp\/v2\/media\/8076"}],"wp:attachment":[{"href":"https:\/\/www.trybol.ch\/fr\/wp-json\/wp\/v2\/media?parent=2245"}],"wp:term":[{"taxonomy":"product_brand","embeddable":true,"href":"https:\/\/www.trybol.ch\/fr\/wp-json\/wp\/v2\/product_brand?post=2245"},{"taxonomy":"product_cat","embeddable":true,"href":"https:\/\/www.trybol.ch\/fr\/wp-json\/wp\/v2\/product_cat?post=2245"},{"taxonomy":"product_tag","embeddable":true,"href":"https:\/\/www.trybol.ch\/fr\/wp-json\/wp\/v2\/product_tag?post=2245"}],"curies":[{"name":"wp","href":"https:\/\/api.w.org\/{rel}","templated":true}]}}