{"id":2240,"date":"2017-09-01T11:26:54","date_gmt":"2017-09-01T10:27:42","guid":{"rendered":"https:\/\/trybol.ch\/shop\/trybol-spray-buccal-clip-fresh\/"},"modified":"2017-09-11T14:28:07","modified_gmt":"2017-09-11T12:28:07","slug":"trybol-spray-buccal-clip-fresh","status":"publish","type":"product","link":"https:\/\/www.trybol.ch\/fr\/shop\/trybol-spray-buccal-clip-fresh\/","title":{"rendered":"Trybol spray buccal clip-fresh"},"content":{"rendered":"<p><strong>Description<\/strong> Trybol spray buccal clip-fresh. Facile \u00e0 fixer sur les v\u00eatements, jeune, frais, d\u00e9sinvolte et attrayant, naturellement rafra\u00eechissant, rechargeable \u00e0 l\u2019aide de l\u2019Eau dentifrice aux plantes Trybol.<\/p>\n<p><strong>Mode d\u2019action<\/strong><\/p>\n<p>Sur votre uniforme ou v\u00eatement de travail \u00e0 fixer sur la poche ext\u00e9rieure &#8211; comme un stylo \u00e0 bille<\/p>\n<p>Pour tout le monde dans votre veste &#8211; toujours \u00e0 port\u00e9e de la main,<\/p>\n<p>Pour vos loisirs sur votre T-shirt &#8211; toujours disponible et bien en vue<\/p>\n<p>Pour l&rsquo;homme d&rsquo;affaires dans votre serviette &#8211; ne vous l\u00e2che jamais<\/p>\n<p>Pour les femmes actives dans votre sac &#8211; votre fid\u00e8le compagnon<\/p>\n<p>Pour les sportifs dans votre sac de sport &#8211; stimule et rafra\u00eechit<\/p>\n<p>Pour vos d\u00e9placements et voyages d&rsquo;affaires dans la bo\u00eete \u00e0 gants de votre voiture<\/p>\n<p>&#8211; avec tous vos objets quotidiens<\/p>\n<p>donc toujours disponible &#8211; toujours fid\u00e8le<\/p>\n<p>Il ressemble \u00e0 &#8211; votre stylo \u00e0 bille-clip pr\u00e9f\u00e9r\u00e9<\/p>\n<p>&#8211; votre Clip-Swatch<\/p>\n<p>&#8211; tout ce qu&rsquo;on pince<\/p>\n<p>et triplement \u00e9cologique<\/p>\n<p>car toujours rechargeable avec &#8211; l&rsquo;eau dentifrice Trybol originale aux plantes, 100 ml<\/p>\n<p>&#8211; l&rsquo;eau dentifrice aux plantes, flacon de voyage, 20 ml<\/p>\n<p>Contenu du set Trybol spray buccal clip-fresh 8ml, 1 Trybol eau dentifrice aux plantes 20ml, 1 entonnoir (dans un emballage transparent)<\/p>\n<p>Emballage Spray buccal bleu (TRY1050B)<\/p>\n","protected":false},"excerpt":{"rendered":"<p>Description Trybol spray buccal clip-fresh. Facile \u00e0 fixer sur les v\u00eatements, jeune, frais, d\u00e9sinvolte et attrayant, naturellement rafra\u00eechissant, rechargeable \u00e0 l\u2019aide de l\u2019Eau dentifrice aux plantes Trybol. Mode d\u2019action Sur votre uniforme ou v\u00eatement de travail \u00e0 fixer sur la poche ext\u00e9rieure &#8211; comme un stylo \u00e0 bille Pour tout le monde dans votre veste &#8211; toujours \u00e0 port\u00e9e de &#8230; <a href=\"https:\/\/www.trybol.ch\/fr\/shop\/trybol-spray-buccal-clip-fresh\/\" class=\"more-link\">Read More<\/a><\/p>\n","protected":false},"featured_media":1895,"comment_status":"open","ping_status":"closed","template":"","meta":[],"product_brand":[],"product_cat":[63],"product_tag":[],"class_list":{"0":"post-2240","1":"product","2":"type-product","3":"status-publish","4":"has-post-thumbnail","6":"product_cat-trybol-soins-buccaux","7":"product_shipping_class-normalprodukte-fr","8":"pa_color-bleu-fr","9":"pa_color-noir-fr","12":"first","13":"instock","14":"taxable","15":"shipping-taxable","16":"purchasable","17":"product-type-simple"},"yoast_head":"<!-- This site is optimized with the Yoast SEO plugin v27.4 - https:\/\/yoast.com\/product\/yoast-seo-wordpress\/ -->\n<title>Trybol spray buccal clip-fresh - Trybol AG<\/title>\n<meta name=\"robots\" content=\"index, follow, max-snippet:-1, max-image-preview:large, max-video-preview:-1\" \/>\n<link rel=\"canonical\" href=\"https:\/\/www.trybol.ch\/fr\/shop\/trybol-spray-buccal-clip-fresh\/\" \/>\n<meta property=\"og:locale\" content=\"fr_FR\" \/>\n<meta property=\"og:type\" content=\"article\" \/>\n<meta property=\"og:title\" content=\"Trybol spray buccal clip-fresh - Trybol AG\" \/>\n<meta property=\"og:description\" content=\"Description Trybol spray buccal clip-fresh. Facile \u00e0 fixer sur les v\u00eatements, jeune, frais, d\u00e9sinvolte et attrayant, naturellement rafra\u00eechissant, rechargeable \u00e0 l\u2019aide de l\u2019Eau dentifrice aux plantes Trybol. Mode d\u2019action Sur votre uniforme ou v\u00eatement de travail \u00e0 fixer sur la poche ext\u00e9rieure &#8211; comme un stylo \u00e0 bille Pour tout le monde dans votre veste &#8211; toujours \u00e0 port\u00e9e de ... Read More\" \/>\n<meta property=\"og:url\" content=\"https:\/\/www.trybol.ch\/fr\/shop\/trybol-spray-buccal-clip-fresh\/\" \/>\n<meta property=\"og:site_name\" content=\"Trybol AG\" \/>\n<meta property=\"article:modified_time\" content=\"2017-09-11T12:28:07+00:00\" \/>\n<meta property=\"og:image\" content=\"https:\/\/www.trybol.ch\/wp-content\/uploads\/TRY1050B-1-3.jpg\" \/>\n\t<meta property=\"og:image:width\" content=\"539\" \/>\n\t<meta property=\"og:image:height\" content=\"600\" \/>\n\t<meta property=\"og:image:type\" content=\"image\/jpeg\" \/>\n<meta name=\"twitter:card\" content=\"summary_large_image\" \/>\n<meta name=\"twitter:label1\" content=\"Dur\u00e9e de lecture estim\u00e9e\" \/>\n\t<meta name=\"twitter:data1\" content=\"1 minute\" \/>\n<script type=\"application\/ld+json\" class=\"yoast-schema-graph\">{\"@context\":\"https:\\\/\\\/schema.org\",\"@graph\":[{\"@type\":\"WebPage\",\"@id\":\"https:\\\/\\\/www.trybol.ch\\\/fr\\\/shop\\\/trybol-spray-buccal-clip-fresh\\\/\",\"url\":\"https:\\\/\\\/www.trybol.ch\\\/fr\\\/shop\\\/trybol-spray-buccal-clip-fresh\\\/\",\"name\":\"Trybol spray buccal clip-fresh - Trybol AG\",\"isPartOf\":{\"@id\":\"https:\\\/\\\/www.trybol.ch\\\/#website\"},\"primaryImageOfPage\":{\"@id\":\"https:\\\/\\\/www.trybol.ch\\\/fr\\\/shop\\\/trybol-spray-buccal-clip-fresh\\\/#primaryimage\"},\"image\":{\"@id\":\"https:\\\/\\\/www.trybol.ch\\\/fr\\\/shop\\\/trybol-spray-buccal-clip-fresh\\\/#primaryimage\"},\"thumbnailUrl\":\"https:\\\/\\\/www.trybol.ch\\\/wp-content\\\/uploads\\\/TRY1050B-1-3.jpg\",\"datePublished\":\"2017-09-01T10:27:42+00:00\",\"dateModified\":\"2017-09-11T12:28:07+00:00\",\"breadcrumb\":{\"@id\":\"https:\\\/\\\/www.trybol.ch\\\/fr\\\/shop\\\/trybol-spray-buccal-clip-fresh\\\/#breadcrumb\"},\"inLanguage\":\"fr-FR\",\"potentialAction\":[{\"@type\":\"ReadAction\",\"target\":[\"https:\\\/\\\/www.trybol.ch\\\/fr\\\/shop\\\/trybol-spray-buccal-clip-fresh\\\/\"]}]},{\"@type\":\"ImageObject\",\"inLanguage\":\"fr-FR\",\"@id\":\"https:\\\/\\\/www.trybol.ch\\\/fr\\\/shop\\\/trybol-spray-buccal-clip-fresh\\\/#primaryimage\",\"url\":\"https:\\\/\\\/www.trybol.ch\\\/wp-content\\\/uploads\\\/TRY1050B-1-3.jpg\",\"contentUrl\":\"https:\\\/\\\/www.trybol.ch\\\/wp-content\\\/uploads\\\/TRY1050B-1-3.jpg\",\"width\":607,\"height\":608},{\"@type\":\"BreadcrumbList\",\"@id\":\"https:\\\/\\\/www.trybol.ch\\\/fr\\\/shop\\\/trybol-spray-buccal-clip-fresh\\\/#breadcrumb\",\"itemListElement\":[{\"@type\":\"ListItem\",\"position\":1,\"name\":\"Home\",\"item\":\"https:\\\/\\\/www.trybol.ch\\\/fr\\\/home\\\/\"},{\"@type\":\"ListItem\",\"position\":2,\"name\":\"Boutique\",\"item\":\"https:\\\/\\\/www.trybol.ch\\\/fr\\\/boutique\\\/\"},{\"@type\":\"ListItem\",\"position\":3,\"name\":\"Trybol spray buccal clip-fresh\"}]},{\"@type\":\"WebSite\",\"@id\":\"https:\\\/\\\/www.trybol.ch\\\/#website\",\"url\":\"https:\\\/\\\/www.trybol.ch\\\/\",\"name\":\"Trybol AG\",\"description\":\"Nat\u00fcrliche Schweizer Kosmetik- und Mundpflegeprodukte\",\"publisher\":{\"@id\":\"https:\\\/\\\/www.trybol.ch\\\/#organization\"},\"potentialAction\":[{\"@type\":\"SearchAction\",\"target\":{\"@type\":\"EntryPoint\",\"urlTemplate\":\"https:\\\/\\\/www.trybol.ch\\\/?s={search_term_string}\"},\"query-input\":{\"@type\":\"PropertyValueSpecification\",\"valueRequired\":true,\"valueName\":\"search_term_string\"}}],\"inLanguage\":\"fr-FR\"},{\"@type\":\"Organization\",\"@id\":\"https:\\\/\\\/www.trybol.ch\\\/#organization\",\"name\":\"Trybol AG\",\"url\":\"https:\\\/\\\/www.trybol.ch\\\/\",\"logo\":{\"@type\":\"ImageObject\",\"inLanguage\":\"fr-FR\",\"@id\":\"https:\\\/\\\/www.trybol.ch\\\/#\\\/schema\\\/logo\\\/image\\\/\",\"url\":\"https:\\\/\\\/trybol.ch\\\/wp-content\\\/uploads\\\/trybol_rgb-min.png\",\"contentUrl\":\"https:\\\/\\\/trybol.ch\\\/wp-content\\\/uploads\\\/trybol_rgb-min.png\",\"width\":560,\"height\":220,\"caption\":\"Trybol AG\"},\"image\":{\"@id\":\"https:\\\/\\\/www.trybol.ch\\\/#\\\/schema\\\/logo\\\/image\\\/\"}}]}<\/script>\n<!-- \/ Yoast SEO plugin. -->","yoast_head_json":{"title":"Trybol spray buccal clip-fresh - Trybol AG","robots":{"index":"index","follow":"follow","max-snippet":"max-snippet:-1","max-image-preview":"max-image-preview:large","max-video-preview":"max-video-preview:-1"},"canonical":"https:\/\/www.trybol.ch\/fr\/shop\/trybol-spray-buccal-clip-fresh\/","og_locale":"fr_FR","og_type":"article","og_title":"Trybol spray buccal clip-fresh - Trybol AG","og_description":"Description Trybol spray buccal clip-fresh. Facile \u00e0 fixer sur les v\u00eatements, jeune, frais, d\u00e9sinvolte et attrayant, naturellement rafra\u00eechissant, rechargeable \u00e0 l\u2019aide de l\u2019Eau dentifrice aux plantes Trybol. Mode d\u2019action Sur votre uniforme ou v\u00eatement de travail \u00e0 fixer sur la poche ext\u00e9rieure &#8211; comme un stylo \u00e0 bille Pour tout le monde dans votre veste &#8211; toujours \u00e0 port\u00e9e de ... Read More","og_url":"https:\/\/www.trybol.ch\/fr\/shop\/trybol-spray-buccal-clip-fresh\/","og_site_name":"Trybol AG","article_modified_time":"2017-09-11T12:28:07+00:00","og_image":[{"width":539,"height":600,"url":"https:\/\/www.trybol.ch\/wp-content\/uploads\/TRY1050B-1-3.jpg","type":"image\/jpeg"}],"twitter_card":"summary_large_image","twitter_misc":{"Dur\u00e9e de lecture estim\u00e9e":"1 minute"},"schema":{"@context":"https:\/\/schema.org","@graph":[{"@type":"WebPage","@id":"https:\/\/www.trybol.ch\/fr\/shop\/trybol-spray-buccal-clip-fresh\/","url":"https:\/\/www.trybol.ch\/fr\/shop\/trybol-spray-buccal-clip-fresh\/","name":"Trybol spray buccal clip-fresh - Trybol AG","isPartOf":{"@id":"https:\/\/www.trybol.ch\/#website"},"primaryImageOfPage":{"@id":"https:\/\/www.trybol.ch\/fr\/shop\/trybol-spray-buccal-clip-fresh\/#primaryimage"},"image":{"@id":"https:\/\/www.trybol.ch\/fr\/shop\/trybol-spray-buccal-clip-fresh\/#primaryimage"},"thumbnailUrl":"https:\/\/www.trybol.ch\/wp-content\/uploads\/TRY1050B-1-3.jpg","datePublished":"2017-09-01T10:27:42+00:00","dateModified":"2017-09-11T12:28:07+00:00","breadcrumb":{"@id":"https:\/\/www.trybol.ch\/fr\/shop\/trybol-spray-buccal-clip-fresh\/#breadcrumb"},"inLanguage":"fr-FR","potentialAction":[{"@type":"ReadAction","target":["https:\/\/www.trybol.ch\/fr\/shop\/trybol-spray-buccal-clip-fresh\/"]}]},{"@type":"ImageObject","inLanguage":"fr-FR","@id":"https:\/\/www.trybol.ch\/fr\/shop\/trybol-spray-buccal-clip-fresh\/#primaryimage","url":"https:\/\/www.trybol.ch\/wp-content\/uploads\/TRY1050B-1-3.jpg","contentUrl":"https:\/\/www.trybol.ch\/wp-content\/uploads\/TRY1050B-1-3.jpg","width":607,"height":608},{"@type":"BreadcrumbList","@id":"https:\/\/www.trybol.ch\/fr\/shop\/trybol-spray-buccal-clip-fresh\/#breadcrumb","itemListElement":[{"@type":"ListItem","position":1,"name":"Home","item":"https:\/\/www.trybol.ch\/fr\/home\/"},{"@type":"ListItem","position":2,"name":"Boutique","item":"https:\/\/www.trybol.ch\/fr\/boutique\/"},{"@type":"ListItem","position":3,"name":"Trybol spray buccal clip-fresh"}]},{"@type":"WebSite","@id":"https:\/\/www.trybol.ch\/#website","url":"https:\/\/www.trybol.ch\/","name":"Trybol AG","description":"Nat\u00fcrliche Schweizer Kosmetik- und Mundpflegeprodukte","publisher":{"@id":"https:\/\/www.trybol.ch\/#organization"},"potentialAction":[{"@type":"SearchAction","target":{"@type":"EntryPoint","urlTemplate":"https:\/\/www.trybol.ch\/?s={search_term_string}"},"query-input":{"@type":"PropertyValueSpecification","valueRequired":true,"valueName":"search_term_string"}}],"inLanguage":"fr-FR"},{"@type":"Organization","@id":"https:\/\/www.trybol.ch\/#organization","name":"Trybol AG","url":"https:\/\/www.trybol.ch\/","logo":{"@type":"ImageObject","inLanguage":"fr-FR","@id":"https:\/\/www.trybol.ch\/#\/schema\/logo\/image\/","url":"https:\/\/trybol.ch\/wp-content\/uploads\/trybol_rgb-min.png","contentUrl":"https:\/\/trybol.ch\/wp-content\/uploads\/trybol_rgb-min.png","width":560,"height":220,"caption":"Trybol AG"},"image":{"@id":"https:\/\/www.trybol.ch\/#\/schema\/logo\/image\/"}}]}},"_links":{"self":[{"href":"https:\/\/www.trybol.ch\/fr\/wp-json\/wp\/v2\/product\/2240","targetHints":{"allow":["GET"]}}],"collection":[{"href":"https:\/\/www.trybol.ch\/fr\/wp-json\/wp\/v2\/product"}],"about":[{"href":"https:\/\/www.trybol.ch\/fr\/wp-json\/wp\/v2\/types\/product"}],"replies":[{"embeddable":true,"href":"https:\/\/www.trybol.ch\/fr\/wp-json\/wp\/v2\/comments?post=2240"}],"wp:featuredmedia":[{"embeddable":true,"href":"https:\/\/www.trybol.ch\/fr\/wp-json\/wp\/v2\/media\/1895"}],"wp:attachment":[{"href":"https:\/\/www.trybol.ch\/fr\/wp-json\/wp\/v2\/media?parent=2240"}],"wp:term":[{"taxonomy":"product_brand","embeddable":true,"href":"https:\/\/www.trybol.ch\/fr\/wp-json\/wp\/v2\/product_brand?post=2240"},{"taxonomy":"product_cat","embeddable":true,"href":"https:\/\/www.trybol.ch\/fr\/wp-json\/wp\/v2\/product_cat?post=2240"},{"taxonomy":"product_tag","embeddable":true,"href":"https:\/\/www.trybol.ch\/fr\/wp-json\/wp\/v2\/product_tag?post=2240"}],"curies":[{"name":"wp","href":"https:\/\/api.w.org\/{rel}","templated":true}]}}