{"id":2230,"date":"2017-09-01T11:26:43","date_gmt":"2017-09-01T10:27:42","guid":{"rendered":"https:\/\/trybol.ch\/shop\/trybol-dentifrice-aux-plantes-classic\/"},"modified":"2023-01-19T10:37:45","modified_gmt":"2023-01-19T09:37:45","slug":"trybol-dentifrice-aux-plantes-classic","status":"publish","type":"product","link":"https:\/\/www.trybol.ch\/fr\/shop\/trybol-dentifrice-aux-plantes-classic\/","title":{"rendered":"Trybol Dentifrice aux plantes Classic"},"content":{"rendered":"<p><strong>Description <\/strong>Dentifrice naturelle aux plantes avec camomille et avec carbonat de calzium naturel qui neutralise les acides nuisibles.<\/p>\n<p><strong>Composition et Effets<\/strong><\/p>\n<p>Extraits de camomille fortifient les gencives et ag\u00eet contre les inflammations.<\/p>\n<p>Extraits de myrrhe la myrrhe a une action l\u00e9g\u00e8rement d\u00e9sinfectante sur les muqueuses.<\/p>\n<p>Huiles essentielles de menthe, d\u2019anis et de girofle les huiles essentielles renforcent et soignent les gencives,\u00a0rendent l\u2019haleine fra\u00eeche, tout en agissant comme d\u00e9sinfectant l\u00e9ger.<\/p>\n<p>Carbonat de calzium neutralise les acides nuisibles.<\/p>\n<p>Natrium Monofluorphosphat le fluor exerce une action protectrice et prophylactique contre la carie et durcit l\u2019\u00e9mail des dents.<\/p>\n<p>Concentration de fluor 958 mg\/kg<\/p>\n<p>Conservateurs ne contient pas d\u2019agents conservateurs.<\/p>\n<p>pH 7,5 &#8211; 8,3<\/p>\n<p>Abrasivit\u00e9 valeur moyenne (3,0 MOHS)<\/p>\n<p>INCI: AQUA, CALCIUM CARBONATE, GLYCERIN, DICALCIUM PHOSPHATE DIHYDRATE, SILICA, XANTHAN GUM, COCAMIDOPROPYL BETAINE, AROMA, SODIUM MONOFLUOROPHOSPHATE, TOCOPHERYL ACETATE, SALVIA OFFICINALIS OIL, BISABOLOL, ANTHEMIS NOBILIS FLOWER EXTRACT, ECHINACEA PURPUREA ROOT EXTRACT, DECYL GLUCOSIDE, POTASSIUM ACESULFAME, CORN STARCH MODIFIED, MALTODEXTRIN, LIMONENE, LINALOOL, EUGENOL<\/p>\n<p>Emballage 100ml\/125g tube polyfoil avec membrane de s\u00e9curit\u00e9, sans emballage carton (Ref. TRY1016)<\/p>\n","protected":false},"excerpt":{"rendered":"<p>Capacit\u00e9: 100 ml<\/p>\n","protected":false},"featured_media":1874,"comment_status":"open","ping_status":"closed","template":"","meta":[],"product_brand":[],"product_cat":[63],"product_tag":[],"class_list":{"0":"post-2230","1":"product","2":"type-product","3":"status-publish","4":"has-post-thumbnail","6":"product_cat-trybol-soins-buccaux","7":"product_shipping_class-normalprodukte-fr","10":"first","11":"instock","12":"taxable","13":"shipping-taxable","14":"purchasable","15":"product-type-simple"},"yoast_head":"<!-- This site is optimized with the Yoast SEO plugin v27.4 - https:\/\/yoast.com\/product\/yoast-seo-wordpress\/ -->\n<title>Trybol Dentifrice aux plantes Classic - Trybol AG<\/title>\n<meta name=\"robots\" content=\"index, follow, max-snippet:-1, max-image-preview:large, max-video-preview:-1\" \/>\n<link rel=\"canonical\" href=\"https:\/\/www.trybol.ch\/fr\/shop\/trybol-dentifrice-aux-plantes-classic\/\" \/>\n<meta property=\"og:locale\" content=\"fr_FR\" \/>\n<meta property=\"og:type\" content=\"article\" \/>\n<meta property=\"og:title\" content=\"Trybol Dentifrice aux plantes Classic - Trybol AG\" \/>\n<meta property=\"og:description\" content=\"Capacit\u00e9: 100 ml\" \/>\n<meta property=\"og:url\" content=\"https:\/\/www.trybol.ch\/fr\/shop\/trybol-dentifrice-aux-plantes-classic\/\" \/>\n<meta property=\"og:site_name\" content=\"Trybol AG\" \/>\n<meta property=\"article:modified_time\" content=\"2023-01-19T09:37:45+00:00\" \/>\n<meta property=\"og:image\" content=\"https:\/\/www.trybol.ch\/wp-content\/uploads\/TRY1016-3.jpg\" \/>\n\t<meta property=\"og:image:width\" content=\"477\" \/>\n\t<meta property=\"og:image:height\" content=\"600\" \/>\n\t<meta property=\"og:image:type\" content=\"image\/jpeg\" \/>\n<meta name=\"twitter:card\" content=\"summary_large_image\" \/>\n<meta name=\"twitter:label1\" content=\"Dur\u00e9e de lecture estim\u00e9e\" \/>\n\t<meta name=\"twitter:data1\" content=\"1 minute\" \/>\n<script type=\"application\/ld+json\" class=\"yoast-schema-graph\">{\"@context\":\"https:\\\/\\\/schema.org\",\"@graph\":[{\"@type\":\"WebPage\",\"@id\":\"https:\\\/\\\/www.trybol.ch\\\/fr\\\/shop\\\/trybol-dentifrice-aux-plantes-classic\\\/\",\"url\":\"https:\\\/\\\/www.trybol.ch\\\/fr\\\/shop\\\/trybol-dentifrice-aux-plantes-classic\\\/\",\"name\":\"Trybol Dentifrice aux plantes Classic - Trybol AG\",\"isPartOf\":{\"@id\":\"https:\\\/\\\/www.trybol.ch\\\/#website\"},\"primaryImageOfPage\":{\"@id\":\"https:\\\/\\\/www.trybol.ch\\\/fr\\\/shop\\\/trybol-dentifrice-aux-plantes-classic\\\/#primaryimage\"},\"image\":{\"@id\":\"https:\\\/\\\/www.trybol.ch\\\/fr\\\/shop\\\/trybol-dentifrice-aux-plantes-classic\\\/#primaryimage\"},\"thumbnailUrl\":\"https:\\\/\\\/www.trybol.ch\\\/wp-content\\\/uploads\\\/TRY1016-3.jpg\",\"datePublished\":\"2017-09-01T10:27:42+00:00\",\"dateModified\":\"2023-01-19T09:37:45+00:00\",\"breadcrumb\":{\"@id\":\"https:\\\/\\\/www.trybol.ch\\\/fr\\\/shop\\\/trybol-dentifrice-aux-plantes-classic\\\/#breadcrumb\"},\"inLanguage\":\"fr-FR\",\"potentialAction\":[{\"@type\":\"ReadAction\",\"target\":[\"https:\\\/\\\/www.trybol.ch\\\/fr\\\/shop\\\/trybol-dentifrice-aux-plantes-classic\\\/\"]}]},{\"@type\":\"ImageObject\",\"inLanguage\":\"fr-FR\",\"@id\":\"https:\\\/\\\/www.trybol.ch\\\/fr\\\/shop\\\/trybol-dentifrice-aux-plantes-classic\\\/#primaryimage\",\"url\":\"https:\\\/\\\/www.trybol.ch\\\/wp-content\\\/uploads\\\/TRY1016-3.jpg\",\"contentUrl\":\"https:\\\/\\\/www.trybol.ch\\\/wp-content\\\/uploads\\\/TRY1016-3.jpg\",\"width\":607,\"height\":608},{\"@type\":\"BreadcrumbList\",\"@id\":\"https:\\\/\\\/www.trybol.ch\\\/fr\\\/shop\\\/trybol-dentifrice-aux-plantes-classic\\\/#breadcrumb\",\"itemListElement\":[{\"@type\":\"ListItem\",\"position\":1,\"name\":\"Home\",\"item\":\"https:\\\/\\\/www.trybol.ch\\\/fr\\\/home\\\/\"},{\"@type\":\"ListItem\",\"position\":2,\"name\":\"Boutique\",\"item\":\"https:\\\/\\\/www.trybol.ch\\\/fr\\\/boutique\\\/\"},{\"@type\":\"ListItem\",\"position\":3,\"name\":\"Trybol Dentifrice aux plantes Classic\"}]},{\"@type\":\"WebSite\",\"@id\":\"https:\\\/\\\/www.trybol.ch\\\/#website\",\"url\":\"https:\\\/\\\/www.trybol.ch\\\/\",\"name\":\"Trybol AG\",\"description\":\"Nat\u00fcrliche Schweizer Kosmetik- und Mundpflegeprodukte\",\"publisher\":{\"@id\":\"https:\\\/\\\/www.trybol.ch\\\/#organization\"},\"potentialAction\":[{\"@type\":\"SearchAction\",\"target\":{\"@type\":\"EntryPoint\",\"urlTemplate\":\"https:\\\/\\\/www.trybol.ch\\\/?s={search_term_string}\"},\"query-input\":{\"@type\":\"PropertyValueSpecification\",\"valueRequired\":true,\"valueName\":\"search_term_string\"}}],\"inLanguage\":\"fr-FR\"},{\"@type\":\"Organization\",\"@id\":\"https:\\\/\\\/www.trybol.ch\\\/#organization\",\"name\":\"Trybol AG\",\"url\":\"https:\\\/\\\/www.trybol.ch\\\/\",\"logo\":{\"@type\":\"ImageObject\",\"inLanguage\":\"fr-FR\",\"@id\":\"https:\\\/\\\/www.trybol.ch\\\/#\\\/schema\\\/logo\\\/image\\\/\",\"url\":\"https:\\\/\\\/trybol.ch\\\/wp-content\\\/uploads\\\/trybol_rgb-min.png\",\"contentUrl\":\"https:\\\/\\\/trybol.ch\\\/wp-content\\\/uploads\\\/trybol_rgb-min.png\",\"width\":560,\"height\":220,\"caption\":\"Trybol AG\"},\"image\":{\"@id\":\"https:\\\/\\\/www.trybol.ch\\\/#\\\/schema\\\/logo\\\/image\\\/\"}}]}<\/script>\n<!-- \/ Yoast SEO plugin. -->","yoast_head_json":{"title":"Trybol Dentifrice aux plantes Classic - Trybol AG","robots":{"index":"index","follow":"follow","max-snippet":"max-snippet:-1","max-image-preview":"max-image-preview:large","max-video-preview":"max-video-preview:-1"},"canonical":"https:\/\/www.trybol.ch\/fr\/shop\/trybol-dentifrice-aux-plantes-classic\/","og_locale":"fr_FR","og_type":"article","og_title":"Trybol Dentifrice aux plantes Classic - Trybol AG","og_description":"Capacit\u00e9: 100 ml","og_url":"https:\/\/www.trybol.ch\/fr\/shop\/trybol-dentifrice-aux-plantes-classic\/","og_site_name":"Trybol AG","article_modified_time":"2023-01-19T09:37:45+00:00","og_image":[{"width":477,"height":600,"url":"https:\/\/www.trybol.ch\/wp-content\/uploads\/TRY1016-3.jpg","type":"image\/jpeg"}],"twitter_card":"summary_large_image","twitter_misc":{"Dur\u00e9e de lecture estim\u00e9e":"1 minute"},"schema":{"@context":"https:\/\/schema.org","@graph":[{"@type":"WebPage","@id":"https:\/\/www.trybol.ch\/fr\/shop\/trybol-dentifrice-aux-plantes-classic\/","url":"https:\/\/www.trybol.ch\/fr\/shop\/trybol-dentifrice-aux-plantes-classic\/","name":"Trybol Dentifrice aux plantes Classic - Trybol AG","isPartOf":{"@id":"https:\/\/www.trybol.ch\/#website"},"primaryImageOfPage":{"@id":"https:\/\/www.trybol.ch\/fr\/shop\/trybol-dentifrice-aux-plantes-classic\/#primaryimage"},"image":{"@id":"https:\/\/www.trybol.ch\/fr\/shop\/trybol-dentifrice-aux-plantes-classic\/#primaryimage"},"thumbnailUrl":"https:\/\/www.trybol.ch\/wp-content\/uploads\/TRY1016-3.jpg","datePublished":"2017-09-01T10:27:42+00:00","dateModified":"2023-01-19T09:37:45+00:00","breadcrumb":{"@id":"https:\/\/www.trybol.ch\/fr\/shop\/trybol-dentifrice-aux-plantes-classic\/#breadcrumb"},"inLanguage":"fr-FR","potentialAction":[{"@type":"ReadAction","target":["https:\/\/www.trybol.ch\/fr\/shop\/trybol-dentifrice-aux-plantes-classic\/"]}]},{"@type":"ImageObject","inLanguage":"fr-FR","@id":"https:\/\/www.trybol.ch\/fr\/shop\/trybol-dentifrice-aux-plantes-classic\/#primaryimage","url":"https:\/\/www.trybol.ch\/wp-content\/uploads\/TRY1016-3.jpg","contentUrl":"https:\/\/www.trybol.ch\/wp-content\/uploads\/TRY1016-3.jpg","width":607,"height":608},{"@type":"BreadcrumbList","@id":"https:\/\/www.trybol.ch\/fr\/shop\/trybol-dentifrice-aux-plantes-classic\/#breadcrumb","itemListElement":[{"@type":"ListItem","position":1,"name":"Home","item":"https:\/\/www.trybol.ch\/fr\/home\/"},{"@type":"ListItem","position":2,"name":"Boutique","item":"https:\/\/www.trybol.ch\/fr\/boutique\/"},{"@type":"ListItem","position":3,"name":"Trybol Dentifrice aux plantes Classic"}]},{"@type":"WebSite","@id":"https:\/\/www.trybol.ch\/#website","url":"https:\/\/www.trybol.ch\/","name":"Trybol AG","description":"Nat\u00fcrliche Schweizer Kosmetik- und Mundpflegeprodukte","publisher":{"@id":"https:\/\/www.trybol.ch\/#organization"},"potentialAction":[{"@type":"SearchAction","target":{"@type":"EntryPoint","urlTemplate":"https:\/\/www.trybol.ch\/?s={search_term_string}"},"query-input":{"@type":"PropertyValueSpecification","valueRequired":true,"valueName":"search_term_string"}}],"inLanguage":"fr-FR"},{"@type":"Organization","@id":"https:\/\/www.trybol.ch\/#organization","name":"Trybol AG","url":"https:\/\/www.trybol.ch\/","logo":{"@type":"ImageObject","inLanguage":"fr-FR","@id":"https:\/\/www.trybol.ch\/#\/schema\/logo\/image\/","url":"https:\/\/trybol.ch\/wp-content\/uploads\/trybol_rgb-min.png","contentUrl":"https:\/\/trybol.ch\/wp-content\/uploads\/trybol_rgb-min.png","width":560,"height":220,"caption":"Trybol AG"},"image":{"@id":"https:\/\/www.trybol.ch\/#\/schema\/logo\/image\/"}}]}},"_links":{"self":[{"href":"https:\/\/www.trybol.ch\/fr\/wp-json\/wp\/v2\/product\/2230","targetHints":{"allow":["GET"]}}],"collection":[{"href":"https:\/\/www.trybol.ch\/fr\/wp-json\/wp\/v2\/product"}],"about":[{"href":"https:\/\/www.trybol.ch\/fr\/wp-json\/wp\/v2\/types\/product"}],"replies":[{"embeddable":true,"href":"https:\/\/www.trybol.ch\/fr\/wp-json\/wp\/v2\/comments?post=2230"}],"wp:featuredmedia":[{"embeddable":true,"href":"https:\/\/www.trybol.ch\/fr\/wp-json\/wp\/v2\/media\/1874"}],"wp:attachment":[{"href":"https:\/\/www.trybol.ch\/fr\/wp-json\/wp\/v2\/media?parent=2230"}],"wp:term":[{"taxonomy":"product_brand","embeddable":true,"href":"https:\/\/www.trybol.ch\/fr\/wp-json\/wp\/v2\/product_brand?post=2230"},{"taxonomy":"product_cat","embeddable":true,"href":"https:\/\/www.trybol.ch\/fr\/wp-json\/wp\/v2\/product_cat?post=2230"},{"taxonomy":"product_tag","embeddable":true,"href":"https:\/\/www.trybol.ch\/fr\/wp-json\/wp\/v2\/product_tag?post=2230"}],"curies":[{"name":"wp","href":"https:\/\/api.w.org\/{rel}","templated":true}]}}