{"id":2229,"date":"2017-09-01T11:26:43","date_gmt":"2017-09-01T10:27:42","guid":{"rendered":"https:\/\/trybol.ch\/shop\/trybol-creme-dentaire-naturelle-au-the-vert-et-propolis\/"},"modified":"2021-03-16T16:32:10","modified_gmt":"2021-03-16T15:32:10","slug":"trybol-creme-dentaire-naturelle-au-the-vert-et-propolis","status":"publish","type":"product","link":"https:\/\/www.trybol.ch\/fr\/shop\/trybol-creme-dentaire-naturelle-au-the-vert-et-propolis\/","title":{"rendered":"Trybol Cr\u00e8me dentaire naturelle au th\u00e9 vert et propolis"},"content":{"rendered":"<p><strong>Description <\/strong>Cr\u00e8me dentaire naturelle au th\u00e9 vert, \u00e0 l\u2019ar\u00f4me de menthe fra\u00eeche et de r\u00e9glisse. Fabriqu\u00e9e 100% \u00e0 base de substances naturelles. Sans fluor, sans agents conservateurs, sans colorants et sans moussants synth\u00e9tiques.<\/p>\n<p><strong>Composition et Effets<\/strong><\/p>\n<p>Th\u00e9 vert le th\u00e9 vert japonais ag\u00eet comme d\u00e9sinfectant l\u00e9ger, combat la plaque dentaire et offre ainsi une protection naturelle contre la formation des caries.<\/p>\n<p>Extrait de Camomille ag\u00eet contre les inflammations, soigne et raffermit les gencives.<\/p>\n<p>Huiles essentielles de menthe girofle et d\u2019extrait de r\u00e9glisse les huiles essentielles de menthe, d\u2019anis et de girofle renforde centet soignent les gencives en agissant comme d\u00e9sinfectant l\u00e9ger. La r\u00e9glisse m\u00e9lang\u00e9e \u00e0 cette composition procure une haleine et fra\u00eeche durable.<\/p>\n<p>Carbonat de calcium neutralise et combat les acides nuisibles.<\/p>\n<p>Phosphate de calcium contribue \u00e0 la remin\u00e9ralisation des dents et r\u00e9gularise le pH monohydrat\u00e9 naturel.<\/p>\n<p>Glycerol Glyc\u00e9rine, agent pourvoyant l\u2019humidit\u00e9<\/p>\n<p>Ar\u00f4mes menthe, vanille\/canelle et r\u00e9glisse<\/p>\n<p>pH-Wert 7,5 &#8211; 8,3<\/p>\n<p>Abrasivit\u00e9 valeur moyenne (3,0 MOHS)<\/p>\n<p>INCI Aqua, Sorbitol, Hydrated Silica, Glycerin, Calcium Carbonate, Aroma, Decyl Glucoside, Titanium Dioxide, Maltodextrin, Camellia Sinensis Extract, Anethole, Carrageenan, Acacia Gum, Mentha Piperita Oil, Echinacea Purpurea Root Extract, Sodium Benzoate, Potassium Sorbate, Thaumatin, Citric Acid, Sodium Hydroxide, Aanthemis Nobilis Flower Extract<\/p>\n<p>(31.05.2013)<\/p>\n<p>Emballage 100 ml\/125g &#8211; Polyfoil tube avec membrane de s\u00e9curit\u00e9, sans emballage carton (Ref. TYR1015)<\/p>\n","protected":false},"excerpt":{"rendered":"<p>Capacit\u00e9: 150 ml<\/p>\n","protected":false},"featured_media":4007,"comment_status":"open","ping_status":"closed","template":"","meta":[],"product_brand":[],"product_cat":[63],"product_tag":[],"class_list":{"0":"post-2229","1":"product","2":"type-product","3":"status-publish","4":"has-post-thumbnail","6":"product_cat-trybol-soins-buccaux","7":"product_shipping_class-normalprodukte-fr","10":"first","11":"instock","12":"taxable","13":"shipping-taxable","14":"purchasable","15":"product-type-simple"},"yoast_head":"<!-- This site is optimized with the Yoast SEO plugin v27.4 - https:\/\/yoast.com\/product\/yoast-seo-wordpress\/ -->\n<title>Trybol Cr\u00e8me dentaire naturelle au th\u00e9 vert et propolis - Trybol AG<\/title>\n<meta name=\"robots\" content=\"index, follow, max-snippet:-1, max-image-preview:large, max-video-preview:-1\" \/>\n<link rel=\"canonical\" href=\"https:\/\/www.trybol.ch\/fr\/shop\/trybol-creme-dentaire-naturelle-au-the-vert-et-propolis\/\" \/>\n<meta property=\"og:locale\" content=\"fr_FR\" \/>\n<meta property=\"og:type\" content=\"article\" \/>\n<meta property=\"og:title\" content=\"Trybol Cr\u00e8me dentaire naturelle au th\u00e9 vert et propolis - Trybol AG\" \/>\n<meta property=\"og:description\" content=\"Capacit\u00e9: 150 ml\" \/>\n<meta property=\"og:url\" content=\"https:\/\/www.trybol.ch\/fr\/shop\/trybol-creme-dentaire-naturelle-au-the-vert-et-propolis\/\" \/>\n<meta property=\"og:site_name\" content=\"Trybol AG\" \/>\n<meta property=\"article:modified_time\" content=\"2021-03-16T15:32:10+00:00\" \/>\n<meta property=\"og:image\" content=\"https:\/\/www.trybol.ch\/wp-content\/uploads\/TRY1015_100ml.jpg\" \/>\n\t<meta property=\"og:image:width\" content=\"652\" \/>\n\t<meta property=\"og:image:height\" content=\"713\" \/>\n\t<meta property=\"og:image:type\" content=\"image\/jpeg\" \/>\n<meta name=\"twitter:card\" content=\"summary_large_image\" \/>\n<meta name=\"twitter:label1\" content=\"Dur\u00e9e de lecture estim\u00e9e\" \/>\n\t<meta name=\"twitter:data1\" content=\"1 minute\" \/>\n<script type=\"application\/ld+json\" class=\"yoast-schema-graph\">{\"@context\":\"https:\\\/\\\/schema.org\",\"@graph\":[{\"@type\":\"WebPage\",\"@id\":\"https:\\\/\\\/www.trybol.ch\\\/fr\\\/shop\\\/trybol-creme-dentaire-naturelle-au-the-vert-et-propolis\\\/\",\"url\":\"https:\\\/\\\/www.trybol.ch\\\/fr\\\/shop\\\/trybol-creme-dentaire-naturelle-au-the-vert-et-propolis\\\/\",\"name\":\"Trybol Cr\u00e8me dentaire naturelle au th\u00e9 vert et propolis - Trybol AG\",\"isPartOf\":{\"@id\":\"https:\\\/\\\/www.trybol.ch\\\/#website\"},\"primaryImageOfPage\":{\"@id\":\"https:\\\/\\\/www.trybol.ch\\\/fr\\\/shop\\\/trybol-creme-dentaire-naturelle-au-the-vert-et-propolis\\\/#primaryimage\"},\"image\":{\"@id\":\"https:\\\/\\\/www.trybol.ch\\\/fr\\\/shop\\\/trybol-creme-dentaire-naturelle-au-the-vert-et-propolis\\\/#primaryimage\"},\"thumbnailUrl\":\"https:\\\/\\\/www.trybol.ch\\\/wp-content\\\/uploads\\\/TRY1015_100ml.jpg\",\"datePublished\":\"2017-09-01T10:27:42+00:00\",\"dateModified\":\"2021-03-16T15:32:10+00:00\",\"breadcrumb\":{\"@id\":\"https:\\\/\\\/www.trybol.ch\\\/fr\\\/shop\\\/trybol-creme-dentaire-naturelle-au-the-vert-et-propolis\\\/#breadcrumb\"},\"inLanguage\":\"fr-FR\",\"potentialAction\":[{\"@type\":\"ReadAction\",\"target\":[\"https:\\\/\\\/www.trybol.ch\\\/fr\\\/shop\\\/trybol-creme-dentaire-naturelle-au-the-vert-et-propolis\\\/\"]}]},{\"@type\":\"ImageObject\",\"inLanguage\":\"fr-FR\",\"@id\":\"https:\\\/\\\/www.trybol.ch\\\/fr\\\/shop\\\/trybol-creme-dentaire-naturelle-au-the-vert-et-propolis\\\/#primaryimage\",\"url\":\"https:\\\/\\\/www.trybol.ch\\\/wp-content\\\/uploads\\\/TRY1015_100ml.jpg\",\"contentUrl\":\"https:\\\/\\\/www.trybol.ch\\\/wp-content\\\/uploads\\\/TRY1015_100ml.jpg\",\"width\":652,\"height\":713},{\"@type\":\"BreadcrumbList\",\"@id\":\"https:\\\/\\\/www.trybol.ch\\\/fr\\\/shop\\\/trybol-creme-dentaire-naturelle-au-the-vert-et-propolis\\\/#breadcrumb\",\"itemListElement\":[{\"@type\":\"ListItem\",\"position\":1,\"name\":\"Home\",\"item\":\"https:\\\/\\\/www.trybol.ch\\\/fr\\\/home\\\/\"},{\"@type\":\"ListItem\",\"position\":2,\"name\":\"Boutique\",\"item\":\"https:\\\/\\\/www.trybol.ch\\\/fr\\\/boutique\\\/\"},{\"@type\":\"ListItem\",\"position\":3,\"name\":\"Trybol Cr\u00e8me dentaire naturelle au th\u00e9 vert et propolis\"}]},{\"@type\":\"WebSite\",\"@id\":\"https:\\\/\\\/www.trybol.ch\\\/#website\",\"url\":\"https:\\\/\\\/www.trybol.ch\\\/\",\"name\":\"Trybol AG\",\"description\":\"Nat\u00fcrliche Schweizer Kosmetik- und Mundpflegeprodukte\",\"publisher\":{\"@id\":\"https:\\\/\\\/www.trybol.ch\\\/#organization\"},\"potentialAction\":[{\"@type\":\"SearchAction\",\"target\":{\"@type\":\"EntryPoint\",\"urlTemplate\":\"https:\\\/\\\/www.trybol.ch\\\/?s={search_term_string}\"},\"query-input\":{\"@type\":\"PropertyValueSpecification\",\"valueRequired\":true,\"valueName\":\"search_term_string\"}}],\"inLanguage\":\"fr-FR\"},{\"@type\":\"Organization\",\"@id\":\"https:\\\/\\\/www.trybol.ch\\\/#organization\",\"name\":\"Trybol AG\",\"url\":\"https:\\\/\\\/www.trybol.ch\\\/\",\"logo\":{\"@type\":\"ImageObject\",\"inLanguage\":\"fr-FR\",\"@id\":\"https:\\\/\\\/www.trybol.ch\\\/#\\\/schema\\\/logo\\\/image\\\/\",\"url\":\"https:\\\/\\\/trybol.ch\\\/wp-content\\\/uploads\\\/trybol_rgb-min.png\",\"contentUrl\":\"https:\\\/\\\/trybol.ch\\\/wp-content\\\/uploads\\\/trybol_rgb-min.png\",\"width\":560,\"height\":220,\"caption\":\"Trybol AG\"},\"image\":{\"@id\":\"https:\\\/\\\/www.trybol.ch\\\/#\\\/schema\\\/logo\\\/image\\\/\"}}]}<\/script>\n<!-- \/ Yoast SEO plugin. -->","yoast_head_json":{"title":"Trybol Cr\u00e8me dentaire naturelle au th\u00e9 vert et propolis - Trybol AG","robots":{"index":"index","follow":"follow","max-snippet":"max-snippet:-1","max-image-preview":"max-image-preview:large","max-video-preview":"max-video-preview:-1"},"canonical":"https:\/\/www.trybol.ch\/fr\/shop\/trybol-creme-dentaire-naturelle-au-the-vert-et-propolis\/","og_locale":"fr_FR","og_type":"article","og_title":"Trybol Cr\u00e8me dentaire naturelle au th\u00e9 vert et propolis - Trybol AG","og_description":"Capacit\u00e9: 150 ml","og_url":"https:\/\/www.trybol.ch\/fr\/shop\/trybol-creme-dentaire-naturelle-au-the-vert-et-propolis\/","og_site_name":"Trybol AG","article_modified_time":"2021-03-16T15:32:10+00:00","og_image":[{"width":652,"height":713,"url":"https:\/\/www.trybol.ch\/wp-content\/uploads\/TRY1015_100ml.jpg","type":"image\/jpeg"}],"twitter_card":"summary_large_image","twitter_misc":{"Dur\u00e9e de lecture estim\u00e9e":"1 minute"},"schema":{"@context":"https:\/\/schema.org","@graph":[{"@type":"WebPage","@id":"https:\/\/www.trybol.ch\/fr\/shop\/trybol-creme-dentaire-naturelle-au-the-vert-et-propolis\/","url":"https:\/\/www.trybol.ch\/fr\/shop\/trybol-creme-dentaire-naturelle-au-the-vert-et-propolis\/","name":"Trybol Cr\u00e8me dentaire naturelle au th\u00e9 vert et propolis - Trybol AG","isPartOf":{"@id":"https:\/\/www.trybol.ch\/#website"},"primaryImageOfPage":{"@id":"https:\/\/www.trybol.ch\/fr\/shop\/trybol-creme-dentaire-naturelle-au-the-vert-et-propolis\/#primaryimage"},"image":{"@id":"https:\/\/www.trybol.ch\/fr\/shop\/trybol-creme-dentaire-naturelle-au-the-vert-et-propolis\/#primaryimage"},"thumbnailUrl":"https:\/\/www.trybol.ch\/wp-content\/uploads\/TRY1015_100ml.jpg","datePublished":"2017-09-01T10:27:42+00:00","dateModified":"2021-03-16T15:32:10+00:00","breadcrumb":{"@id":"https:\/\/www.trybol.ch\/fr\/shop\/trybol-creme-dentaire-naturelle-au-the-vert-et-propolis\/#breadcrumb"},"inLanguage":"fr-FR","potentialAction":[{"@type":"ReadAction","target":["https:\/\/www.trybol.ch\/fr\/shop\/trybol-creme-dentaire-naturelle-au-the-vert-et-propolis\/"]}]},{"@type":"ImageObject","inLanguage":"fr-FR","@id":"https:\/\/www.trybol.ch\/fr\/shop\/trybol-creme-dentaire-naturelle-au-the-vert-et-propolis\/#primaryimage","url":"https:\/\/www.trybol.ch\/wp-content\/uploads\/TRY1015_100ml.jpg","contentUrl":"https:\/\/www.trybol.ch\/wp-content\/uploads\/TRY1015_100ml.jpg","width":652,"height":713},{"@type":"BreadcrumbList","@id":"https:\/\/www.trybol.ch\/fr\/shop\/trybol-creme-dentaire-naturelle-au-the-vert-et-propolis\/#breadcrumb","itemListElement":[{"@type":"ListItem","position":1,"name":"Home","item":"https:\/\/www.trybol.ch\/fr\/home\/"},{"@type":"ListItem","position":2,"name":"Boutique","item":"https:\/\/www.trybol.ch\/fr\/boutique\/"},{"@type":"ListItem","position":3,"name":"Trybol Cr\u00e8me dentaire naturelle au th\u00e9 vert et propolis"}]},{"@type":"WebSite","@id":"https:\/\/www.trybol.ch\/#website","url":"https:\/\/www.trybol.ch\/","name":"Trybol AG","description":"Nat\u00fcrliche Schweizer Kosmetik- und Mundpflegeprodukte","publisher":{"@id":"https:\/\/www.trybol.ch\/#organization"},"potentialAction":[{"@type":"SearchAction","target":{"@type":"EntryPoint","urlTemplate":"https:\/\/www.trybol.ch\/?s={search_term_string}"},"query-input":{"@type":"PropertyValueSpecification","valueRequired":true,"valueName":"search_term_string"}}],"inLanguage":"fr-FR"},{"@type":"Organization","@id":"https:\/\/www.trybol.ch\/#organization","name":"Trybol AG","url":"https:\/\/www.trybol.ch\/","logo":{"@type":"ImageObject","inLanguage":"fr-FR","@id":"https:\/\/www.trybol.ch\/#\/schema\/logo\/image\/","url":"https:\/\/trybol.ch\/wp-content\/uploads\/trybol_rgb-min.png","contentUrl":"https:\/\/trybol.ch\/wp-content\/uploads\/trybol_rgb-min.png","width":560,"height":220,"caption":"Trybol AG"},"image":{"@id":"https:\/\/www.trybol.ch\/#\/schema\/logo\/image\/"}}]}},"_links":{"self":[{"href":"https:\/\/www.trybol.ch\/fr\/wp-json\/wp\/v2\/product\/2229","targetHints":{"allow":["GET"]}}],"collection":[{"href":"https:\/\/www.trybol.ch\/fr\/wp-json\/wp\/v2\/product"}],"about":[{"href":"https:\/\/www.trybol.ch\/fr\/wp-json\/wp\/v2\/types\/product"}],"replies":[{"embeddable":true,"href":"https:\/\/www.trybol.ch\/fr\/wp-json\/wp\/v2\/comments?post=2229"}],"wp:featuredmedia":[{"embeddable":true,"href":"https:\/\/www.trybol.ch\/fr\/wp-json\/wp\/v2\/media\/4007"}],"wp:attachment":[{"href":"https:\/\/www.trybol.ch\/fr\/wp-json\/wp\/v2\/media?parent=2229"}],"wp:term":[{"taxonomy":"product_brand","embeddable":true,"href":"https:\/\/www.trybol.ch\/fr\/wp-json\/wp\/v2\/product_brand?post=2229"},{"taxonomy":"product_cat","embeddable":true,"href":"https:\/\/www.trybol.ch\/fr\/wp-json\/wp\/v2\/product_cat?post=2229"},{"taxonomy":"product_tag","embeddable":true,"href":"https:\/\/www.trybol.ch\/fr\/wp-json\/wp\/v2\/product_tag?post=2229"}],"curies":[{"name":"wp","href":"https:\/\/api.w.org\/{rel}","templated":true}]}}