{"id":2228,"date":"2017-09-01T11:26:43","date_gmt":"2017-09-01T10:27:42","guid":{"rendered":"https:\/\/trybol.ch\/shop\/trybol-eau-de-rincage-dentaire-aux-herbes-avec-un-bouchon-nouveau\/"},"modified":"2017-09-11T14:22:40","modified_gmt":"2017-09-11T12:22:40","slug":"trybol-eau-de-rincage-dentaire-aux-herbes-avec-un-bouchon-nouveau","status":"publish","type":"product","link":"https:\/\/www.trybol.ch\/fr\/shop\/trybol-eau-de-rincage-dentaire-aux-herbes-avec-un-bouchon-nouveau\/","title":{"rendered":"Trybol Eau de rin\u00e7age dentaire aux herbes, avec un bouchon nouveau"},"content":{"rendered":"<p><strong>Description <\/strong>Eau dentaire naturelle, pr\u00eate \u00e0 l\u2019emploi, au go\u00fbt de pamplemousse. Contre la plaque et les caries, pour une haleine fra\u00eeche. Sans alcool, sans colorants, sans agents conservateurs.<\/p>\n<p><strong>Mode d\u2019emploi <\/strong>Un rin\u00e7age quotidien, de pr\u00e9f\u00e9rence le soir. Rincer pendant 30 sec. Ne pas avaler. ne pas rincer. Pr\u00eat \u00e0 l\u2019emploi. Pour adultes et enfants \u00e0 partir de 6 ans.<\/p>\n<p><strong>Composition et Effets<\/strong><\/p>\n<p>Extraits de camomille et de millepertuis\u00a0: la camomille et le millepertuis prot\u00e8gent et soignent\u00a0lesdents et les gencives<\/p>\n<p>Huiles essentielles de menthe Huile de menthe pour une haleine fra\u00eeche<\/p>\n<p>Glycerin dissolvant pour l\u2019essence de menthe<\/p>\n<p>Cetylpyridinium Chloride Substance cationique l\u00e9g\u00e8rement d\u00e9sinfectante<\/p>\n<p>Sorbitol Fructose<\/p>\n<p>Sodium Saccharinate Saccharine<\/p>\n<p>Sodium Fluoride Fluor contre les caries (220 mg\/kg)<\/p>\n<p>pH-Wert 4,0 &#8211; 4,2<\/p>\n<p>sans agents conservateurs, sans test sur animaux<\/p>\n<p>INCI nouvelle formule\u00a0: Aqua, Propylene Glycol, Sorbitol, Polysorbate 20, Sodium Benzoate, Malic Aacid, Sodium Monofluorphosphate, Menthol, Citrus Aurantium Dulcis Peel Oil, Potassium Acesulfame, Hexadecylpyridinium Chloride, Mentha Piperita Oil, Hypericum Perforatum Extract, Chamomilla Recutita Flower Ectract, Citric Acid<\/p>\n<p>(22.01.2013)<\/p>\n<p>Emballage 400 ml, bouteille avec bouchon doseur PETG (Ref. TRY1006)<\/p>\n","protected":false},"excerpt":{"rendered":"<p>Capacit\u00e9: 400 ml<\/p>\n","protected":false},"featured_media":1866,"comment_status":"open","ping_status":"closed","template":"","meta":[],"product_brand":[],"product_cat":[63],"product_tag":[],"class_list":{"0":"post-2228","1":"product","2":"type-product","3":"status-publish","4":"has-post-thumbnail","6":"product_cat-trybol-soins-buccaux","7":"product_shipping_class-normalprodukte-fr","10":"first","11":"instock","12":"taxable","13":"shipping-taxable","14":"purchasable","15":"product-type-simple"},"yoast_head":"<!-- This site is optimized with the Yoast SEO plugin v27.4 - https:\/\/yoast.com\/product\/yoast-seo-wordpress\/ -->\n<title>Trybol Eau de rin\u00e7age dentaire aux herbes, avec un bouchon nouveau - Trybol AG<\/title>\n<meta name=\"robots\" content=\"index, follow, max-snippet:-1, max-image-preview:large, max-video-preview:-1\" \/>\n<link rel=\"canonical\" href=\"https:\/\/www.trybol.ch\/fr\/shop\/trybol-eau-de-rincage-dentaire-aux-herbes-avec-un-bouchon-nouveau\/\" \/>\n<meta property=\"og:locale\" content=\"fr_FR\" \/>\n<meta property=\"og:type\" content=\"article\" \/>\n<meta property=\"og:title\" content=\"Trybol Eau de rin\u00e7age dentaire aux herbes, avec un bouchon nouveau - Trybol AG\" \/>\n<meta property=\"og:description\" content=\"Capacit\u00e9: 400 ml\" \/>\n<meta property=\"og:url\" content=\"https:\/\/www.trybol.ch\/fr\/shop\/trybol-eau-de-rincage-dentaire-aux-herbes-avec-un-bouchon-nouveau\/\" \/>\n<meta property=\"og:site_name\" content=\"Trybol AG\" \/>\n<meta property=\"article:modified_time\" content=\"2017-09-11T12:22:40+00:00\" \/>\n<meta property=\"og:image\" content=\"https:\/\/www.trybol.ch\/wp-content\/uploads\/TRY1006-4.jpg\" \/>\n\t<meta property=\"og:image:width\" content=\"432\" \/>\n\t<meta property=\"og:image:height\" content=\"600\" \/>\n\t<meta property=\"og:image:type\" content=\"image\/jpeg\" \/>\n<meta name=\"twitter:card\" content=\"summary_large_image\" \/>\n<meta name=\"twitter:label1\" content=\"Dur\u00e9e de lecture estim\u00e9e\" \/>\n\t<meta name=\"twitter:data1\" content=\"1 minute\" \/>\n<script type=\"application\/ld+json\" class=\"yoast-schema-graph\">{\"@context\":\"https:\\\/\\\/schema.org\",\"@graph\":[{\"@type\":\"WebPage\",\"@id\":\"https:\\\/\\\/www.trybol.ch\\\/fr\\\/shop\\\/trybol-eau-de-rincage-dentaire-aux-herbes-avec-un-bouchon-nouveau\\\/\",\"url\":\"https:\\\/\\\/www.trybol.ch\\\/fr\\\/shop\\\/trybol-eau-de-rincage-dentaire-aux-herbes-avec-un-bouchon-nouveau\\\/\",\"name\":\"Trybol Eau de rin\u00e7age dentaire aux herbes, avec un bouchon nouveau - Trybol AG\",\"isPartOf\":{\"@id\":\"https:\\\/\\\/www.trybol.ch\\\/#website\"},\"primaryImageOfPage\":{\"@id\":\"https:\\\/\\\/www.trybol.ch\\\/fr\\\/shop\\\/trybol-eau-de-rincage-dentaire-aux-herbes-avec-un-bouchon-nouveau\\\/#primaryimage\"},\"image\":{\"@id\":\"https:\\\/\\\/www.trybol.ch\\\/fr\\\/shop\\\/trybol-eau-de-rincage-dentaire-aux-herbes-avec-un-bouchon-nouveau\\\/#primaryimage\"},\"thumbnailUrl\":\"https:\\\/\\\/www.trybol.ch\\\/wp-content\\\/uploads\\\/TRY1006-4.jpg\",\"datePublished\":\"2017-09-01T10:27:42+00:00\",\"dateModified\":\"2017-09-11T12:22:40+00:00\",\"breadcrumb\":{\"@id\":\"https:\\\/\\\/www.trybol.ch\\\/fr\\\/shop\\\/trybol-eau-de-rincage-dentaire-aux-herbes-avec-un-bouchon-nouveau\\\/#breadcrumb\"},\"inLanguage\":\"fr-FR\",\"potentialAction\":[{\"@type\":\"ReadAction\",\"target\":[\"https:\\\/\\\/www.trybol.ch\\\/fr\\\/shop\\\/trybol-eau-de-rincage-dentaire-aux-herbes-avec-un-bouchon-nouveau\\\/\"]}]},{\"@type\":\"ImageObject\",\"inLanguage\":\"fr-FR\",\"@id\":\"https:\\\/\\\/www.trybol.ch\\\/fr\\\/shop\\\/trybol-eau-de-rincage-dentaire-aux-herbes-avec-un-bouchon-nouveau\\\/#primaryimage\",\"url\":\"https:\\\/\\\/www.trybol.ch\\\/wp-content\\\/uploads\\\/TRY1006-4.jpg\",\"contentUrl\":\"https:\\\/\\\/www.trybol.ch\\\/wp-content\\\/uploads\\\/TRY1006-4.jpg\",\"width\":607,\"height\":608},{\"@type\":\"BreadcrumbList\",\"@id\":\"https:\\\/\\\/www.trybol.ch\\\/fr\\\/shop\\\/trybol-eau-de-rincage-dentaire-aux-herbes-avec-un-bouchon-nouveau\\\/#breadcrumb\",\"itemListElement\":[{\"@type\":\"ListItem\",\"position\":1,\"name\":\"Home\",\"item\":\"https:\\\/\\\/www.trybol.ch\\\/fr\\\/home\\\/\"},{\"@type\":\"ListItem\",\"position\":2,\"name\":\"Boutique\",\"item\":\"https:\\\/\\\/www.trybol.ch\\\/fr\\\/boutique\\\/\"},{\"@type\":\"ListItem\",\"position\":3,\"name\":\"Trybol Eau de rin\u00e7age dentaire aux herbes, avec un bouchon nouveau\"}]},{\"@type\":\"WebSite\",\"@id\":\"https:\\\/\\\/www.trybol.ch\\\/#website\",\"url\":\"https:\\\/\\\/www.trybol.ch\\\/\",\"name\":\"Trybol AG\",\"description\":\"Nat\u00fcrliche Schweizer Kosmetik- und Mundpflegeprodukte\",\"publisher\":{\"@id\":\"https:\\\/\\\/www.trybol.ch\\\/#organization\"},\"potentialAction\":[{\"@type\":\"SearchAction\",\"target\":{\"@type\":\"EntryPoint\",\"urlTemplate\":\"https:\\\/\\\/www.trybol.ch\\\/?s={search_term_string}\"},\"query-input\":{\"@type\":\"PropertyValueSpecification\",\"valueRequired\":true,\"valueName\":\"search_term_string\"}}],\"inLanguage\":\"fr-FR\"},{\"@type\":\"Organization\",\"@id\":\"https:\\\/\\\/www.trybol.ch\\\/#organization\",\"name\":\"Trybol AG\",\"url\":\"https:\\\/\\\/www.trybol.ch\\\/\",\"logo\":{\"@type\":\"ImageObject\",\"inLanguage\":\"fr-FR\",\"@id\":\"https:\\\/\\\/www.trybol.ch\\\/#\\\/schema\\\/logo\\\/image\\\/\",\"url\":\"https:\\\/\\\/trybol.ch\\\/wp-content\\\/uploads\\\/trybol_rgb-min.png\",\"contentUrl\":\"https:\\\/\\\/trybol.ch\\\/wp-content\\\/uploads\\\/trybol_rgb-min.png\",\"width\":560,\"height\":220,\"caption\":\"Trybol AG\"},\"image\":{\"@id\":\"https:\\\/\\\/www.trybol.ch\\\/#\\\/schema\\\/logo\\\/image\\\/\"}}]}<\/script>\n<!-- \/ Yoast SEO plugin. -->","yoast_head_json":{"title":"Trybol Eau de rin\u00e7age dentaire aux herbes, avec un bouchon nouveau - Trybol AG","robots":{"index":"index","follow":"follow","max-snippet":"max-snippet:-1","max-image-preview":"max-image-preview:large","max-video-preview":"max-video-preview:-1"},"canonical":"https:\/\/www.trybol.ch\/fr\/shop\/trybol-eau-de-rincage-dentaire-aux-herbes-avec-un-bouchon-nouveau\/","og_locale":"fr_FR","og_type":"article","og_title":"Trybol Eau de rin\u00e7age dentaire aux herbes, avec un bouchon nouveau - Trybol AG","og_description":"Capacit\u00e9: 400 ml","og_url":"https:\/\/www.trybol.ch\/fr\/shop\/trybol-eau-de-rincage-dentaire-aux-herbes-avec-un-bouchon-nouveau\/","og_site_name":"Trybol AG","article_modified_time":"2017-09-11T12:22:40+00:00","og_image":[{"width":432,"height":600,"url":"https:\/\/www.trybol.ch\/wp-content\/uploads\/TRY1006-4.jpg","type":"image\/jpeg"}],"twitter_card":"summary_large_image","twitter_misc":{"Dur\u00e9e de lecture estim\u00e9e":"1 minute"},"schema":{"@context":"https:\/\/schema.org","@graph":[{"@type":"WebPage","@id":"https:\/\/www.trybol.ch\/fr\/shop\/trybol-eau-de-rincage-dentaire-aux-herbes-avec-un-bouchon-nouveau\/","url":"https:\/\/www.trybol.ch\/fr\/shop\/trybol-eau-de-rincage-dentaire-aux-herbes-avec-un-bouchon-nouveau\/","name":"Trybol Eau de rin\u00e7age dentaire aux herbes, avec un bouchon nouveau - Trybol AG","isPartOf":{"@id":"https:\/\/www.trybol.ch\/#website"},"primaryImageOfPage":{"@id":"https:\/\/www.trybol.ch\/fr\/shop\/trybol-eau-de-rincage-dentaire-aux-herbes-avec-un-bouchon-nouveau\/#primaryimage"},"image":{"@id":"https:\/\/www.trybol.ch\/fr\/shop\/trybol-eau-de-rincage-dentaire-aux-herbes-avec-un-bouchon-nouveau\/#primaryimage"},"thumbnailUrl":"https:\/\/www.trybol.ch\/wp-content\/uploads\/TRY1006-4.jpg","datePublished":"2017-09-01T10:27:42+00:00","dateModified":"2017-09-11T12:22:40+00:00","breadcrumb":{"@id":"https:\/\/www.trybol.ch\/fr\/shop\/trybol-eau-de-rincage-dentaire-aux-herbes-avec-un-bouchon-nouveau\/#breadcrumb"},"inLanguage":"fr-FR","potentialAction":[{"@type":"ReadAction","target":["https:\/\/www.trybol.ch\/fr\/shop\/trybol-eau-de-rincage-dentaire-aux-herbes-avec-un-bouchon-nouveau\/"]}]},{"@type":"ImageObject","inLanguage":"fr-FR","@id":"https:\/\/www.trybol.ch\/fr\/shop\/trybol-eau-de-rincage-dentaire-aux-herbes-avec-un-bouchon-nouveau\/#primaryimage","url":"https:\/\/www.trybol.ch\/wp-content\/uploads\/TRY1006-4.jpg","contentUrl":"https:\/\/www.trybol.ch\/wp-content\/uploads\/TRY1006-4.jpg","width":607,"height":608},{"@type":"BreadcrumbList","@id":"https:\/\/www.trybol.ch\/fr\/shop\/trybol-eau-de-rincage-dentaire-aux-herbes-avec-un-bouchon-nouveau\/#breadcrumb","itemListElement":[{"@type":"ListItem","position":1,"name":"Home","item":"https:\/\/www.trybol.ch\/fr\/home\/"},{"@type":"ListItem","position":2,"name":"Boutique","item":"https:\/\/www.trybol.ch\/fr\/boutique\/"},{"@type":"ListItem","position":3,"name":"Trybol Eau de rin\u00e7age dentaire aux herbes, avec un bouchon nouveau"}]},{"@type":"WebSite","@id":"https:\/\/www.trybol.ch\/#website","url":"https:\/\/www.trybol.ch\/","name":"Trybol AG","description":"Nat\u00fcrliche Schweizer Kosmetik- und Mundpflegeprodukte","publisher":{"@id":"https:\/\/www.trybol.ch\/#organization"},"potentialAction":[{"@type":"SearchAction","target":{"@type":"EntryPoint","urlTemplate":"https:\/\/www.trybol.ch\/?s={search_term_string}"},"query-input":{"@type":"PropertyValueSpecification","valueRequired":true,"valueName":"search_term_string"}}],"inLanguage":"fr-FR"},{"@type":"Organization","@id":"https:\/\/www.trybol.ch\/#organization","name":"Trybol AG","url":"https:\/\/www.trybol.ch\/","logo":{"@type":"ImageObject","inLanguage":"fr-FR","@id":"https:\/\/www.trybol.ch\/#\/schema\/logo\/image\/","url":"https:\/\/trybol.ch\/wp-content\/uploads\/trybol_rgb-min.png","contentUrl":"https:\/\/trybol.ch\/wp-content\/uploads\/trybol_rgb-min.png","width":560,"height":220,"caption":"Trybol AG"},"image":{"@id":"https:\/\/www.trybol.ch\/#\/schema\/logo\/image\/"}}]}},"_links":{"self":[{"href":"https:\/\/www.trybol.ch\/fr\/wp-json\/wp\/v2\/product\/2228","targetHints":{"allow":["GET"]}}],"collection":[{"href":"https:\/\/www.trybol.ch\/fr\/wp-json\/wp\/v2\/product"}],"about":[{"href":"https:\/\/www.trybol.ch\/fr\/wp-json\/wp\/v2\/types\/product"}],"replies":[{"embeddable":true,"href":"https:\/\/www.trybol.ch\/fr\/wp-json\/wp\/v2\/comments?post=2228"}],"wp:featuredmedia":[{"embeddable":true,"href":"https:\/\/www.trybol.ch\/fr\/wp-json\/wp\/v2\/media\/1866"}],"wp:attachment":[{"href":"https:\/\/www.trybol.ch\/fr\/wp-json\/wp\/v2\/media?parent=2228"}],"wp:term":[{"taxonomy":"product_brand","embeddable":true,"href":"https:\/\/www.trybol.ch\/fr\/wp-json\/wp\/v2\/product_brand?post=2228"},{"taxonomy":"product_cat","embeddable":true,"href":"https:\/\/www.trybol.ch\/fr\/wp-json\/wp\/v2\/product_cat?post=2228"},{"taxonomy":"product_tag","embeddable":true,"href":"https:\/\/www.trybol.ch\/fr\/wp-json\/wp\/v2\/product_tag?post=2228"}],"curies":[{"name":"wp","href":"https:\/\/api.w.org\/{rel}","templated":true}]}}