{"id":2223,"date":"2017-09-01T11:26:43","date_gmt":"2017-09-01T10:27:42","guid":{"rendered":"https:\/\/trybol.ch\/shop\/birkenblut-sang-de-bouleau-lotion-capillaire\/"},"modified":"2017-09-07T16:51:42","modified_gmt":"2017-09-07T14:51:42","slug":"birkenblut-sang-de-bouleau-lotion-capillaire","status":"publish","type":"product","link":"https:\/\/www.trybol.ch\/fr\/shop\/birkenblut-sang-de-bouleau-lotion-capillaire\/","title":{"rendered":"Birkenblut Sang de bouleau lotion capillaire"},"content":{"rendered":"<p><strong>Description:<\/strong> Le Sang de Bouleau soigne et r\u00e9g\u00e9n\u00e8re cheveux et cuir chevelu. Gr\u00e2ce \u00e0 son action biologique, il convient \u00e9galement aux cheveux normaux, secs et gras. Il \u00e9limine les pellicules et stimule la croissance des cheveux.<\/p>\n<p><strong>Mode d&#8217;emploi:<\/strong> Faire p\u00e9n\u00e9trer dans le cuir chevelu en massant l\u00e9g\u00e8rement avec la pointe des doigts. A appliquer 2x par jour en cas de traitement intensif. Application normale: 5-7 fois par semaine, apr\u00e8s le lavage des cheveux.<\/p>\n<p>Composition et Effet:<\/p>\n<p>Sang de bouleau naturel: 100% naturelles extraits de plantes fortifient le cuir chevelu et pr\u00e9viennent la chute pr\u00e9matur\u00e9e des cheveux.<\/p>\n<p>Alcool \u00e9thylique et isopropylique: Ces deux substances ont pour effet, outre celui de d\u00e9sinfecter l\u00e9g\u00e8rement, d&rsquo;irriguer abondamment en sang le cuir chevelu.<\/p>\n<p>Panth\u00e9nol: Le panth\u00e9nol a un effet r\u00e9g\u00e9n\u00e9rateur sur le cuir chevelu et exerce une influence d\u00e9cisive sur la reformation des cellules.<\/p>\n<p>Modification: Solution acqueuse et alcoolis\u00e9e<\/p>\n<p>Couleur: none<\/p>\n<p>Exp\u00e9rimentations animales: aucune<\/p>\n<p>Mati\u00e8re des flacons: PET, \u00e9liminable sans nuisances<\/p>\n<p>No d\u2019article Trybol SA: BIR1200<\/p>\n","protected":false},"excerpt":{"rendered":"<p>Capacit\u00e9: 250 ml<\/p>\n","protected":false},"featured_media":1849,"comment_status":"open","ping_status":"closed","template":"","meta":[],"product_brand":[],"product_cat":[59],"product_tag":[],"class_list":{"0":"post-2223","1":"product","2":"type-product","3":"status-publish","4":"has-post-thumbnail","6":"product_cat-sang-de-bouleau-lotion-capillaire-brillantine-liquide","7":"product_shipping_class-normalprodukte-fr","10":"first","11":"instock","12":"taxable","13":"shipping-taxable","14":"purchasable","15":"product-type-simple"},"yoast_head":"<!-- This site is optimized with the Yoast SEO plugin v27.4 - https:\/\/yoast.com\/product\/yoast-seo-wordpress\/ -->\n<title>Birkenblut Sang de bouleau lotion capillaire - Trybol AG<\/title>\n<meta name=\"robots\" content=\"index, follow, max-snippet:-1, max-image-preview:large, max-video-preview:-1\" \/>\n<link rel=\"canonical\" href=\"https:\/\/www.trybol.ch\/fr\/shop\/birkenblut-sang-de-bouleau-lotion-capillaire\/\" \/>\n<meta property=\"og:locale\" content=\"fr_FR\" \/>\n<meta property=\"og:type\" content=\"article\" \/>\n<meta property=\"og:title\" content=\"Birkenblut Sang de bouleau lotion capillaire - Trybol AG\" \/>\n<meta property=\"og:description\" content=\"Capacit\u00e9: 250 ml\" \/>\n<meta property=\"og:url\" content=\"https:\/\/www.trybol.ch\/fr\/shop\/birkenblut-sang-de-bouleau-lotion-capillaire\/\" \/>\n<meta property=\"og:site_name\" content=\"Trybol AG\" \/>\n<meta property=\"article:modified_time\" content=\"2017-09-07T14:51:42+00:00\" \/>\n<meta property=\"og:image\" content=\"https:\/\/www.trybol.ch\/wp-content\/uploads\/BIR1200-3.jpg\" \/>\n\t<meta property=\"og:image:width\" content=\"435\" \/>\n\t<meta property=\"og:image:height\" content=\"600\" \/>\n\t<meta property=\"og:image:type\" content=\"image\/jpeg\" \/>\n<meta name=\"twitter:card\" content=\"summary_large_image\" \/>\n<meta name=\"twitter:label1\" content=\"Dur\u00e9e de lecture estim\u00e9e\" \/>\n\t<meta name=\"twitter:data1\" content=\"1 minute\" \/>\n<script type=\"application\/ld+json\" class=\"yoast-schema-graph\">{\"@context\":\"https:\\\/\\\/schema.org\",\"@graph\":[{\"@type\":\"WebPage\",\"@id\":\"https:\\\/\\\/www.trybol.ch\\\/fr\\\/shop\\\/birkenblut-sang-de-bouleau-lotion-capillaire\\\/\",\"url\":\"https:\\\/\\\/www.trybol.ch\\\/fr\\\/shop\\\/birkenblut-sang-de-bouleau-lotion-capillaire\\\/\",\"name\":\"Birkenblut Sang de bouleau lotion capillaire - Trybol AG\",\"isPartOf\":{\"@id\":\"https:\\\/\\\/www.trybol.ch\\\/#website\"},\"primaryImageOfPage\":{\"@id\":\"https:\\\/\\\/www.trybol.ch\\\/fr\\\/shop\\\/birkenblut-sang-de-bouleau-lotion-capillaire\\\/#primaryimage\"},\"image\":{\"@id\":\"https:\\\/\\\/www.trybol.ch\\\/fr\\\/shop\\\/birkenblut-sang-de-bouleau-lotion-capillaire\\\/#primaryimage\"},\"thumbnailUrl\":\"https:\\\/\\\/www.trybol.ch\\\/wp-content\\\/uploads\\\/BIR1200-3.jpg\",\"datePublished\":\"2017-09-01T10:27:42+00:00\",\"dateModified\":\"2017-09-07T14:51:42+00:00\",\"breadcrumb\":{\"@id\":\"https:\\\/\\\/www.trybol.ch\\\/fr\\\/shop\\\/birkenblut-sang-de-bouleau-lotion-capillaire\\\/#breadcrumb\"},\"inLanguage\":\"fr-FR\",\"potentialAction\":[{\"@type\":\"ReadAction\",\"target\":[\"https:\\\/\\\/www.trybol.ch\\\/fr\\\/shop\\\/birkenblut-sang-de-bouleau-lotion-capillaire\\\/\"]}]},{\"@type\":\"ImageObject\",\"inLanguage\":\"fr-FR\",\"@id\":\"https:\\\/\\\/www.trybol.ch\\\/fr\\\/shop\\\/birkenblut-sang-de-bouleau-lotion-capillaire\\\/#primaryimage\",\"url\":\"https:\\\/\\\/www.trybol.ch\\\/wp-content\\\/uploads\\\/BIR1200-3.jpg\",\"contentUrl\":\"https:\\\/\\\/www.trybol.ch\\\/wp-content\\\/uploads\\\/BIR1200-3.jpg\",\"width\":607,\"height\":608},{\"@type\":\"BreadcrumbList\",\"@id\":\"https:\\\/\\\/www.trybol.ch\\\/fr\\\/shop\\\/birkenblut-sang-de-bouleau-lotion-capillaire\\\/#breadcrumb\",\"itemListElement\":[{\"@type\":\"ListItem\",\"position\":1,\"name\":\"Home\",\"item\":\"https:\\\/\\\/www.trybol.ch\\\/fr\\\/home\\\/\"},{\"@type\":\"ListItem\",\"position\":2,\"name\":\"Boutique\",\"item\":\"https:\\\/\\\/www.trybol.ch\\\/fr\\\/boutique\\\/\"},{\"@type\":\"ListItem\",\"position\":3,\"name\":\"Birkenblut Sang de bouleau lotion capillaire\"}]},{\"@type\":\"WebSite\",\"@id\":\"https:\\\/\\\/www.trybol.ch\\\/#website\",\"url\":\"https:\\\/\\\/www.trybol.ch\\\/\",\"name\":\"Trybol AG\",\"description\":\"Nat\u00fcrliche Schweizer Kosmetik- und Mundpflegeprodukte\",\"publisher\":{\"@id\":\"https:\\\/\\\/www.trybol.ch\\\/#organization\"},\"potentialAction\":[{\"@type\":\"SearchAction\",\"target\":{\"@type\":\"EntryPoint\",\"urlTemplate\":\"https:\\\/\\\/www.trybol.ch\\\/?s={search_term_string}\"},\"query-input\":{\"@type\":\"PropertyValueSpecification\",\"valueRequired\":true,\"valueName\":\"search_term_string\"}}],\"inLanguage\":\"fr-FR\"},{\"@type\":\"Organization\",\"@id\":\"https:\\\/\\\/www.trybol.ch\\\/#organization\",\"name\":\"Trybol AG\",\"url\":\"https:\\\/\\\/www.trybol.ch\\\/\",\"logo\":{\"@type\":\"ImageObject\",\"inLanguage\":\"fr-FR\",\"@id\":\"https:\\\/\\\/www.trybol.ch\\\/#\\\/schema\\\/logo\\\/image\\\/\",\"url\":\"https:\\\/\\\/trybol.ch\\\/wp-content\\\/uploads\\\/trybol_rgb-min.png\",\"contentUrl\":\"https:\\\/\\\/trybol.ch\\\/wp-content\\\/uploads\\\/trybol_rgb-min.png\",\"width\":560,\"height\":220,\"caption\":\"Trybol AG\"},\"image\":{\"@id\":\"https:\\\/\\\/www.trybol.ch\\\/#\\\/schema\\\/logo\\\/image\\\/\"}}]}<\/script>\n<!-- \/ Yoast SEO plugin. -->","yoast_head_json":{"title":"Birkenblut Sang de bouleau lotion capillaire - Trybol AG","robots":{"index":"index","follow":"follow","max-snippet":"max-snippet:-1","max-image-preview":"max-image-preview:large","max-video-preview":"max-video-preview:-1"},"canonical":"https:\/\/www.trybol.ch\/fr\/shop\/birkenblut-sang-de-bouleau-lotion-capillaire\/","og_locale":"fr_FR","og_type":"article","og_title":"Birkenblut Sang de bouleau lotion capillaire - Trybol AG","og_description":"Capacit\u00e9: 250 ml","og_url":"https:\/\/www.trybol.ch\/fr\/shop\/birkenblut-sang-de-bouleau-lotion-capillaire\/","og_site_name":"Trybol AG","article_modified_time":"2017-09-07T14:51:42+00:00","og_image":[{"width":435,"height":600,"url":"https:\/\/www.trybol.ch\/wp-content\/uploads\/BIR1200-3.jpg","type":"image\/jpeg"}],"twitter_card":"summary_large_image","twitter_misc":{"Dur\u00e9e de lecture estim\u00e9e":"1 minute"},"schema":{"@context":"https:\/\/schema.org","@graph":[{"@type":"WebPage","@id":"https:\/\/www.trybol.ch\/fr\/shop\/birkenblut-sang-de-bouleau-lotion-capillaire\/","url":"https:\/\/www.trybol.ch\/fr\/shop\/birkenblut-sang-de-bouleau-lotion-capillaire\/","name":"Birkenblut Sang de bouleau lotion capillaire - Trybol AG","isPartOf":{"@id":"https:\/\/www.trybol.ch\/#website"},"primaryImageOfPage":{"@id":"https:\/\/www.trybol.ch\/fr\/shop\/birkenblut-sang-de-bouleau-lotion-capillaire\/#primaryimage"},"image":{"@id":"https:\/\/www.trybol.ch\/fr\/shop\/birkenblut-sang-de-bouleau-lotion-capillaire\/#primaryimage"},"thumbnailUrl":"https:\/\/www.trybol.ch\/wp-content\/uploads\/BIR1200-3.jpg","datePublished":"2017-09-01T10:27:42+00:00","dateModified":"2017-09-07T14:51:42+00:00","breadcrumb":{"@id":"https:\/\/www.trybol.ch\/fr\/shop\/birkenblut-sang-de-bouleau-lotion-capillaire\/#breadcrumb"},"inLanguage":"fr-FR","potentialAction":[{"@type":"ReadAction","target":["https:\/\/www.trybol.ch\/fr\/shop\/birkenblut-sang-de-bouleau-lotion-capillaire\/"]}]},{"@type":"ImageObject","inLanguage":"fr-FR","@id":"https:\/\/www.trybol.ch\/fr\/shop\/birkenblut-sang-de-bouleau-lotion-capillaire\/#primaryimage","url":"https:\/\/www.trybol.ch\/wp-content\/uploads\/BIR1200-3.jpg","contentUrl":"https:\/\/www.trybol.ch\/wp-content\/uploads\/BIR1200-3.jpg","width":607,"height":608},{"@type":"BreadcrumbList","@id":"https:\/\/www.trybol.ch\/fr\/shop\/birkenblut-sang-de-bouleau-lotion-capillaire\/#breadcrumb","itemListElement":[{"@type":"ListItem","position":1,"name":"Home","item":"https:\/\/www.trybol.ch\/fr\/home\/"},{"@type":"ListItem","position":2,"name":"Boutique","item":"https:\/\/www.trybol.ch\/fr\/boutique\/"},{"@type":"ListItem","position":3,"name":"Birkenblut Sang de bouleau lotion capillaire"}]},{"@type":"WebSite","@id":"https:\/\/www.trybol.ch\/#website","url":"https:\/\/www.trybol.ch\/","name":"Trybol AG","description":"Nat\u00fcrliche Schweizer Kosmetik- und Mundpflegeprodukte","publisher":{"@id":"https:\/\/www.trybol.ch\/#organization"},"potentialAction":[{"@type":"SearchAction","target":{"@type":"EntryPoint","urlTemplate":"https:\/\/www.trybol.ch\/?s={search_term_string}"},"query-input":{"@type":"PropertyValueSpecification","valueRequired":true,"valueName":"search_term_string"}}],"inLanguage":"fr-FR"},{"@type":"Organization","@id":"https:\/\/www.trybol.ch\/#organization","name":"Trybol AG","url":"https:\/\/www.trybol.ch\/","logo":{"@type":"ImageObject","inLanguage":"fr-FR","@id":"https:\/\/www.trybol.ch\/#\/schema\/logo\/image\/","url":"https:\/\/trybol.ch\/wp-content\/uploads\/trybol_rgb-min.png","contentUrl":"https:\/\/trybol.ch\/wp-content\/uploads\/trybol_rgb-min.png","width":560,"height":220,"caption":"Trybol AG"},"image":{"@id":"https:\/\/www.trybol.ch\/#\/schema\/logo\/image\/"}}]}},"_links":{"self":[{"href":"https:\/\/www.trybol.ch\/fr\/wp-json\/wp\/v2\/product\/2223","targetHints":{"allow":["GET"]}}],"collection":[{"href":"https:\/\/www.trybol.ch\/fr\/wp-json\/wp\/v2\/product"}],"about":[{"href":"https:\/\/www.trybol.ch\/fr\/wp-json\/wp\/v2\/types\/product"}],"replies":[{"embeddable":true,"href":"https:\/\/www.trybol.ch\/fr\/wp-json\/wp\/v2\/comments?post=2223"}],"wp:featuredmedia":[{"embeddable":true,"href":"https:\/\/www.trybol.ch\/fr\/wp-json\/wp\/v2\/media\/1849"}],"wp:attachment":[{"href":"https:\/\/www.trybol.ch\/fr\/wp-json\/wp\/v2\/media?parent=2223"}],"wp:term":[{"taxonomy":"product_brand","embeddable":true,"href":"https:\/\/www.trybol.ch\/fr\/wp-json\/wp\/v2\/product_brand?post=2223"},{"taxonomy":"product_cat","embeddable":true,"href":"https:\/\/www.trybol.ch\/fr\/wp-json\/wp\/v2\/product_cat?post=2223"},{"taxonomy":"product_tag","embeddable":true,"href":"https:\/\/www.trybol.ch\/fr\/wp-json\/wp\/v2\/product_tag?post=2223"}],"curies":[{"name":"wp","href":"https:\/\/api.w.org\/{rel}","templated":true}]}}