{"id":2220,"date":"2017-09-01T11:26:43","date_gmt":"2017-09-01T10:27:32","guid":{"rendered":"https:\/\/trybol.ch\/shop\/tomaii-hair-gel-spray-fixation-extra-forte\/"},"modified":"2022-04-22T04:53:41","modified_gmt":"2022-04-22T02:53:41","slug":"tomaii-hair-gel-spray","status":"publish","type":"product","link":"https:\/\/www.trybol.ch\/fr\/shop\/tomaii-hair-gel-spray\/","title":{"rendered":"Tomaii Hair Gel Spray"},"content":{"rendered":"<p>Description : Gel spray permettant de structurer les cheveux boucl\u00e9s courts \u00e0 mi-longs. Offre \u00e0 la coiffure une tenue forte et un nouvel essor.<\/p>\n<p>Utilisation : Peut \u00eatre appliqu\u00e9 sur cheveux secs ou mouill\u00e9s.<\/p>\n<p>Type de cheveux : Tous types de cheveux<\/p>\n<p><strong>Composants et Propri\u00e9t\u00e9s<\/strong><\/p>\n<p>Polyvinyle pyrrolidine\/ Ac\u00e9tate de vinyle (PVP\/VA)\u00a0: Le PVP\/VA est un durcisseur et un agent filmog\u00e8ne. Il se r\u00e9partit uniform\u00e9ment sur la chevelure. De plus, il ne devient pas collant en cas de forte humidit\u00e9 de l&rsquo;air.<\/p>\n<p>Gomme laque modifi\u00e9e La gomme laque est un bon \u00a0\u00bb durcisseur \u00ab\u00a0, qui s&rsquo;\u00e9limine toutefois facilement.<\/p>\n<p>Solution quaternaire \u00e0 base de r\u00e9sine artificielle\u00a0: Rend les cheveux faciles \u00e0 peigner et \u00e0 coiffer. Leur donne de l&rsquo;\u00e9clat.<\/p>\n<p>Mode d&#8217;emploi Vaporiser le gel spray directement \u00e0 la naissance des cheveux et modeler la coiffure. Le produit peut \u00eatre vaporis\u00e9 sur les m\u00e8ches isol\u00e9es en vue de leur mise en forme.<\/p>\n<p>Colorants Aucun<\/p>\n<p>Rincer r\u00e9guli\u00e8rement la t\u00eate du pulv\u00e9risateur \u00e0 l&rsquo;eau chaude. Ne pas vaporiser vers une flamme.<\/p>\n<p>Emballage Pompe spray<\/p>\n","protected":false},"excerpt":{"rendered":"<p>fixation extra forte<\/p>\n<p>Capacit\u00e9: 200 ml<\/p>\n","protected":false},"featured_media":8270,"comment_status":"open","ping_status":"closed","template":"","meta":[],"product_brand":[],"product_cat":[61],"product_tag":[],"class_list":{"0":"post-2220","1":"product","2":"type-product","3":"status-publish","4":"has-post-thumbnail","6":"product_cat-tomaii-soins-capillaires","7":"product_shipping_class-normalprodukte-fr","10":"first","11":"instock","12":"taxable","13":"shipping-taxable","14":"purchasable","15":"product-type-simple"},"yoast_head":"<!-- This site is optimized with the Yoast SEO plugin v27.4 - https:\/\/yoast.com\/product\/yoast-seo-wordpress\/ -->\n<title>Tomaii Hair Gel Spray - Trybol AG<\/title>\n<meta name=\"robots\" content=\"index, follow, max-snippet:-1, max-image-preview:large, max-video-preview:-1\" \/>\n<link rel=\"canonical\" href=\"https:\/\/www.trybol.ch\/fr\/shop\/tomaii-hair-gel-spray\/\" \/>\n<meta property=\"og:locale\" content=\"fr_FR\" \/>\n<meta property=\"og:type\" content=\"article\" \/>\n<meta property=\"og:title\" content=\"Tomaii Hair Gel Spray - Trybol AG\" \/>\n<meta property=\"og:description\" content=\"fixation extra forte  Capacit\u00e9: 200 ml\" \/>\n<meta property=\"og:url\" content=\"https:\/\/www.trybol.ch\/fr\/shop\/tomaii-hair-gel-spray\/\" \/>\n<meta property=\"og:site_name\" content=\"Trybol AG\" \/>\n<meta property=\"article:modified_time\" content=\"2022-04-22T02:53:41+00:00\" \/>\n<meta property=\"og:image\" content=\"https:\/\/www.trybol.ch\/wp-content\/uploads\/TOM5803-2.jpg\" \/>\n\t<meta property=\"og:image:width\" content=\"391\" \/>\n\t<meta property=\"og:image:height\" content=\"600\" \/>\n\t<meta property=\"og:image:type\" content=\"image\/jpeg\" \/>\n<meta name=\"twitter:card\" content=\"summary_large_image\" \/>\n<meta name=\"twitter:label1\" content=\"Dur\u00e9e de lecture estim\u00e9e\" \/>\n\t<meta name=\"twitter:data1\" content=\"1 minute\" \/>\n<script type=\"application\/ld+json\" class=\"yoast-schema-graph\">{\"@context\":\"https:\\\/\\\/schema.org\",\"@graph\":[{\"@type\":\"WebPage\",\"@id\":\"https:\\\/\\\/www.trybol.ch\\\/fr\\\/shop\\\/tomaii-hair-gel-spray\\\/\",\"url\":\"https:\\\/\\\/www.trybol.ch\\\/fr\\\/shop\\\/tomaii-hair-gel-spray\\\/\",\"name\":\"Tomaii Hair Gel Spray - Trybol AG\",\"isPartOf\":{\"@id\":\"https:\\\/\\\/www.trybol.ch\\\/#website\"},\"primaryImageOfPage\":{\"@id\":\"https:\\\/\\\/www.trybol.ch\\\/fr\\\/shop\\\/tomaii-hair-gel-spray\\\/#primaryimage\"},\"image\":{\"@id\":\"https:\\\/\\\/www.trybol.ch\\\/fr\\\/shop\\\/tomaii-hair-gel-spray\\\/#primaryimage\"},\"thumbnailUrl\":\"https:\\\/\\\/www.trybol.ch\\\/wp-content\\\/uploads\\\/TOM5803-200.jpg\",\"datePublished\":\"2017-09-01T10:27:32+00:00\",\"dateModified\":\"2022-04-22T02:53:41+00:00\",\"breadcrumb\":{\"@id\":\"https:\\\/\\\/www.trybol.ch\\\/fr\\\/shop\\\/tomaii-hair-gel-spray\\\/#breadcrumb\"},\"inLanguage\":\"fr-FR\",\"potentialAction\":[{\"@type\":\"ReadAction\",\"target\":[\"https:\\\/\\\/www.trybol.ch\\\/fr\\\/shop\\\/tomaii-hair-gel-spray\\\/\"]}]},{\"@type\":\"ImageObject\",\"inLanguage\":\"fr-FR\",\"@id\":\"https:\\\/\\\/www.trybol.ch\\\/fr\\\/shop\\\/tomaii-hair-gel-spray\\\/#primaryimage\",\"url\":\"https:\\\/\\\/www.trybol.ch\\\/wp-content\\\/uploads\\\/TOM5803-200.jpg\",\"contentUrl\":\"https:\\\/\\\/www.trybol.ch\\\/wp-content\\\/uploads\\\/TOM5803-200.jpg\",\"width\":1150,\"height\":1380},{\"@type\":\"BreadcrumbList\",\"@id\":\"https:\\\/\\\/www.trybol.ch\\\/fr\\\/shop\\\/tomaii-hair-gel-spray\\\/#breadcrumb\",\"itemListElement\":[{\"@type\":\"ListItem\",\"position\":1,\"name\":\"Home\",\"item\":\"https:\\\/\\\/www.trybol.ch\\\/fr\\\/home\\\/\"},{\"@type\":\"ListItem\",\"position\":2,\"name\":\"Boutique\",\"item\":\"https:\\\/\\\/www.trybol.ch\\\/fr\\\/boutique\\\/\"},{\"@type\":\"ListItem\",\"position\":3,\"name\":\"Tomaii Hair Gel Spray\"}]},{\"@type\":\"WebSite\",\"@id\":\"https:\\\/\\\/www.trybol.ch\\\/#website\",\"url\":\"https:\\\/\\\/www.trybol.ch\\\/\",\"name\":\"Trybol AG\",\"description\":\"Nat\u00fcrliche Schweizer Kosmetik- und Mundpflegeprodukte\",\"publisher\":{\"@id\":\"https:\\\/\\\/www.trybol.ch\\\/#organization\"},\"potentialAction\":[{\"@type\":\"SearchAction\",\"target\":{\"@type\":\"EntryPoint\",\"urlTemplate\":\"https:\\\/\\\/www.trybol.ch\\\/?s={search_term_string}\"},\"query-input\":{\"@type\":\"PropertyValueSpecification\",\"valueRequired\":true,\"valueName\":\"search_term_string\"}}],\"inLanguage\":\"fr-FR\"},{\"@type\":\"Organization\",\"@id\":\"https:\\\/\\\/www.trybol.ch\\\/#organization\",\"name\":\"Trybol AG\",\"url\":\"https:\\\/\\\/www.trybol.ch\\\/\",\"logo\":{\"@type\":\"ImageObject\",\"inLanguage\":\"fr-FR\",\"@id\":\"https:\\\/\\\/www.trybol.ch\\\/#\\\/schema\\\/logo\\\/image\\\/\",\"url\":\"https:\\\/\\\/trybol.ch\\\/wp-content\\\/uploads\\\/trybol_rgb-min.png\",\"contentUrl\":\"https:\\\/\\\/trybol.ch\\\/wp-content\\\/uploads\\\/trybol_rgb-min.png\",\"width\":560,\"height\":220,\"caption\":\"Trybol AG\"},\"image\":{\"@id\":\"https:\\\/\\\/www.trybol.ch\\\/#\\\/schema\\\/logo\\\/image\\\/\"}}]}<\/script>\n<!-- \/ Yoast SEO plugin. -->","yoast_head_json":{"title":"Tomaii Hair Gel Spray - Trybol AG","robots":{"index":"index","follow":"follow","max-snippet":"max-snippet:-1","max-image-preview":"max-image-preview:large","max-video-preview":"max-video-preview:-1"},"canonical":"https:\/\/www.trybol.ch\/fr\/shop\/tomaii-hair-gel-spray\/","og_locale":"fr_FR","og_type":"article","og_title":"Tomaii Hair Gel Spray - Trybol AG","og_description":"fixation extra forte  Capacit\u00e9: 200 ml","og_url":"https:\/\/www.trybol.ch\/fr\/shop\/tomaii-hair-gel-spray\/","og_site_name":"Trybol AG","article_modified_time":"2022-04-22T02:53:41+00:00","og_image":[{"width":391,"height":600,"url":"https:\/\/www.trybol.ch\/wp-content\/uploads\/TOM5803-2.jpg","type":"image\/jpeg"}],"twitter_card":"summary_large_image","twitter_misc":{"Dur\u00e9e de lecture estim\u00e9e":"1 minute"},"schema":{"@context":"https:\/\/schema.org","@graph":[{"@type":"WebPage","@id":"https:\/\/www.trybol.ch\/fr\/shop\/tomaii-hair-gel-spray\/","url":"https:\/\/www.trybol.ch\/fr\/shop\/tomaii-hair-gel-spray\/","name":"Tomaii Hair Gel Spray - Trybol AG","isPartOf":{"@id":"https:\/\/www.trybol.ch\/#website"},"primaryImageOfPage":{"@id":"https:\/\/www.trybol.ch\/fr\/shop\/tomaii-hair-gel-spray\/#primaryimage"},"image":{"@id":"https:\/\/www.trybol.ch\/fr\/shop\/tomaii-hair-gel-spray\/#primaryimage"},"thumbnailUrl":"https:\/\/www.trybol.ch\/wp-content\/uploads\/TOM5803-200.jpg","datePublished":"2017-09-01T10:27:32+00:00","dateModified":"2022-04-22T02:53:41+00:00","breadcrumb":{"@id":"https:\/\/www.trybol.ch\/fr\/shop\/tomaii-hair-gel-spray\/#breadcrumb"},"inLanguage":"fr-FR","potentialAction":[{"@type":"ReadAction","target":["https:\/\/www.trybol.ch\/fr\/shop\/tomaii-hair-gel-spray\/"]}]},{"@type":"ImageObject","inLanguage":"fr-FR","@id":"https:\/\/www.trybol.ch\/fr\/shop\/tomaii-hair-gel-spray\/#primaryimage","url":"https:\/\/www.trybol.ch\/wp-content\/uploads\/TOM5803-200.jpg","contentUrl":"https:\/\/www.trybol.ch\/wp-content\/uploads\/TOM5803-200.jpg","width":1150,"height":1380},{"@type":"BreadcrumbList","@id":"https:\/\/www.trybol.ch\/fr\/shop\/tomaii-hair-gel-spray\/#breadcrumb","itemListElement":[{"@type":"ListItem","position":1,"name":"Home","item":"https:\/\/www.trybol.ch\/fr\/home\/"},{"@type":"ListItem","position":2,"name":"Boutique","item":"https:\/\/www.trybol.ch\/fr\/boutique\/"},{"@type":"ListItem","position":3,"name":"Tomaii Hair Gel Spray"}]},{"@type":"WebSite","@id":"https:\/\/www.trybol.ch\/#website","url":"https:\/\/www.trybol.ch\/","name":"Trybol AG","description":"Nat\u00fcrliche Schweizer Kosmetik- und Mundpflegeprodukte","publisher":{"@id":"https:\/\/www.trybol.ch\/#organization"},"potentialAction":[{"@type":"SearchAction","target":{"@type":"EntryPoint","urlTemplate":"https:\/\/www.trybol.ch\/?s={search_term_string}"},"query-input":{"@type":"PropertyValueSpecification","valueRequired":true,"valueName":"search_term_string"}}],"inLanguage":"fr-FR"},{"@type":"Organization","@id":"https:\/\/www.trybol.ch\/#organization","name":"Trybol AG","url":"https:\/\/www.trybol.ch\/","logo":{"@type":"ImageObject","inLanguage":"fr-FR","@id":"https:\/\/www.trybol.ch\/#\/schema\/logo\/image\/","url":"https:\/\/trybol.ch\/wp-content\/uploads\/trybol_rgb-min.png","contentUrl":"https:\/\/trybol.ch\/wp-content\/uploads\/trybol_rgb-min.png","width":560,"height":220,"caption":"Trybol AG"},"image":{"@id":"https:\/\/www.trybol.ch\/#\/schema\/logo\/image\/"}}]}},"_links":{"self":[{"href":"https:\/\/www.trybol.ch\/fr\/wp-json\/wp\/v2\/product\/2220","targetHints":{"allow":["GET"]}}],"collection":[{"href":"https:\/\/www.trybol.ch\/fr\/wp-json\/wp\/v2\/product"}],"about":[{"href":"https:\/\/www.trybol.ch\/fr\/wp-json\/wp\/v2\/types\/product"}],"replies":[{"embeddable":true,"href":"https:\/\/www.trybol.ch\/fr\/wp-json\/wp\/v2\/comments?post=2220"}],"wp:featuredmedia":[{"embeddable":true,"href":"https:\/\/www.trybol.ch\/fr\/wp-json\/wp\/v2\/media\/8270"}],"wp:attachment":[{"href":"https:\/\/www.trybol.ch\/fr\/wp-json\/wp\/v2\/media?parent=2220"}],"wp:term":[{"taxonomy":"product_brand","embeddable":true,"href":"https:\/\/www.trybol.ch\/fr\/wp-json\/wp\/v2\/product_brand?post=2220"},{"taxonomy":"product_cat","embeddable":true,"href":"https:\/\/www.trybol.ch\/fr\/wp-json\/wp\/v2\/product_cat?post=2220"},{"taxonomy":"product_tag","embeddable":true,"href":"https:\/\/www.trybol.ch\/fr\/wp-json\/wp\/v2\/product_tag?post=2220"}],"curies":[{"name":"wp","href":"https:\/\/api.w.org\/{rel}","templated":true}]}}