{"id":2192,"date":"2017-09-01T11:26:31","date_gmt":"2017-09-01T10:27:32","guid":{"rendered":"https:\/\/trybol.ch\/shop\/tomaii-tonique-capillaire-bio-actif-cheveux-blancs-et-gris-bleu\/"},"modified":"2022-04-22T04:24:24","modified_gmt":"2022-04-22T02:24:24","slug":"tomaii-tonique-capillaire-bio-actif-bleu","status":"publish","type":"product","link":"https:\/\/www.trybol.ch\/fr\/shop\/tomaii-tonique-capillaire-bio-actif-bleu\/","title":{"rendered":"Tomaii Tonique capillaire bio-actif bleu"},"content":{"rendered":"<p>Description\u00a0: Fortifiant capillaire pour cheveux blancs et gris. Adapt\u00e9 aux cheveux gras. Combat les pellicules peu abondantes. Garde les cheveux sains et beaux, renforce leur volume. Favorise la pousse des cheveux et pr\u00e9vient leur chute.<\/p>\n<p>Utilisation\u00a0: Soin apr\u00e8s-shampoing sp\u00e9cifique.<\/p>\n<p>Type de cheveux\u00a0: Cheveux blancs et gris. Particuli\u00e8rement recommand\u00e9 pour les cheveux gras et en traitement des pellicules peu abondantes.<\/p>\n<p><strong>Composants Propri\u00e9t\u00e9s<\/strong><\/p>\n<p>Panth\u00e9nol Le panth\u00e9nol r\u00e9g\u00e9n\u00e8re le cuir chevelu et joue un r\u00f4le essentiel dans le renouvellement cellulaire. La chevelure s\u2019\u00e9paissit.<\/p>\n<p>M\u00e9lange de compos\u00e9s d\u2019ammoniums quaternaires tr\u00e8s purs avec inhibiteurs d\u2019enzymes\u00a0: Ces compos\u00e9s d\u2019ammoniums quaternaires\u00a0combattent les pellicules en emp\u00eachant la formation d\u2019agglom\u00e9rats trop importants et en permettant l\u2019\u00e9limination des pellicules microscopiques au peigne ou \u00e0 la brosse. Les inhibiteurs d\u2019enzymes d\u00e9sactivent l\u2019action des enzymes responsables du morcellement du s\u00e9bum.<\/p>\n<p>Compos\u00e9 sulfur\u00e9 organique Le souffre attire les cellules de l\u2019\u00e9piderme et stimule leur renouvellement, acc\u00e9l\u00e9rant ainsi l\u2019autonettoyage du cuir chevelu et des cheveux.<\/p>\n<p>Modification Solution alcoolique-aqueuse<\/p>\n<p>Couleur Bleu<\/p>\n<p>Mode d\u2019emploi Apr\u00e8s chaque shampoing, masser l\u00e9g\u00e8rement du bout des doigts sur le cuir chevelu. Pour un soin intensif, appliquer 2 fois par jour. Pour une utilisation normale, appliquer 4-5 fois par semaine.<\/p>\n","protected":false},"excerpt":{"rendered":"<p>pour cheveux blancs et gris<\/p>\n<p>Capacit\u00e9: 200 ml<\/p>\n","protected":false},"featured_media":8264,"comment_status":"open","ping_status":"closed","template":"","meta":[],"product_brand":[],"product_cat":[61],"product_tag":[],"class_list":{"0":"post-2192","1":"product","2":"type-product","3":"status-publish","4":"has-post-thumbnail","6":"product_cat-tomaii-soins-capillaires","7":"product_shipping_class-normalprodukte-fr","10":"first","11":"instock","12":"taxable","13":"shipping-taxable","14":"purchasable","15":"product-type-simple"},"yoast_head":"<!-- This site is optimized with the Yoast SEO plugin v27.4 - https:\/\/yoast.com\/product\/yoast-seo-wordpress\/ -->\n<title>Tomaii Tonique capillaire bio-actif bleu - Trybol AG<\/title>\n<meta name=\"robots\" content=\"index, follow, max-snippet:-1, max-image-preview:large, max-video-preview:-1\" \/>\n<link rel=\"canonical\" href=\"https:\/\/www.trybol.ch\/fr\/shop\/tomaii-tonique-capillaire-bio-actif-bleu\/\" \/>\n<meta property=\"og:locale\" content=\"fr_FR\" \/>\n<meta property=\"og:type\" content=\"article\" \/>\n<meta property=\"og:title\" content=\"Tomaii Tonique capillaire bio-actif bleu - Trybol AG\" \/>\n<meta property=\"og:description\" content=\"pour cheveux blancs et gris  Capacit\u00e9: 200 ml\" \/>\n<meta property=\"og:url\" content=\"https:\/\/www.trybol.ch\/fr\/shop\/tomaii-tonique-capillaire-bio-actif-bleu\/\" \/>\n<meta property=\"og:site_name\" content=\"Trybol AG\" \/>\n<meta property=\"article:modified_time\" content=\"2022-04-22T02:24:24+00:00\" \/>\n<meta property=\"og:image\" content=\"https:\/\/www.trybol.ch\/wp-content\/uploads\/TOM3813-3.jpg\" \/>\n\t<meta property=\"og:image:width\" content=\"357\" \/>\n\t<meta property=\"og:image:height\" content=\"600\" \/>\n\t<meta property=\"og:image:type\" content=\"image\/jpeg\" \/>\n<meta name=\"twitter:card\" content=\"summary_large_image\" \/>\n<meta name=\"twitter:label1\" content=\"Dur\u00e9e de lecture estim\u00e9e\" \/>\n\t<meta name=\"twitter:data1\" content=\"1 minute\" \/>\n<script type=\"application\/ld+json\" class=\"yoast-schema-graph\">{\"@context\":\"https:\\\/\\\/schema.org\",\"@graph\":[{\"@type\":\"WebPage\",\"@id\":\"https:\\\/\\\/www.trybol.ch\\\/fr\\\/shop\\\/tomaii-tonique-capillaire-bio-actif-bleu\\\/\",\"url\":\"https:\\\/\\\/www.trybol.ch\\\/fr\\\/shop\\\/tomaii-tonique-capillaire-bio-actif-bleu\\\/\",\"name\":\"Tomaii Tonique capillaire bio-actif bleu - Trybol AG\",\"isPartOf\":{\"@id\":\"https:\\\/\\\/www.trybol.ch\\\/#website\"},\"primaryImageOfPage\":{\"@id\":\"https:\\\/\\\/www.trybol.ch\\\/fr\\\/shop\\\/tomaii-tonique-capillaire-bio-actif-bleu\\\/#primaryimage\"},\"image\":{\"@id\":\"https:\\\/\\\/www.trybol.ch\\\/fr\\\/shop\\\/tomaii-tonique-capillaire-bio-actif-bleu\\\/#primaryimage\"},\"thumbnailUrl\":\"https:\\\/\\\/www.trybol.ch\\\/wp-content\\\/uploads\\\/TOM3813-200.jpg\",\"datePublished\":\"2017-09-01T10:27:32+00:00\",\"dateModified\":\"2022-04-22T02:24:24+00:00\",\"breadcrumb\":{\"@id\":\"https:\\\/\\\/www.trybol.ch\\\/fr\\\/shop\\\/tomaii-tonique-capillaire-bio-actif-bleu\\\/#breadcrumb\"},\"inLanguage\":\"fr-FR\",\"potentialAction\":[{\"@type\":\"ReadAction\",\"target\":[\"https:\\\/\\\/www.trybol.ch\\\/fr\\\/shop\\\/tomaii-tonique-capillaire-bio-actif-bleu\\\/\"]}]},{\"@type\":\"ImageObject\",\"inLanguage\":\"fr-FR\",\"@id\":\"https:\\\/\\\/www.trybol.ch\\\/fr\\\/shop\\\/tomaii-tonique-capillaire-bio-actif-bleu\\\/#primaryimage\",\"url\":\"https:\\\/\\\/www.trybol.ch\\\/wp-content\\\/uploads\\\/TOM3813-200.jpg\",\"contentUrl\":\"https:\\\/\\\/www.trybol.ch\\\/wp-content\\\/uploads\\\/TOM3813-200.jpg\",\"width\":1168,\"height\":1336},{\"@type\":\"BreadcrumbList\",\"@id\":\"https:\\\/\\\/www.trybol.ch\\\/fr\\\/shop\\\/tomaii-tonique-capillaire-bio-actif-bleu\\\/#breadcrumb\",\"itemListElement\":[{\"@type\":\"ListItem\",\"position\":1,\"name\":\"Home\",\"item\":\"https:\\\/\\\/www.trybol.ch\\\/fr\\\/home\\\/\"},{\"@type\":\"ListItem\",\"position\":2,\"name\":\"Boutique\",\"item\":\"https:\\\/\\\/www.trybol.ch\\\/fr\\\/boutique\\\/\"},{\"@type\":\"ListItem\",\"position\":3,\"name\":\"Tomaii Tonique capillaire bio-actif bleu\"}]},{\"@type\":\"WebSite\",\"@id\":\"https:\\\/\\\/www.trybol.ch\\\/#website\",\"url\":\"https:\\\/\\\/www.trybol.ch\\\/\",\"name\":\"Trybol AG\",\"description\":\"Nat\u00fcrliche Schweizer Kosmetik- und Mundpflegeprodukte\",\"publisher\":{\"@id\":\"https:\\\/\\\/www.trybol.ch\\\/#organization\"},\"potentialAction\":[{\"@type\":\"SearchAction\",\"target\":{\"@type\":\"EntryPoint\",\"urlTemplate\":\"https:\\\/\\\/www.trybol.ch\\\/?s={search_term_string}\"},\"query-input\":{\"@type\":\"PropertyValueSpecification\",\"valueRequired\":true,\"valueName\":\"search_term_string\"}}],\"inLanguage\":\"fr-FR\"},{\"@type\":\"Organization\",\"@id\":\"https:\\\/\\\/www.trybol.ch\\\/#organization\",\"name\":\"Trybol AG\",\"url\":\"https:\\\/\\\/www.trybol.ch\\\/\",\"logo\":{\"@type\":\"ImageObject\",\"inLanguage\":\"fr-FR\",\"@id\":\"https:\\\/\\\/www.trybol.ch\\\/#\\\/schema\\\/logo\\\/image\\\/\",\"url\":\"https:\\\/\\\/trybol.ch\\\/wp-content\\\/uploads\\\/trybol_rgb-min.png\",\"contentUrl\":\"https:\\\/\\\/trybol.ch\\\/wp-content\\\/uploads\\\/trybol_rgb-min.png\",\"width\":560,\"height\":220,\"caption\":\"Trybol AG\"},\"image\":{\"@id\":\"https:\\\/\\\/www.trybol.ch\\\/#\\\/schema\\\/logo\\\/image\\\/\"}}]}<\/script>\n<!-- \/ Yoast SEO plugin. -->","yoast_head_json":{"title":"Tomaii Tonique capillaire bio-actif bleu - Trybol AG","robots":{"index":"index","follow":"follow","max-snippet":"max-snippet:-1","max-image-preview":"max-image-preview:large","max-video-preview":"max-video-preview:-1"},"canonical":"https:\/\/www.trybol.ch\/fr\/shop\/tomaii-tonique-capillaire-bio-actif-bleu\/","og_locale":"fr_FR","og_type":"article","og_title":"Tomaii Tonique capillaire bio-actif bleu - Trybol AG","og_description":"pour cheveux blancs et gris  Capacit\u00e9: 200 ml","og_url":"https:\/\/www.trybol.ch\/fr\/shop\/tomaii-tonique-capillaire-bio-actif-bleu\/","og_site_name":"Trybol AG","article_modified_time":"2022-04-22T02:24:24+00:00","og_image":[{"width":357,"height":600,"url":"https:\/\/www.trybol.ch\/wp-content\/uploads\/TOM3813-3.jpg","type":"image\/jpeg"}],"twitter_card":"summary_large_image","twitter_misc":{"Dur\u00e9e de lecture estim\u00e9e":"1 minute"},"schema":{"@context":"https:\/\/schema.org","@graph":[{"@type":"WebPage","@id":"https:\/\/www.trybol.ch\/fr\/shop\/tomaii-tonique-capillaire-bio-actif-bleu\/","url":"https:\/\/www.trybol.ch\/fr\/shop\/tomaii-tonique-capillaire-bio-actif-bleu\/","name":"Tomaii Tonique capillaire bio-actif bleu - Trybol AG","isPartOf":{"@id":"https:\/\/www.trybol.ch\/#website"},"primaryImageOfPage":{"@id":"https:\/\/www.trybol.ch\/fr\/shop\/tomaii-tonique-capillaire-bio-actif-bleu\/#primaryimage"},"image":{"@id":"https:\/\/www.trybol.ch\/fr\/shop\/tomaii-tonique-capillaire-bio-actif-bleu\/#primaryimage"},"thumbnailUrl":"https:\/\/www.trybol.ch\/wp-content\/uploads\/TOM3813-200.jpg","datePublished":"2017-09-01T10:27:32+00:00","dateModified":"2022-04-22T02:24:24+00:00","breadcrumb":{"@id":"https:\/\/www.trybol.ch\/fr\/shop\/tomaii-tonique-capillaire-bio-actif-bleu\/#breadcrumb"},"inLanguage":"fr-FR","potentialAction":[{"@type":"ReadAction","target":["https:\/\/www.trybol.ch\/fr\/shop\/tomaii-tonique-capillaire-bio-actif-bleu\/"]}]},{"@type":"ImageObject","inLanguage":"fr-FR","@id":"https:\/\/www.trybol.ch\/fr\/shop\/tomaii-tonique-capillaire-bio-actif-bleu\/#primaryimage","url":"https:\/\/www.trybol.ch\/wp-content\/uploads\/TOM3813-200.jpg","contentUrl":"https:\/\/www.trybol.ch\/wp-content\/uploads\/TOM3813-200.jpg","width":1168,"height":1336},{"@type":"BreadcrumbList","@id":"https:\/\/www.trybol.ch\/fr\/shop\/tomaii-tonique-capillaire-bio-actif-bleu\/#breadcrumb","itemListElement":[{"@type":"ListItem","position":1,"name":"Home","item":"https:\/\/www.trybol.ch\/fr\/home\/"},{"@type":"ListItem","position":2,"name":"Boutique","item":"https:\/\/www.trybol.ch\/fr\/boutique\/"},{"@type":"ListItem","position":3,"name":"Tomaii Tonique capillaire bio-actif bleu"}]},{"@type":"WebSite","@id":"https:\/\/www.trybol.ch\/#website","url":"https:\/\/www.trybol.ch\/","name":"Trybol AG","description":"Nat\u00fcrliche Schweizer Kosmetik- und Mundpflegeprodukte","publisher":{"@id":"https:\/\/www.trybol.ch\/#organization"},"potentialAction":[{"@type":"SearchAction","target":{"@type":"EntryPoint","urlTemplate":"https:\/\/www.trybol.ch\/?s={search_term_string}"},"query-input":{"@type":"PropertyValueSpecification","valueRequired":true,"valueName":"search_term_string"}}],"inLanguage":"fr-FR"},{"@type":"Organization","@id":"https:\/\/www.trybol.ch\/#organization","name":"Trybol AG","url":"https:\/\/www.trybol.ch\/","logo":{"@type":"ImageObject","inLanguage":"fr-FR","@id":"https:\/\/www.trybol.ch\/#\/schema\/logo\/image\/","url":"https:\/\/trybol.ch\/wp-content\/uploads\/trybol_rgb-min.png","contentUrl":"https:\/\/trybol.ch\/wp-content\/uploads\/trybol_rgb-min.png","width":560,"height":220,"caption":"Trybol AG"},"image":{"@id":"https:\/\/www.trybol.ch\/#\/schema\/logo\/image\/"}}]}},"_links":{"self":[{"href":"https:\/\/www.trybol.ch\/fr\/wp-json\/wp\/v2\/product\/2192","targetHints":{"allow":["GET"]}}],"collection":[{"href":"https:\/\/www.trybol.ch\/fr\/wp-json\/wp\/v2\/product"}],"about":[{"href":"https:\/\/www.trybol.ch\/fr\/wp-json\/wp\/v2\/types\/product"}],"replies":[{"embeddable":true,"href":"https:\/\/www.trybol.ch\/fr\/wp-json\/wp\/v2\/comments?post=2192"}],"wp:featuredmedia":[{"embeddable":true,"href":"https:\/\/www.trybol.ch\/fr\/wp-json\/wp\/v2\/media\/8264"}],"wp:attachment":[{"href":"https:\/\/www.trybol.ch\/fr\/wp-json\/wp\/v2\/media?parent=2192"}],"wp:term":[{"taxonomy":"product_brand","embeddable":true,"href":"https:\/\/www.trybol.ch\/fr\/wp-json\/wp\/v2\/product_brand?post=2192"},{"taxonomy":"product_cat","embeddable":true,"href":"https:\/\/www.trybol.ch\/fr\/wp-json\/wp\/v2\/product_cat?post=2192"},{"taxonomy":"product_tag","embeddable":true,"href":"https:\/\/www.trybol.ch\/fr\/wp-json\/wp\/v2\/product_tag?post=2192"}],"curies":[{"name":"wp","href":"https:\/\/api.w.org\/{rel}","templated":true}]}}