{"id":2185,"date":"2017-09-01T11:26:19","date_gmt":"2017-09-01T10:27:20","guid":{"rendered":"https:\/\/trybol.ch\/shop\/tomaii-shampooing-aux-herbes-cheveux-grascontre-les-pellicules\/"},"modified":"2022-04-22T03:45:28","modified_gmt":"2022-04-22T01:45:28","slug":"tomaii-shampooing-aux-herbes","status":"publish","type":"product","link":"https:\/\/www.trybol.ch\/fr\/shop\/tomaii-shampooing-aux-herbes\/","title":{"rendered":"Tomaii Shampooing aux Herbes"},"content":{"rendered":"<p>Description\u00a0: Shampoing doux aux plantes, offrant un soin intense et complet \u00e0 tous les types de cheveux. Retarde le regraissage des cheveux et pr\u00e9vient la formation des pellicules peu abondantes.<\/p>\n<p>Utilisation\u00a0: Adapt\u00e9 aux cheveux gras sujets aux pellicules.<\/p>\n<p>Type de cheveux\u00a0: Cheveux gras, pellicules peu abondantes<\/p>\n<p><strong>Composants Propri\u00e9t\u00e9s<\/strong><\/p>\n<p>Laurylsulfate de sodium, sulfate de laureth TEA (d\u00e9nomination CTFA): Association de tensio-actifs qui nettoie sans irriter les glandes s\u00e9bac\u00e9es.<\/p>\n<p>Extraits de plantes (feuilles d\u2019ortie, racine de bardane, g\u00e9ranium, tussilage): Ce complexe de plantes m\u00e9dicinales r\u00e9gule l\u2019activit\u00e9 des glandes s\u00e9bac\u00e9es et retarde le regraissage.<\/p>\n<p>Panth\u00e9nol Appartenant au groupe des vitamines B, le panth\u00e9nol pr\u00e9vient la k\u00e9ratinisation du cuir chevelu et contribue \u00e0 la bonne sant\u00e9 de la peau et du cuir chevelu.<\/p>\n<p>Conservateurs Chlorure d\u2019ac\u00e9tamide<\/p>\n<p>Mode d\u2019emploi Nettoyer soigneusement les cheveux \u00e0 l\u2019eau chaude. Appliquer le shampoing non dilu\u00e9 et faire mousser en massant. Rincer abondamment et r\u00e9p\u00e9ter.<\/p>\n","protected":false},"excerpt":{"rendered":"<p>pour cheveux gras \/ contre les pellicules<\/p>\n","protected":false},"featured_media":8291,"comment_status":"open","ping_status":"closed","template":"","meta":[],"product_brand":[],"product_cat":[61],"product_tag":[],"class_list":{"0":"post-2185","1":"product","2":"type-product","3":"status-publish","4":"has-post-thumbnail","6":"product_cat-tomaii-soins-capillaires","7":"product_shipping_class-normalprodukte-fr","8":"pa_packagesize-250-ml-fr","9":"pa_packagesize-500-ml-fr","12":"first","13":"instock","14":"taxable","15":"shipping-taxable","16":"purchasable","17":"product-type-simple"},"yoast_head":"<!-- This site is optimized with the Yoast SEO plugin v27.4 - https:\/\/yoast.com\/product\/yoast-seo-wordpress\/ -->\n<title>Tomaii Shampooing aux Herbes - Trybol AG<\/title>\n<meta name=\"robots\" content=\"index, follow, max-snippet:-1, max-image-preview:large, max-video-preview:-1\" \/>\n<link rel=\"canonical\" href=\"https:\/\/www.trybol.ch\/fr\/shop\/tomaii-shampooing-aux-herbes\/\" \/>\n<meta property=\"og:locale\" content=\"fr_FR\" \/>\n<meta property=\"og:type\" content=\"article\" \/>\n<meta property=\"og:title\" content=\"Tomaii Shampooing aux Herbes - Trybol AG\" \/>\n<meta property=\"og:description\" content=\"pour cheveux gras \/ contre les pellicules\" \/>\n<meta property=\"og:url\" content=\"https:\/\/www.trybol.ch\/fr\/shop\/tomaii-shampooing-aux-herbes\/\" \/>\n<meta property=\"og:site_name\" content=\"Trybol AG\" \/>\n<meta property=\"article:modified_time\" content=\"2022-04-22T01:45:28+00:00\" \/>\n<meta property=\"og:image\" content=\"https:\/\/www.trybol.ch\/wp-content\/uploads\/TOM2183-3.jpg\" \/>\n\t<meta property=\"og:image:width\" content=\"407\" \/>\n\t<meta property=\"og:image:height\" content=\"600\" \/>\n\t<meta property=\"og:image:type\" content=\"image\/jpeg\" \/>\n<meta name=\"twitter:card\" content=\"summary_large_image\" \/>\n<meta name=\"twitter:label1\" content=\"Dur\u00e9e de lecture estim\u00e9e\" \/>\n\t<meta name=\"twitter:data1\" content=\"1 minute\" \/>\n<script type=\"application\/ld+json\" class=\"yoast-schema-graph\">{\"@context\":\"https:\\\/\\\/schema.org\",\"@graph\":[{\"@type\":\"WebPage\",\"@id\":\"https:\\\/\\\/www.trybol.ch\\\/fr\\\/shop\\\/tomaii-shampooing-aux-herbes\\\/\",\"url\":\"https:\\\/\\\/www.trybol.ch\\\/fr\\\/shop\\\/tomaii-shampooing-aux-herbes\\\/\",\"name\":\"Tomaii Shampooing aux Herbes - Trybol AG\",\"isPartOf\":{\"@id\":\"https:\\\/\\\/www.trybol.ch\\\/#website\"},\"primaryImageOfPage\":{\"@id\":\"https:\\\/\\\/www.trybol.ch\\\/fr\\\/shop\\\/tomaii-shampooing-aux-herbes\\\/#primaryimage\"},\"image\":{\"@id\":\"https:\\\/\\\/www.trybol.ch\\\/fr\\\/shop\\\/tomaii-shampooing-aux-herbes\\\/#primaryimage\"},\"thumbnailUrl\":\"https:\\\/\\\/www.trybol.ch\\\/wp-content\\\/uploads\\\/TOM2183-500.jpg\",\"datePublished\":\"2017-09-01T10:27:20+00:00\",\"dateModified\":\"2022-04-22T01:45:28+00:00\",\"breadcrumb\":{\"@id\":\"https:\\\/\\\/www.trybol.ch\\\/fr\\\/shop\\\/tomaii-shampooing-aux-herbes\\\/#breadcrumb\"},\"inLanguage\":\"fr-FR\",\"potentialAction\":[{\"@type\":\"ReadAction\",\"target\":[\"https:\\\/\\\/www.trybol.ch\\\/fr\\\/shop\\\/tomaii-shampooing-aux-herbes\\\/\"]}]},{\"@type\":\"ImageObject\",\"inLanguage\":\"fr-FR\",\"@id\":\"https:\\\/\\\/www.trybol.ch\\\/fr\\\/shop\\\/tomaii-shampooing-aux-herbes\\\/#primaryimage\",\"url\":\"https:\\\/\\\/www.trybol.ch\\\/wp-content\\\/uploads\\\/TOM2183-500.jpg\",\"contentUrl\":\"https:\\\/\\\/www.trybol.ch\\\/wp-content\\\/uploads\\\/TOM2183-500.jpg\",\"width\":1288,\"height\":1478},{\"@type\":\"BreadcrumbList\",\"@id\":\"https:\\\/\\\/www.trybol.ch\\\/fr\\\/shop\\\/tomaii-shampooing-aux-herbes\\\/#breadcrumb\",\"itemListElement\":[{\"@type\":\"ListItem\",\"position\":1,\"name\":\"Home\",\"item\":\"https:\\\/\\\/www.trybol.ch\\\/fr\\\/home\\\/\"},{\"@type\":\"ListItem\",\"position\":2,\"name\":\"Boutique\",\"item\":\"https:\\\/\\\/www.trybol.ch\\\/fr\\\/boutique\\\/\"},{\"@type\":\"ListItem\",\"position\":3,\"name\":\"Tomaii Shampooing aux Herbes\"}]},{\"@type\":\"WebSite\",\"@id\":\"https:\\\/\\\/www.trybol.ch\\\/#website\",\"url\":\"https:\\\/\\\/www.trybol.ch\\\/\",\"name\":\"Trybol AG\",\"description\":\"Nat\u00fcrliche Schweizer Kosmetik- und Mundpflegeprodukte\",\"publisher\":{\"@id\":\"https:\\\/\\\/www.trybol.ch\\\/#organization\"},\"potentialAction\":[{\"@type\":\"SearchAction\",\"target\":{\"@type\":\"EntryPoint\",\"urlTemplate\":\"https:\\\/\\\/www.trybol.ch\\\/?s={search_term_string}\"},\"query-input\":{\"@type\":\"PropertyValueSpecification\",\"valueRequired\":true,\"valueName\":\"search_term_string\"}}],\"inLanguage\":\"fr-FR\"},{\"@type\":\"Organization\",\"@id\":\"https:\\\/\\\/www.trybol.ch\\\/#organization\",\"name\":\"Trybol AG\",\"url\":\"https:\\\/\\\/www.trybol.ch\\\/\",\"logo\":{\"@type\":\"ImageObject\",\"inLanguage\":\"fr-FR\",\"@id\":\"https:\\\/\\\/www.trybol.ch\\\/#\\\/schema\\\/logo\\\/image\\\/\",\"url\":\"https:\\\/\\\/trybol.ch\\\/wp-content\\\/uploads\\\/trybol_rgb-min.png\",\"contentUrl\":\"https:\\\/\\\/trybol.ch\\\/wp-content\\\/uploads\\\/trybol_rgb-min.png\",\"width\":560,\"height\":220,\"caption\":\"Trybol AG\"},\"image\":{\"@id\":\"https:\\\/\\\/www.trybol.ch\\\/#\\\/schema\\\/logo\\\/image\\\/\"}}]}<\/script>\n<!-- \/ Yoast SEO plugin. -->","yoast_head_json":{"title":"Tomaii Shampooing aux Herbes - Trybol AG","robots":{"index":"index","follow":"follow","max-snippet":"max-snippet:-1","max-image-preview":"max-image-preview:large","max-video-preview":"max-video-preview:-1"},"canonical":"https:\/\/www.trybol.ch\/fr\/shop\/tomaii-shampooing-aux-herbes\/","og_locale":"fr_FR","og_type":"article","og_title":"Tomaii Shampooing aux Herbes - Trybol AG","og_description":"pour cheveux gras \/ contre les pellicules","og_url":"https:\/\/www.trybol.ch\/fr\/shop\/tomaii-shampooing-aux-herbes\/","og_site_name":"Trybol AG","article_modified_time":"2022-04-22T01:45:28+00:00","og_image":[{"width":407,"height":600,"url":"https:\/\/www.trybol.ch\/wp-content\/uploads\/TOM2183-3.jpg","type":"image\/jpeg"}],"twitter_card":"summary_large_image","twitter_misc":{"Dur\u00e9e de lecture estim\u00e9e":"1 minute"},"schema":{"@context":"https:\/\/schema.org","@graph":[{"@type":"WebPage","@id":"https:\/\/www.trybol.ch\/fr\/shop\/tomaii-shampooing-aux-herbes\/","url":"https:\/\/www.trybol.ch\/fr\/shop\/tomaii-shampooing-aux-herbes\/","name":"Tomaii Shampooing aux Herbes - Trybol AG","isPartOf":{"@id":"https:\/\/www.trybol.ch\/#website"},"primaryImageOfPage":{"@id":"https:\/\/www.trybol.ch\/fr\/shop\/tomaii-shampooing-aux-herbes\/#primaryimage"},"image":{"@id":"https:\/\/www.trybol.ch\/fr\/shop\/tomaii-shampooing-aux-herbes\/#primaryimage"},"thumbnailUrl":"https:\/\/www.trybol.ch\/wp-content\/uploads\/TOM2183-500.jpg","datePublished":"2017-09-01T10:27:20+00:00","dateModified":"2022-04-22T01:45:28+00:00","breadcrumb":{"@id":"https:\/\/www.trybol.ch\/fr\/shop\/tomaii-shampooing-aux-herbes\/#breadcrumb"},"inLanguage":"fr-FR","potentialAction":[{"@type":"ReadAction","target":["https:\/\/www.trybol.ch\/fr\/shop\/tomaii-shampooing-aux-herbes\/"]}]},{"@type":"ImageObject","inLanguage":"fr-FR","@id":"https:\/\/www.trybol.ch\/fr\/shop\/tomaii-shampooing-aux-herbes\/#primaryimage","url":"https:\/\/www.trybol.ch\/wp-content\/uploads\/TOM2183-500.jpg","contentUrl":"https:\/\/www.trybol.ch\/wp-content\/uploads\/TOM2183-500.jpg","width":1288,"height":1478},{"@type":"BreadcrumbList","@id":"https:\/\/www.trybol.ch\/fr\/shop\/tomaii-shampooing-aux-herbes\/#breadcrumb","itemListElement":[{"@type":"ListItem","position":1,"name":"Home","item":"https:\/\/www.trybol.ch\/fr\/home\/"},{"@type":"ListItem","position":2,"name":"Boutique","item":"https:\/\/www.trybol.ch\/fr\/boutique\/"},{"@type":"ListItem","position":3,"name":"Tomaii Shampooing aux Herbes"}]},{"@type":"WebSite","@id":"https:\/\/www.trybol.ch\/#website","url":"https:\/\/www.trybol.ch\/","name":"Trybol AG","description":"Nat\u00fcrliche Schweizer Kosmetik- und Mundpflegeprodukte","publisher":{"@id":"https:\/\/www.trybol.ch\/#organization"},"potentialAction":[{"@type":"SearchAction","target":{"@type":"EntryPoint","urlTemplate":"https:\/\/www.trybol.ch\/?s={search_term_string}"},"query-input":{"@type":"PropertyValueSpecification","valueRequired":true,"valueName":"search_term_string"}}],"inLanguage":"fr-FR"},{"@type":"Organization","@id":"https:\/\/www.trybol.ch\/#organization","name":"Trybol AG","url":"https:\/\/www.trybol.ch\/","logo":{"@type":"ImageObject","inLanguage":"fr-FR","@id":"https:\/\/www.trybol.ch\/#\/schema\/logo\/image\/","url":"https:\/\/trybol.ch\/wp-content\/uploads\/trybol_rgb-min.png","contentUrl":"https:\/\/trybol.ch\/wp-content\/uploads\/trybol_rgb-min.png","width":560,"height":220,"caption":"Trybol AG"},"image":{"@id":"https:\/\/www.trybol.ch\/#\/schema\/logo\/image\/"}}]}},"_links":{"self":[{"href":"https:\/\/www.trybol.ch\/fr\/wp-json\/wp\/v2\/product\/2185","targetHints":{"allow":["GET"]}}],"collection":[{"href":"https:\/\/www.trybol.ch\/fr\/wp-json\/wp\/v2\/product"}],"about":[{"href":"https:\/\/www.trybol.ch\/fr\/wp-json\/wp\/v2\/types\/product"}],"replies":[{"embeddable":true,"href":"https:\/\/www.trybol.ch\/fr\/wp-json\/wp\/v2\/comments?post=2185"}],"wp:featuredmedia":[{"embeddable":true,"href":"https:\/\/www.trybol.ch\/fr\/wp-json\/wp\/v2\/media\/8291"}],"wp:attachment":[{"href":"https:\/\/www.trybol.ch\/fr\/wp-json\/wp\/v2\/media?parent=2185"}],"wp:term":[{"taxonomy":"product_brand","embeddable":true,"href":"https:\/\/www.trybol.ch\/fr\/wp-json\/wp\/v2\/product_brand?post=2185"},{"taxonomy":"product_cat","embeddable":true,"href":"https:\/\/www.trybol.ch\/fr\/wp-json\/wp\/v2\/product_cat?post=2185"},{"taxonomy":"product_tag","embeddable":true,"href":"https:\/\/www.trybol.ch\/fr\/wp-json\/wp\/v2\/product_tag?post=2185"}],"curies":[{"name":"wp","href":"https:\/\/api.w.org\/{rel}","templated":true}]}}