{"id":2184,"date":"2017-09-01T11:26:19","date_gmt":"2017-09-01T10:27:20","guid":{"rendered":"https:\/\/trybol.ch\/shop\/tomaii-shampooing-cd-cheveux-colores-et-permanentes\/"},"modified":"2022-04-22T03:39:32","modified_gmt":"2022-04-22T01:39:32","slug":"tomaii-shampooing-cd","status":"publish","type":"product","link":"https:\/\/www.trybol.ch\/fr\/shop\/tomaii-shampooing-cd\/","title":{"rendered":"Tomaii Shampooing C\/D"},"content":{"rendered":"<p>Description\u00a0: Shampoing doux aux prot\u00e9ines et aux huiles v\u00e9g\u00e9tales. R\u00e9g\u00e9n\u00e8re et prend soin de la chevelure. Souple, celle-ci se pare d\u2019un \u00e9clat resplendissant.<\/p>\n<p>Utilisation et application\u00a0: Lavage avec action sp\u00e9cifique. Id\u00e9al en lavages fr\u00e9quents.<\/p>\n<p>Type de cheveux\u00a0: Cheveux color\u00e9s ou permanent\u00e9s<\/p>\n<p><strong>Composants et Propri\u00e9t\u00e9s<\/strong><\/p>\n<p>M\u00e9lange \u00e9quilibr\u00e9 de 6 tensio-actifs tr\u00e8s doux: Nettoie les cheveux et le cuir chevelu en profondeur, sans irriter. Rend les cheveux souples.<\/p>\n<p>Huile de coco et huile d\u2019olive sous forme oxylis\u00e9e (hydrosoluble): Les huiles apportent aux cheveux les corps gras qui leur manquent.<\/p>\n<p>Concentr\u00e9 de prot\u00e9ines Constituants importants des cheveux et du cuir chevelu.<\/p>\n<p>Colorants Aucun<\/p>\n<p>pH 6,6<\/p>\n<p>Conservateurs Chlorure d\u2019ac\u00e9tamide<\/p>\n<p>Mode d\u2019emploi Nettoyer soigneusement les cheveux \u00e0 l\u2019eau chaude. Appliquer le shampoing non dilu\u00e9. Faire mousser en massant le moins possible. Rincer et r\u00e9p\u00e9ter.<\/p>\n","protected":false},"excerpt":{"rendered":"<p>pour cheveux color\u00e9s et permanent\u00e9s<\/p>\n","protected":false},"featured_media":8240,"comment_status":"open","ping_status":"closed","template":"","meta":[],"product_brand":[],"product_cat":[61],"product_tag":[],"class_list":{"0":"post-2184","1":"product","2":"type-product","3":"status-publish","4":"has-post-thumbnail","6":"product_cat-tomaii-soins-capillaires","7":"product_shipping_class-normalprodukte-fr","10":"first","11":"instock","12":"taxable","13":"shipping-taxable","14":"purchasable","15":"product-type-simple"},"yoast_head":"<!-- This site is optimized with the Yoast SEO plugin v27.4 - https:\/\/yoast.com\/product\/yoast-seo-wordpress\/ -->\n<title>Tomaii Shampooing C\/D - Trybol AG<\/title>\n<meta name=\"robots\" content=\"index, follow, max-snippet:-1, max-image-preview:large, max-video-preview:-1\" \/>\n<link rel=\"canonical\" href=\"https:\/\/www.trybol.ch\/fr\/shop\/tomaii-shampooing-cd\/\" \/>\n<meta property=\"og:locale\" content=\"fr_FR\" \/>\n<meta property=\"og:type\" content=\"article\" \/>\n<meta property=\"og:title\" content=\"Tomaii Shampooing C\/D - Trybol AG\" \/>\n<meta property=\"og:description\" content=\"pour cheveux color\u00e9s et permanent\u00e9s\" \/>\n<meta property=\"og:url\" content=\"https:\/\/www.trybol.ch\/fr\/shop\/tomaii-shampooing-cd\/\" \/>\n<meta property=\"og:site_name\" content=\"Trybol AG\" \/>\n<meta property=\"article:modified_time\" content=\"2022-04-22T01:39:32+00:00\" \/>\n<meta property=\"og:image\" content=\"https:\/\/www.trybol.ch\/wp-content\/uploads\/TOM2173-3.jpg\" \/>\n\t<meta property=\"og:image:width\" content=\"440\" \/>\n\t<meta property=\"og:image:height\" content=\"600\" \/>\n\t<meta property=\"og:image:type\" content=\"image\/jpeg\" \/>\n<meta name=\"twitter:card\" content=\"summary_large_image\" \/>\n<meta name=\"twitter:label1\" content=\"Dur\u00e9e de lecture estim\u00e9e\" \/>\n\t<meta name=\"twitter:data1\" content=\"1 minute\" \/>\n<script type=\"application\/ld+json\" class=\"yoast-schema-graph\">{\"@context\":\"https:\\\/\\\/schema.org\",\"@graph\":[{\"@type\":\"WebPage\",\"@id\":\"https:\\\/\\\/www.trybol.ch\\\/fr\\\/shop\\\/tomaii-shampooing-cd\\\/\",\"url\":\"https:\\\/\\\/www.trybol.ch\\\/fr\\\/shop\\\/tomaii-shampooing-cd\\\/\",\"name\":\"Tomaii Shampooing C\\\/D - Trybol AG\",\"isPartOf\":{\"@id\":\"https:\\\/\\\/www.trybol.ch\\\/#website\"},\"primaryImageOfPage\":{\"@id\":\"https:\\\/\\\/www.trybol.ch\\\/fr\\\/shop\\\/tomaii-shampooing-cd\\\/#primaryimage\"},\"image\":{\"@id\":\"https:\\\/\\\/www.trybol.ch\\\/fr\\\/shop\\\/tomaii-shampooing-cd\\\/#primaryimage\"},\"thumbnailUrl\":\"https:\\\/\\\/www.trybol.ch\\\/wp-content\\\/uploads\\\/TOM2173-500.jpg\",\"datePublished\":\"2017-09-01T10:27:20+00:00\",\"dateModified\":\"2022-04-22T01:39:32+00:00\",\"breadcrumb\":{\"@id\":\"https:\\\/\\\/www.trybol.ch\\\/fr\\\/shop\\\/tomaii-shampooing-cd\\\/#breadcrumb\"},\"inLanguage\":\"fr-FR\",\"potentialAction\":[{\"@type\":\"ReadAction\",\"target\":[\"https:\\\/\\\/www.trybol.ch\\\/fr\\\/shop\\\/tomaii-shampooing-cd\\\/\"]}]},{\"@type\":\"ImageObject\",\"inLanguage\":\"fr-FR\",\"@id\":\"https:\\\/\\\/www.trybol.ch\\\/fr\\\/shop\\\/tomaii-shampooing-cd\\\/#primaryimage\",\"url\":\"https:\\\/\\\/www.trybol.ch\\\/wp-content\\\/uploads\\\/TOM2173-500.jpg\",\"contentUrl\":\"https:\\\/\\\/www.trybol.ch\\\/wp-content\\\/uploads\\\/TOM2173-500.jpg\",\"width\":1280,\"height\":1482},{\"@type\":\"BreadcrumbList\",\"@id\":\"https:\\\/\\\/www.trybol.ch\\\/fr\\\/shop\\\/tomaii-shampooing-cd\\\/#breadcrumb\",\"itemListElement\":[{\"@type\":\"ListItem\",\"position\":1,\"name\":\"Home\",\"item\":\"https:\\\/\\\/www.trybol.ch\\\/fr\\\/home\\\/\"},{\"@type\":\"ListItem\",\"position\":2,\"name\":\"Boutique\",\"item\":\"https:\\\/\\\/www.trybol.ch\\\/fr\\\/boutique\\\/\"},{\"@type\":\"ListItem\",\"position\":3,\"name\":\"Tomaii Shampooing C\\\/D\"}]},{\"@type\":\"WebSite\",\"@id\":\"https:\\\/\\\/www.trybol.ch\\\/#website\",\"url\":\"https:\\\/\\\/www.trybol.ch\\\/\",\"name\":\"Trybol AG\",\"description\":\"Nat\u00fcrliche Schweizer Kosmetik- und Mundpflegeprodukte\",\"publisher\":{\"@id\":\"https:\\\/\\\/www.trybol.ch\\\/#organization\"},\"potentialAction\":[{\"@type\":\"SearchAction\",\"target\":{\"@type\":\"EntryPoint\",\"urlTemplate\":\"https:\\\/\\\/www.trybol.ch\\\/?s={search_term_string}\"},\"query-input\":{\"@type\":\"PropertyValueSpecification\",\"valueRequired\":true,\"valueName\":\"search_term_string\"}}],\"inLanguage\":\"fr-FR\"},{\"@type\":\"Organization\",\"@id\":\"https:\\\/\\\/www.trybol.ch\\\/#organization\",\"name\":\"Trybol AG\",\"url\":\"https:\\\/\\\/www.trybol.ch\\\/\",\"logo\":{\"@type\":\"ImageObject\",\"inLanguage\":\"fr-FR\",\"@id\":\"https:\\\/\\\/www.trybol.ch\\\/#\\\/schema\\\/logo\\\/image\\\/\",\"url\":\"https:\\\/\\\/trybol.ch\\\/wp-content\\\/uploads\\\/trybol_rgb-min.png\",\"contentUrl\":\"https:\\\/\\\/trybol.ch\\\/wp-content\\\/uploads\\\/trybol_rgb-min.png\",\"width\":560,\"height\":220,\"caption\":\"Trybol AG\"},\"image\":{\"@id\":\"https:\\\/\\\/www.trybol.ch\\\/#\\\/schema\\\/logo\\\/image\\\/\"}}]}<\/script>\n<!-- \/ Yoast SEO plugin. -->","yoast_head_json":{"title":"Tomaii Shampooing C\/D - Trybol AG","robots":{"index":"index","follow":"follow","max-snippet":"max-snippet:-1","max-image-preview":"max-image-preview:large","max-video-preview":"max-video-preview:-1"},"canonical":"https:\/\/www.trybol.ch\/fr\/shop\/tomaii-shampooing-cd\/","og_locale":"fr_FR","og_type":"article","og_title":"Tomaii Shampooing C\/D - Trybol AG","og_description":"pour cheveux color\u00e9s et permanent\u00e9s","og_url":"https:\/\/www.trybol.ch\/fr\/shop\/tomaii-shampooing-cd\/","og_site_name":"Trybol AG","article_modified_time":"2022-04-22T01:39:32+00:00","og_image":[{"width":440,"height":600,"url":"https:\/\/www.trybol.ch\/wp-content\/uploads\/TOM2173-3.jpg","type":"image\/jpeg"}],"twitter_card":"summary_large_image","twitter_misc":{"Dur\u00e9e de lecture estim\u00e9e":"1 minute"},"schema":{"@context":"https:\/\/schema.org","@graph":[{"@type":"WebPage","@id":"https:\/\/www.trybol.ch\/fr\/shop\/tomaii-shampooing-cd\/","url":"https:\/\/www.trybol.ch\/fr\/shop\/tomaii-shampooing-cd\/","name":"Tomaii Shampooing C\/D - Trybol AG","isPartOf":{"@id":"https:\/\/www.trybol.ch\/#website"},"primaryImageOfPage":{"@id":"https:\/\/www.trybol.ch\/fr\/shop\/tomaii-shampooing-cd\/#primaryimage"},"image":{"@id":"https:\/\/www.trybol.ch\/fr\/shop\/tomaii-shampooing-cd\/#primaryimage"},"thumbnailUrl":"https:\/\/www.trybol.ch\/wp-content\/uploads\/TOM2173-500.jpg","datePublished":"2017-09-01T10:27:20+00:00","dateModified":"2022-04-22T01:39:32+00:00","breadcrumb":{"@id":"https:\/\/www.trybol.ch\/fr\/shop\/tomaii-shampooing-cd\/#breadcrumb"},"inLanguage":"fr-FR","potentialAction":[{"@type":"ReadAction","target":["https:\/\/www.trybol.ch\/fr\/shop\/tomaii-shampooing-cd\/"]}]},{"@type":"ImageObject","inLanguage":"fr-FR","@id":"https:\/\/www.trybol.ch\/fr\/shop\/tomaii-shampooing-cd\/#primaryimage","url":"https:\/\/www.trybol.ch\/wp-content\/uploads\/TOM2173-500.jpg","contentUrl":"https:\/\/www.trybol.ch\/wp-content\/uploads\/TOM2173-500.jpg","width":1280,"height":1482},{"@type":"BreadcrumbList","@id":"https:\/\/www.trybol.ch\/fr\/shop\/tomaii-shampooing-cd\/#breadcrumb","itemListElement":[{"@type":"ListItem","position":1,"name":"Home","item":"https:\/\/www.trybol.ch\/fr\/home\/"},{"@type":"ListItem","position":2,"name":"Boutique","item":"https:\/\/www.trybol.ch\/fr\/boutique\/"},{"@type":"ListItem","position":3,"name":"Tomaii Shampooing C\/D"}]},{"@type":"WebSite","@id":"https:\/\/www.trybol.ch\/#website","url":"https:\/\/www.trybol.ch\/","name":"Trybol AG","description":"Nat\u00fcrliche Schweizer Kosmetik- und Mundpflegeprodukte","publisher":{"@id":"https:\/\/www.trybol.ch\/#organization"},"potentialAction":[{"@type":"SearchAction","target":{"@type":"EntryPoint","urlTemplate":"https:\/\/www.trybol.ch\/?s={search_term_string}"},"query-input":{"@type":"PropertyValueSpecification","valueRequired":true,"valueName":"search_term_string"}}],"inLanguage":"fr-FR"},{"@type":"Organization","@id":"https:\/\/www.trybol.ch\/#organization","name":"Trybol AG","url":"https:\/\/www.trybol.ch\/","logo":{"@type":"ImageObject","inLanguage":"fr-FR","@id":"https:\/\/www.trybol.ch\/#\/schema\/logo\/image\/","url":"https:\/\/trybol.ch\/wp-content\/uploads\/trybol_rgb-min.png","contentUrl":"https:\/\/trybol.ch\/wp-content\/uploads\/trybol_rgb-min.png","width":560,"height":220,"caption":"Trybol AG"},"image":{"@id":"https:\/\/www.trybol.ch\/#\/schema\/logo\/image\/"}}]}},"_links":{"self":[{"href":"https:\/\/www.trybol.ch\/fr\/wp-json\/wp\/v2\/product\/2184","targetHints":{"allow":["GET"]}}],"collection":[{"href":"https:\/\/www.trybol.ch\/fr\/wp-json\/wp\/v2\/product"}],"about":[{"href":"https:\/\/www.trybol.ch\/fr\/wp-json\/wp\/v2\/types\/product"}],"replies":[{"embeddable":true,"href":"https:\/\/www.trybol.ch\/fr\/wp-json\/wp\/v2\/comments?post=2184"}],"wp:featuredmedia":[{"embeddable":true,"href":"https:\/\/www.trybol.ch\/fr\/wp-json\/wp\/v2\/media\/8240"}],"wp:attachment":[{"href":"https:\/\/www.trybol.ch\/fr\/wp-json\/wp\/v2\/media?parent=2184"}],"wp:term":[{"taxonomy":"product_brand","embeddable":true,"href":"https:\/\/www.trybol.ch\/fr\/wp-json\/wp\/v2\/product_brand?post=2184"},{"taxonomy":"product_cat","embeddable":true,"href":"https:\/\/www.trybol.ch\/fr\/wp-json\/wp\/v2\/product_cat?post=2184"},{"taxonomy":"product_tag","embeddable":true,"href":"https:\/\/www.trybol.ch\/fr\/wp-json\/wp\/v2\/product_tag?post=2184"}],"curies":[{"name":"wp","href":"https:\/\/api.w.org\/{rel}","templated":true}]}}