{"id":2182,"date":"2017-09-01T11:26:19","date_gmt":"2017-09-01T10:27:20","guid":{"rendered":"https:\/\/trybol.ch\/shop\/tomaii-shampooing-lait-vegetal-contre-les-pellicules\/"},"modified":"2022-04-24T23:52:34","modified_gmt":"2022-04-24T21:52:34","slug":"tomaii-shampooing-lait-vegetal","status":"publish","type":"product","link":"https:\/\/www.trybol.ch\/fr\/shop\/tomaii-shampooing-lait-vegetal\/","title":{"rendered":"Tomaii Shampooing Lait V\u00e9g\u00e9tal"},"content":{"rendered":"<p>Description\u00a0: Shampoing soin anti-pelliculaire. \u00c9limine les pellicules, tout en prenant soin des cheveux et du cuir chevelu.<\/p>\n<p>Utilisation\u00a0: Lavage et soin sp\u00e9cifiques du cuir chevelu et des cheveux, associ\u00e9s \u00e0 une action anti-pelliculaire.<\/p>\n<p>Type de cheveux\u00a0: Tous les cheveux ayant des pellicules<\/p>\n<p><strong>Composants et Propri\u00e9t\u00e9s<\/strong><\/p>\n<p>Laurylsulfate de sodium, Sodium cetyl sulfate, Laureth-10: Cette association sp\u00e9ciale de tensio-actifs constitue la base de ce shampoing.<\/p>\n<p>(anti-pelliculaire) M\u00e9lange de liaisons sp\u00e9ciales d\u2019acides und\u00e9cyl\u00e8nes: Aide \u00e0 lutter contre les micro-organismes du cuir chevelu qui sont \u00e0 l\u2019origine de l\u2019apparition des pellicules visibles.<\/p>\n<p>Ce complexe de substances actives s\u2019applique sur le cuir chevelu et reste actif pendant longtemps.<\/p>\n<p>Panth\u00e9nol et plantes (bouleau, ortie, pr\u00eale): Facteur essentiel de la bonne sant\u00e9 des\u00a0cheveux et du cuir chevelu. Les extraits de plantes contiennent notamment des acides organiques qui revitalisent le cuir chevelu.<\/p>\n<p>Modification Bio-soufre 2%<\/p>\n<p>Colorants: aucun<\/p>\n<p>pH 5,8<\/p>\n<p>Conservateurs Chlorure d\u2019ac\u00e9tamide<\/p>\n<p>Mode d\u2019emploi Nettoyer soigneusement les cheveux \u00e0 l\u2019eau chaude. Appliquer le shampoing non dilu\u00e9 et faire mousser en massant. Rincer et r\u00e9p\u00e9ter.<\/p>\n","protected":false},"excerpt":{"rendered":"<p>contre les pellicules<\/p>\n","protected":false},"featured_media":8300,"comment_status":"open","ping_status":"closed","template":"","meta":[],"product_brand":[],"product_cat":[61],"product_tag":[],"class_list":{"0":"post-2182","1":"product","2":"type-product","3":"status-publish","4":"has-post-thumbnail","6":"product_cat-tomaii-soins-capillaires","7":"product_shipping_class-normalprodukte-fr","10":"first","11":"instock","12":"taxable","13":"shipping-taxable","14":"purchasable","15":"product-type-simple"},"yoast_head":"<!-- This site is optimized with the Yoast SEO plugin v27.4 - https:\/\/yoast.com\/product\/yoast-seo-wordpress\/ -->\n<title>Tomaii Shampooing Lait V\u00e9g\u00e9tal - Trybol AG<\/title>\n<meta name=\"robots\" content=\"index, follow, max-snippet:-1, max-image-preview:large, max-video-preview:-1\" \/>\n<link rel=\"canonical\" href=\"https:\/\/www.trybol.ch\/fr\/shop\/tomaii-shampooing-lait-vegetal\/\" \/>\n<meta property=\"og:locale\" content=\"fr_FR\" \/>\n<meta property=\"og:type\" content=\"article\" \/>\n<meta property=\"og:title\" content=\"Tomaii Shampooing Lait V\u00e9g\u00e9tal - Trybol AG\" \/>\n<meta property=\"og:description\" content=\"contre les pellicules\" \/>\n<meta property=\"og:url\" content=\"https:\/\/www.trybol.ch\/fr\/shop\/tomaii-shampooing-lait-vegetal\/\" \/>\n<meta property=\"og:site_name\" content=\"Trybol AG\" \/>\n<meta property=\"article:modified_time\" content=\"2022-04-24T21:52:34+00:00\" \/>\n<meta property=\"og:image\" content=\"https:\/\/www.trybol.ch\/wp-content\/uploads\/TOM2153-3.jpg\" \/>\n\t<meta property=\"og:image:width\" content=\"419\" \/>\n\t<meta property=\"og:image:height\" content=\"600\" \/>\n\t<meta property=\"og:image:type\" content=\"image\/jpeg\" \/>\n<meta name=\"twitter:card\" content=\"summary_large_image\" \/>\n<meta name=\"twitter:label1\" content=\"Dur\u00e9e de lecture estim\u00e9e\" \/>\n\t<meta name=\"twitter:data1\" content=\"1 minute\" \/>\n<script type=\"application\/ld+json\" class=\"yoast-schema-graph\">{\"@context\":\"https:\\\/\\\/schema.org\",\"@graph\":[{\"@type\":\"WebPage\",\"@id\":\"https:\\\/\\\/www.trybol.ch\\\/fr\\\/shop\\\/tomaii-shampooing-lait-vegetal\\\/\",\"url\":\"https:\\\/\\\/www.trybol.ch\\\/fr\\\/shop\\\/tomaii-shampooing-lait-vegetal\\\/\",\"name\":\"Tomaii Shampooing Lait V\u00e9g\u00e9tal - Trybol AG\",\"isPartOf\":{\"@id\":\"https:\\\/\\\/www.trybol.ch\\\/#website\"},\"primaryImageOfPage\":{\"@id\":\"https:\\\/\\\/www.trybol.ch\\\/fr\\\/shop\\\/tomaii-shampooing-lait-vegetal\\\/#primaryimage\"},\"image\":{\"@id\":\"https:\\\/\\\/www.trybol.ch\\\/fr\\\/shop\\\/tomaii-shampooing-lait-vegetal\\\/#primaryimage\"},\"thumbnailUrl\":\"https:\\\/\\\/www.trybol.ch\\\/wp-content\\\/uploads\\\/TOM2153-500.jpg\",\"datePublished\":\"2017-09-01T10:27:20+00:00\",\"dateModified\":\"2022-04-24T21:52:34+00:00\",\"breadcrumb\":{\"@id\":\"https:\\\/\\\/www.trybol.ch\\\/fr\\\/shop\\\/tomaii-shampooing-lait-vegetal\\\/#breadcrumb\"},\"inLanguage\":\"fr-FR\",\"potentialAction\":[{\"@type\":\"ReadAction\",\"target\":[\"https:\\\/\\\/www.trybol.ch\\\/fr\\\/shop\\\/tomaii-shampooing-lait-vegetal\\\/\"]}]},{\"@type\":\"ImageObject\",\"inLanguage\":\"fr-FR\",\"@id\":\"https:\\\/\\\/www.trybol.ch\\\/fr\\\/shop\\\/tomaii-shampooing-lait-vegetal\\\/#primaryimage\",\"url\":\"https:\\\/\\\/www.trybol.ch\\\/wp-content\\\/uploads\\\/TOM2153-500.jpg\",\"contentUrl\":\"https:\\\/\\\/www.trybol.ch\\\/wp-content\\\/uploads\\\/TOM2153-500.jpg\",\"width\":1302,\"height\":1530},{\"@type\":\"BreadcrumbList\",\"@id\":\"https:\\\/\\\/www.trybol.ch\\\/fr\\\/shop\\\/tomaii-shampooing-lait-vegetal\\\/#breadcrumb\",\"itemListElement\":[{\"@type\":\"ListItem\",\"position\":1,\"name\":\"Home\",\"item\":\"https:\\\/\\\/www.trybol.ch\\\/fr\\\/home\\\/\"},{\"@type\":\"ListItem\",\"position\":2,\"name\":\"Boutique\",\"item\":\"https:\\\/\\\/www.trybol.ch\\\/fr\\\/boutique\\\/\"},{\"@type\":\"ListItem\",\"position\":3,\"name\":\"Tomaii Shampooing Lait V\u00e9g\u00e9tal\"}]},{\"@type\":\"WebSite\",\"@id\":\"https:\\\/\\\/www.trybol.ch\\\/#website\",\"url\":\"https:\\\/\\\/www.trybol.ch\\\/\",\"name\":\"Trybol AG\",\"description\":\"Nat\u00fcrliche Schweizer Kosmetik- und Mundpflegeprodukte\",\"publisher\":{\"@id\":\"https:\\\/\\\/www.trybol.ch\\\/#organization\"},\"potentialAction\":[{\"@type\":\"SearchAction\",\"target\":{\"@type\":\"EntryPoint\",\"urlTemplate\":\"https:\\\/\\\/www.trybol.ch\\\/?s={search_term_string}\"},\"query-input\":{\"@type\":\"PropertyValueSpecification\",\"valueRequired\":true,\"valueName\":\"search_term_string\"}}],\"inLanguage\":\"fr-FR\"},{\"@type\":\"Organization\",\"@id\":\"https:\\\/\\\/www.trybol.ch\\\/#organization\",\"name\":\"Trybol AG\",\"url\":\"https:\\\/\\\/www.trybol.ch\\\/\",\"logo\":{\"@type\":\"ImageObject\",\"inLanguage\":\"fr-FR\",\"@id\":\"https:\\\/\\\/www.trybol.ch\\\/#\\\/schema\\\/logo\\\/image\\\/\",\"url\":\"https:\\\/\\\/trybol.ch\\\/wp-content\\\/uploads\\\/trybol_rgb-min.png\",\"contentUrl\":\"https:\\\/\\\/trybol.ch\\\/wp-content\\\/uploads\\\/trybol_rgb-min.png\",\"width\":560,\"height\":220,\"caption\":\"Trybol AG\"},\"image\":{\"@id\":\"https:\\\/\\\/www.trybol.ch\\\/#\\\/schema\\\/logo\\\/image\\\/\"}}]}<\/script>\n<!-- \/ Yoast SEO plugin. -->","yoast_head_json":{"title":"Tomaii Shampooing Lait V\u00e9g\u00e9tal - Trybol AG","robots":{"index":"index","follow":"follow","max-snippet":"max-snippet:-1","max-image-preview":"max-image-preview:large","max-video-preview":"max-video-preview:-1"},"canonical":"https:\/\/www.trybol.ch\/fr\/shop\/tomaii-shampooing-lait-vegetal\/","og_locale":"fr_FR","og_type":"article","og_title":"Tomaii Shampooing Lait V\u00e9g\u00e9tal - Trybol AG","og_description":"contre les pellicules","og_url":"https:\/\/www.trybol.ch\/fr\/shop\/tomaii-shampooing-lait-vegetal\/","og_site_name":"Trybol AG","article_modified_time":"2022-04-24T21:52:34+00:00","og_image":[{"width":419,"height":600,"url":"https:\/\/www.trybol.ch\/wp-content\/uploads\/TOM2153-3.jpg","type":"image\/jpeg"}],"twitter_card":"summary_large_image","twitter_misc":{"Dur\u00e9e de lecture estim\u00e9e":"1 minute"},"schema":{"@context":"https:\/\/schema.org","@graph":[{"@type":"WebPage","@id":"https:\/\/www.trybol.ch\/fr\/shop\/tomaii-shampooing-lait-vegetal\/","url":"https:\/\/www.trybol.ch\/fr\/shop\/tomaii-shampooing-lait-vegetal\/","name":"Tomaii Shampooing Lait V\u00e9g\u00e9tal - Trybol AG","isPartOf":{"@id":"https:\/\/www.trybol.ch\/#website"},"primaryImageOfPage":{"@id":"https:\/\/www.trybol.ch\/fr\/shop\/tomaii-shampooing-lait-vegetal\/#primaryimage"},"image":{"@id":"https:\/\/www.trybol.ch\/fr\/shop\/tomaii-shampooing-lait-vegetal\/#primaryimage"},"thumbnailUrl":"https:\/\/www.trybol.ch\/wp-content\/uploads\/TOM2153-500.jpg","datePublished":"2017-09-01T10:27:20+00:00","dateModified":"2022-04-24T21:52:34+00:00","breadcrumb":{"@id":"https:\/\/www.trybol.ch\/fr\/shop\/tomaii-shampooing-lait-vegetal\/#breadcrumb"},"inLanguage":"fr-FR","potentialAction":[{"@type":"ReadAction","target":["https:\/\/www.trybol.ch\/fr\/shop\/tomaii-shampooing-lait-vegetal\/"]}]},{"@type":"ImageObject","inLanguage":"fr-FR","@id":"https:\/\/www.trybol.ch\/fr\/shop\/tomaii-shampooing-lait-vegetal\/#primaryimage","url":"https:\/\/www.trybol.ch\/wp-content\/uploads\/TOM2153-500.jpg","contentUrl":"https:\/\/www.trybol.ch\/wp-content\/uploads\/TOM2153-500.jpg","width":1302,"height":1530},{"@type":"BreadcrumbList","@id":"https:\/\/www.trybol.ch\/fr\/shop\/tomaii-shampooing-lait-vegetal\/#breadcrumb","itemListElement":[{"@type":"ListItem","position":1,"name":"Home","item":"https:\/\/www.trybol.ch\/fr\/home\/"},{"@type":"ListItem","position":2,"name":"Boutique","item":"https:\/\/www.trybol.ch\/fr\/boutique\/"},{"@type":"ListItem","position":3,"name":"Tomaii Shampooing Lait V\u00e9g\u00e9tal"}]},{"@type":"WebSite","@id":"https:\/\/www.trybol.ch\/#website","url":"https:\/\/www.trybol.ch\/","name":"Trybol AG","description":"Nat\u00fcrliche Schweizer Kosmetik- und Mundpflegeprodukte","publisher":{"@id":"https:\/\/www.trybol.ch\/#organization"},"potentialAction":[{"@type":"SearchAction","target":{"@type":"EntryPoint","urlTemplate":"https:\/\/www.trybol.ch\/?s={search_term_string}"},"query-input":{"@type":"PropertyValueSpecification","valueRequired":true,"valueName":"search_term_string"}}],"inLanguage":"fr-FR"},{"@type":"Organization","@id":"https:\/\/www.trybol.ch\/#organization","name":"Trybol AG","url":"https:\/\/www.trybol.ch\/","logo":{"@type":"ImageObject","inLanguage":"fr-FR","@id":"https:\/\/www.trybol.ch\/#\/schema\/logo\/image\/","url":"https:\/\/trybol.ch\/wp-content\/uploads\/trybol_rgb-min.png","contentUrl":"https:\/\/trybol.ch\/wp-content\/uploads\/trybol_rgb-min.png","width":560,"height":220,"caption":"Trybol AG"},"image":{"@id":"https:\/\/www.trybol.ch\/#\/schema\/logo\/image\/"}}]}},"_links":{"self":[{"href":"https:\/\/www.trybol.ch\/fr\/wp-json\/wp\/v2\/product\/2182","targetHints":{"allow":["GET"]}}],"collection":[{"href":"https:\/\/www.trybol.ch\/fr\/wp-json\/wp\/v2\/product"}],"about":[{"href":"https:\/\/www.trybol.ch\/fr\/wp-json\/wp\/v2\/types\/product"}],"replies":[{"embeddable":true,"href":"https:\/\/www.trybol.ch\/fr\/wp-json\/wp\/v2\/comments?post=2182"}],"wp:featuredmedia":[{"embeddable":true,"href":"https:\/\/www.trybol.ch\/fr\/wp-json\/wp\/v2\/media\/8300"}],"wp:attachment":[{"href":"https:\/\/www.trybol.ch\/fr\/wp-json\/wp\/v2\/media?parent=2182"}],"wp:term":[{"taxonomy":"product_brand","embeddable":true,"href":"https:\/\/www.trybol.ch\/fr\/wp-json\/wp\/v2\/product_brand?post=2182"},{"taxonomy":"product_cat","embeddable":true,"href":"https:\/\/www.trybol.ch\/fr\/wp-json\/wp\/v2\/product_cat?post=2182"},{"taxonomy":"product_tag","embeddable":true,"href":"https:\/\/www.trybol.ch\/fr\/wp-json\/wp\/v2\/product_tag?post=2182"}],"curies":[{"name":"wp","href":"https:\/\/api.w.org\/{rel}","templated":true}]}}