{"id":2149,"date":"2017-09-01T11:26:08","date_gmt":"2017-09-01T10:27:09","guid":{"rendered":"https:\/\/trybol.ch\/shop\/bicosmetic-gelelastil-tenseur-du-buste\/"},"modified":"2017-09-07T16:40:51","modified_gmt":"2017-09-07T14:40:51","slug":"bicosmetic-gelelastil-tenseur-du-buste","status":"publish","type":"product","link":"https:\/\/www.trybol.ch\/fr\/shop\/bicosmetic-gelelastil-tenseur-du-buste\/","title":{"rendered":"Bicosmetic Gelelastil Tenseur du buste"},"content":{"rendered":"<p><strong>Type de peau:<\/strong> Tous les types de peau (corps)<\/p>\n<p><strong>Action:<\/strong> Raffermit et fortifie le tissu de la peau. Accro\u00eet l\u2019\u00e9lasticit\u00e9 et fortifie la structure des tissus.<\/p>\n<p><strong>INCI:<\/strong> Aqua, Rosa Canina, Humulus Lupulus, Hyaluronic Acid, PEG-40 Hydrogenated Castor Oil, Trolamin, Nonoxinol-13, Carbomer, Imidazolidinyl Urea, Anthemis Nobilis, Methylparaben, Parfum<\/p>\n<p>(27.03.2006)<\/p>\n<p><strong>pH-Valeur\/Formulation:<\/strong> 6,5<\/p>\n<p><strong>Principe de traitement:<\/strong> 1) Nettoyer la surface du buste avec BIP4001 + BIP4002<\/p>\n<p>2) Utiliser une cr\u00e8me ou gel gommant exfoliant pour am\u00e9liorer l\u2019absorption de la peau et am\u00e9liorer les tissus.<\/p>\n<p>3) Doucement faire p\u00e9n\u00e9trer le contenu d\u2019une ampoule de BIP5009 (fluide du buste) dans la peau.<\/p>\n<p>4) Masser le buste avec le gel Buste BIP5003<\/p>\n<p>5) Appliquer le Masque Dermo Fruit BIP5005, y compris sur le d\u00e9collet\u00e9. Laisser agir pendant 15 minutes. Enlever avec de l\u2019eau chaude et ensuite appliquer avec mod\u00e9ration le gel du buste. Nous recommandons une th\u00e9rapie de 10 s\u00e9ances.<\/p>\n<p><strong>Num\u00e9ro de commande: <\/strong>BIC5003 50 ml<\/p>\n<p>BIP5003 200 ml<\/p>\n","protected":false},"excerpt":{"rendered":"<p>Tenseur du buste<\/p>\n<p>Capacit\u00e9: 50 ml<\/p>\n","protected":false},"featured_media":8112,"comment_status":"open","ping_status":"closed","template":"","meta":[],"product_brand":[],"product_cat":[58],"product_tag":[],"class_list":{"0":"post-2149","1":"product","2":"type-product","3":"status-publish","4":"has-post-thumbnail","6":"product_cat-bicosmetic-soins-corporels","7":"product_shipping_class-normalprodukte-fr","10":"first","11":"instock","12":"taxable","13":"shipping-taxable","14":"purchasable","15":"product-type-simple"},"yoast_head":"<!-- This site is optimized with the Yoast SEO plugin v27.4 - https:\/\/yoast.com\/product\/yoast-seo-wordpress\/ -->\n<title>Bicosmetic Gelelastil Tenseur du buste - Trybol AG<\/title>\n<meta name=\"robots\" content=\"index, follow, max-snippet:-1, max-image-preview:large, max-video-preview:-1\" \/>\n<link rel=\"canonical\" href=\"https:\/\/www.trybol.ch\/fr\/shop\/bicosmetic-gelelastil-tenseur-du-buste\/\" \/>\n<meta property=\"og:locale\" content=\"fr_FR\" \/>\n<meta property=\"og:type\" content=\"article\" \/>\n<meta property=\"og:title\" content=\"Bicosmetic Gelelastil Tenseur du buste - Trybol AG\" \/>\n<meta property=\"og:description\" content=\"Tenseur du buste  Capacit\u00e9: 50 ml\" \/>\n<meta property=\"og:url\" content=\"https:\/\/www.trybol.ch\/fr\/shop\/bicosmetic-gelelastil-tenseur-du-buste\/\" \/>\n<meta property=\"og:site_name\" content=\"Trybol AG\" \/>\n<meta property=\"article:modified_time\" content=\"2017-09-07T14:40:51+00:00\" \/>\n<meta property=\"og:image\" content=\"https:\/\/www.trybol.ch\/wp-content\/uploads\/BIC5003-4.jpg\" \/>\n\t<meta property=\"og:image:width\" content=\"536\" \/>\n\t<meta property=\"og:image:height\" content=\"697\" \/>\n\t<meta property=\"og:image:type\" content=\"image\/jpeg\" \/>\n<meta name=\"twitter:card\" content=\"summary_large_image\" \/>\n<meta name=\"twitter:label1\" content=\"Dur\u00e9e de lecture estim\u00e9e\" \/>\n\t<meta name=\"twitter:data1\" content=\"1 minute\" \/>\n<script type=\"application\/ld+json\" class=\"yoast-schema-graph\">{\"@context\":\"https:\\\/\\\/schema.org\",\"@graph\":[{\"@type\":\"WebPage\",\"@id\":\"https:\\\/\\\/www.trybol.ch\\\/fr\\\/shop\\\/bicosmetic-gelelastil-tenseur-du-buste\\\/\",\"url\":\"https:\\\/\\\/www.trybol.ch\\\/fr\\\/shop\\\/bicosmetic-gelelastil-tenseur-du-buste\\\/\",\"name\":\"Bicosmetic Gelelastil Tenseur du buste - Trybol AG\",\"isPartOf\":{\"@id\":\"https:\\\/\\\/www.trybol.ch\\\/#website\"},\"primaryImageOfPage\":{\"@id\":\"https:\\\/\\\/www.trybol.ch\\\/fr\\\/shop\\\/bicosmetic-gelelastil-tenseur-du-buste\\\/#primaryimage\"},\"image\":{\"@id\":\"https:\\\/\\\/www.trybol.ch\\\/fr\\\/shop\\\/bicosmetic-gelelastil-tenseur-du-buste\\\/#primaryimage\"},\"thumbnailUrl\":\"https:\\\/\\\/www.trybol.ch\\\/wp-content\\\/uploads\\\/BIC5003-2024b.jpg\",\"datePublished\":\"2017-09-01T10:27:09+00:00\",\"dateModified\":\"2017-09-07T14:40:51+00:00\",\"breadcrumb\":{\"@id\":\"https:\\\/\\\/www.trybol.ch\\\/fr\\\/shop\\\/bicosmetic-gelelastil-tenseur-du-buste\\\/#breadcrumb\"},\"inLanguage\":\"fr-FR\",\"potentialAction\":[{\"@type\":\"ReadAction\",\"target\":[\"https:\\\/\\\/www.trybol.ch\\\/fr\\\/shop\\\/bicosmetic-gelelastil-tenseur-du-buste\\\/\"]}]},{\"@type\":\"ImageObject\",\"inLanguage\":\"fr-FR\",\"@id\":\"https:\\\/\\\/www.trybol.ch\\\/fr\\\/shop\\\/bicosmetic-gelelastil-tenseur-du-buste\\\/#primaryimage\",\"url\":\"https:\\\/\\\/www.trybol.ch\\\/wp-content\\\/uploads\\\/BIC5003-2024b.jpg\",\"contentUrl\":\"https:\\\/\\\/www.trybol.ch\\\/wp-content\\\/uploads\\\/BIC5003-2024b.jpg\",\"width\":906,\"height\":1028},{\"@type\":\"BreadcrumbList\",\"@id\":\"https:\\\/\\\/www.trybol.ch\\\/fr\\\/shop\\\/bicosmetic-gelelastil-tenseur-du-buste\\\/#breadcrumb\",\"itemListElement\":[{\"@type\":\"ListItem\",\"position\":1,\"name\":\"Home\",\"item\":\"https:\\\/\\\/www.trybol.ch\\\/fr\\\/home\\\/\"},{\"@type\":\"ListItem\",\"position\":2,\"name\":\"Boutique\",\"item\":\"https:\\\/\\\/www.trybol.ch\\\/fr\\\/boutique\\\/\"},{\"@type\":\"ListItem\",\"position\":3,\"name\":\"Bicosmetic Gelelastil Tenseur du buste\"}]},{\"@type\":\"WebSite\",\"@id\":\"https:\\\/\\\/www.trybol.ch\\\/#website\",\"url\":\"https:\\\/\\\/www.trybol.ch\\\/\",\"name\":\"Trybol AG\",\"description\":\"Nat\u00fcrliche Schweizer Kosmetik- und Mundpflegeprodukte\",\"publisher\":{\"@id\":\"https:\\\/\\\/www.trybol.ch\\\/#organization\"},\"potentialAction\":[{\"@type\":\"SearchAction\",\"target\":{\"@type\":\"EntryPoint\",\"urlTemplate\":\"https:\\\/\\\/www.trybol.ch\\\/?s={search_term_string}\"},\"query-input\":{\"@type\":\"PropertyValueSpecification\",\"valueRequired\":true,\"valueName\":\"search_term_string\"}}],\"inLanguage\":\"fr-FR\"},{\"@type\":\"Organization\",\"@id\":\"https:\\\/\\\/www.trybol.ch\\\/#organization\",\"name\":\"Trybol AG\",\"url\":\"https:\\\/\\\/www.trybol.ch\\\/\",\"logo\":{\"@type\":\"ImageObject\",\"inLanguage\":\"fr-FR\",\"@id\":\"https:\\\/\\\/www.trybol.ch\\\/#\\\/schema\\\/logo\\\/image\\\/\",\"url\":\"https:\\\/\\\/trybol.ch\\\/wp-content\\\/uploads\\\/trybol_rgb-min.png\",\"contentUrl\":\"https:\\\/\\\/trybol.ch\\\/wp-content\\\/uploads\\\/trybol_rgb-min.png\",\"width\":560,\"height\":220,\"caption\":\"Trybol AG\"},\"image\":{\"@id\":\"https:\\\/\\\/www.trybol.ch\\\/#\\\/schema\\\/logo\\\/image\\\/\"}}]}<\/script>\n<!-- \/ Yoast SEO plugin. -->","yoast_head_json":{"title":"Bicosmetic Gelelastil Tenseur du buste - Trybol AG","robots":{"index":"index","follow":"follow","max-snippet":"max-snippet:-1","max-image-preview":"max-image-preview:large","max-video-preview":"max-video-preview:-1"},"canonical":"https:\/\/www.trybol.ch\/fr\/shop\/bicosmetic-gelelastil-tenseur-du-buste\/","og_locale":"fr_FR","og_type":"article","og_title":"Bicosmetic Gelelastil Tenseur du buste - Trybol AG","og_description":"Tenseur du buste  Capacit\u00e9: 50 ml","og_url":"https:\/\/www.trybol.ch\/fr\/shop\/bicosmetic-gelelastil-tenseur-du-buste\/","og_site_name":"Trybol AG","article_modified_time":"2017-09-07T14:40:51+00:00","og_image":[{"width":536,"height":697,"url":"https:\/\/www.trybol.ch\/wp-content\/uploads\/BIC5003-4.jpg","type":"image\/jpeg"}],"twitter_card":"summary_large_image","twitter_misc":{"Dur\u00e9e de lecture estim\u00e9e":"1 minute"},"schema":{"@context":"https:\/\/schema.org","@graph":[{"@type":"WebPage","@id":"https:\/\/www.trybol.ch\/fr\/shop\/bicosmetic-gelelastil-tenseur-du-buste\/","url":"https:\/\/www.trybol.ch\/fr\/shop\/bicosmetic-gelelastil-tenseur-du-buste\/","name":"Bicosmetic Gelelastil Tenseur du buste - Trybol AG","isPartOf":{"@id":"https:\/\/www.trybol.ch\/#website"},"primaryImageOfPage":{"@id":"https:\/\/www.trybol.ch\/fr\/shop\/bicosmetic-gelelastil-tenseur-du-buste\/#primaryimage"},"image":{"@id":"https:\/\/www.trybol.ch\/fr\/shop\/bicosmetic-gelelastil-tenseur-du-buste\/#primaryimage"},"thumbnailUrl":"https:\/\/www.trybol.ch\/wp-content\/uploads\/BIC5003-2024b.jpg","datePublished":"2017-09-01T10:27:09+00:00","dateModified":"2017-09-07T14:40:51+00:00","breadcrumb":{"@id":"https:\/\/www.trybol.ch\/fr\/shop\/bicosmetic-gelelastil-tenseur-du-buste\/#breadcrumb"},"inLanguage":"fr-FR","potentialAction":[{"@type":"ReadAction","target":["https:\/\/www.trybol.ch\/fr\/shop\/bicosmetic-gelelastil-tenseur-du-buste\/"]}]},{"@type":"ImageObject","inLanguage":"fr-FR","@id":"https:\/\/www.trybol.ch\/fr\/shop\/bicosmetic-gelelastil-tenseur-du-buste\/#primaryimage","url":"https:\/\/www.trybol.ch\/wp-content\/uploads\/BIC5003-2024b.jpg","contentUrl":"https:\/\/www.trybol.ch\/wp-content\/uploads\/BIC5003-2024b.jpg","width":906,"height":1028},{"@type":"BreadcrumbList","@id":"https:\/\/www.trybol.ch\/fr\/shop\/bicosmetic-gelelastil-tenseur-du-buste\/#breadcrumb","itemListElement":[{"@type":"ListItem","position":1,"name":"Home","item":"https:\/\/www.trybol.ch\/fr\/home\/"},{"@type":"ListItem","position":2,"name":"Boutique","item":"https:\/\/www.trybol.ch\/fr\/boutique\/"},{"@type":"ListItem","position":3,"name":"Bicosmetic Gelelastil Tenseur du buste"}]},{"@type":"WebSite","@id":"https:\/\/www.trybol.ch\/#website","url":"https:\/\/www.trybol.ch\/","name":"Trybol AG","description":"Nat\u00fcrliche Schweizer Kosmetik- und Mundpflegeprodukte","publisher":{"@id":"https:\/\/www.trybol.ch\/#organization"},"potentialAction":[{"@type":"SearchAction","target":{"@type":"EntryPoint","urlTemplate":"https:\/\/www.trybol.ch\/?s={search_term_string}"},"query-input":{"@type":"PropertyValueSpecification","valueRequired":true,"valueName":"search_term_string"}}],"inLanguage":"fr-FR"},{"@type":"Organization","@id":"https:\/\/www.trybol.ch\/#organization","name":"Trybol AG","url":"https:\/\/www.trybol.ch\/","logo":{"@type":"ImageObject","inLanguage":"fr-FR","@id":"https:\/\/www.trybol.ch\/#\/schema\/logo\/image\/","url":"https:\/\/trybol.ch\/wp-content\/uploads\/trybol_rgb-min.png","contentUrl":"https:\/\/trybol.ch\/wp-content\/uploads\/trybol_rgb-min.png","width":560,"height":220,"caption":"Trybol AG"},"image":{"@id":"https:\/\/www.trybol.ch\/#\/schema\/logo\/image\/"}}]}},"_links":{"self":[{"href":"https:\/\/www.trybol.ch\/fr\/wp-json\/wp\/v2\/product\/2149","targetHints":{"allow":["GET"]}}],"collection":[{"href":"https:\/\/www.trybol.ch\/fr\/wp-json\/wp\/v2\/product"}],"about":[{"href":"https:\/\/www.trybol.ch\/fr\/wp-json\/wp\/v2\/types\/product"}],"replies":[{"embeddable":true,"href":"https:\/\/www.trybol.ch\/fr\/wp-json\/wp\/v2\/comments?post=2149"}],"wp:featuredmedia":[{"embeddable":true,"href":"https:\/\/www.trybol.ch\/fr\/wp-json\/wp\/v2\/media\/8112"}],"wp:attachment":[{"href":"https:\/\/www.trybol.ch\/fr\/wp-json\/wp\/v2\/media?parent=2149"}],"wp:term":[{"taxonomy":"product_brand","embeddable":true,"href":"https:\/\/www.trybol.ch\/fr\/wp-json\/wp\/v2\/product_brand?post=2149"},{"taxonomy":"product_cat","embeddable":true,"href":"https:\/\/www.trybol.ch\/fr\/wp-json\/wp\/v2\/product_cat?post=2149"},{"taxonomy":"product_tag","embeddable":true,"href":"https:\/\/www.trybol.ch\/fr\/wp-json\/wp\/v2\/product_tag?post=2149"}],"curies":[{"name":"wp","href":"https:\/\/api.w.org\/{rel}","templated":true}]}}