{"id":2142,"date":"2017-09-01T11:25:56","date_gmt":"2017-09-01T10:26:57","guid":{"rendered":"https:\/\/trybol.ch\/shop\/bicosmetic-gel-clarifiant\/"},"modified":"2017-09-07T16:38:59","modified_gmt":"2017-09-07T14:38:59","slug":"bicosmetic-gel-clarifiant","status":"publish","type":"product","link":"https:\/\/www.trybol.ch\/fr\/shop\/bicosmetic-gel-clarifiant\/","title":{"rendered":"Bicosmetic Gel clarifiant"},"content":{"rendered":"<p><strong>Type de peau:<\/strong> Tous les types de peau<\/p>\n<p><strong>Action:<\/strong> Ce produit sp\u00e9cial r\u00e9duit les marques d\u2019\u00e2ge et de pigmentation et \u00e9claircit, clarifie le teint.<\/p>\n<p><strong>INCI:<\/strong> Aqua (Water), PEG-40 Hydrogenated Castor Oil, Melaleuca Alternifolia, Buxus Chinensis (Jojoba Oil), Alcohol, Carbomer, Propylene Glycol, Triethanolamine, Chamomilla Recutita, Rosa Gallica, Sorbitol, Phenoxyethanol, Methylparaben, Ethylparaben, Propylparaben, Butylparaben, Isopropylparaben, Parfum (Fragrance), E216\/E218<\/p>\n<p>(02.04.2008)<\/p>\n<p><strong>pH-Valeur\/Formulation:<\/strong> 6,9<\/p>\n<p><strong>Principe de traitement:<\/strong> Le gel est particuli\u00e8rement adapt\u00e9 pour la peau du visage, le cou, et les aires sur le corps avec des pigmentations et les marques d\u2019\u00e2ge durant le principe du traitement peut \u00eatre utilis\u00e9s sur les mains et les bras. Appliquer le gel \u00e0 l\u2019huile de th\u00e9 abondamment sur les surfaces, couvrir avec une fine pellicule et masser le reste du gel \u00e0 la fin du traitement. Le client peut \u00eatre initi\u00e9 \u00e0 ce produit sp\u00e9cial de cette fa\u00e7on.<\/p>\n<p><strong>Num\u00e9ro de commande: <\/strong>BIC4016 50 ml<\/p>\n<p>BIP4016 200 ml<\/p>\n","protected":false},"excerpt":{"rendered":"<p>Capacit\u00e9: 50 ml<\/p>\n","protected":false},"featured_media":8094,"comment_status":"open","ping_status":"closed","template":"","meta":[],"product_brand":[],"product_cat":[58],"product_tag":[],"class_list":{"0":"post-2142","1":"product","2":"type-product","3":"status-publish","4":"has-post-thumbnail","6":"product_cat-bicosmetic-soins-corporels","7":"product_shipping_class-normalprodukte-fr","10":"first","11":"instock","12":"taxable","13":"shipping-taxable","14":"purchasable","15":"product-type-simple"},"yoast_head":"<!-- This site is optimized with the Yoast SEO plugin v27.4 - https:\/\/yoast.com\/product\/yoast-seo-wordpress\/ -->\n<title>Bicosmetic Gel clarifiant - Trybol AG<\/title>\n<meta name=\"robots\" content=\"index, follow, max-snippet:-1, max-image-preview:large, max-video-preview:-1\" \/>\n<link rel=\"canonical\" href=\"https:\/\/www.trybol.ch\/fr\/shop\/bicosmetic-gel-clarifiant\/\" \/>\n<meta property=\"og:locale\" content=\"fr_FR\" \/>\n<meta property=\"og:type\" content=\"article\" \/>\n<meta property=\"og:title\" content=\"Bicosmetic Gel clarifiant - Trybol AG\" \/>\n<meta property=\"og:description\" content=\"Capacit\u00e9: 50 ml\" \/>\n<meta property=\"og:url\" content=\"https:\/\/www.trybol.ch\/fr\/shop\/bicosmetic-gel-clarifiant\/\" \/>\n<meta property=\"og:site_name\" content=\"Trybol AG\" \/>\n<meta property=\"article:modified_time\" content=\"2017-09-07T14:38:59+00:00\" \/>\n<meta property=\"og:image\" content=\"https:\/\/www.trybol.ch\/wp-content\/uploads\/BIC4016-4.jpg\" \/>\n\t<meta property=\"og:image:width\" content=\"603\" \/>\n\t<meta property=\"og:image:height\" content=\"817\" \/>\n\t<meta property=\"og:image:type\" content=\"image\/jpeg\" \/>\n<meta name=\"twitter:card\" content=\"summary_large_image\" \/>\n<meta name=\"twitter:label1\" content=\"Dur\u00e9e de lecture estim\u00e9e\" \/>\n\t<meta name=\"twitter:data1\" content=\"1 minute\" \/>\n<script type=\"application\/ld+json\" class=\"yoast-schema-graph\">{\"@context\":\"https:\\\/\\\/schema.org\",\"@graph\":[{\"@type\":\"WebPage\",\"@id\":\"https:\\\/\\\/www.trybol.ch\\\/fr\\\/shop\\\/bicosmetic-gel-clarifiant\\\/\",\"url\":\"https:\\\/\\\/www.trybol.ch\\\/fr\\\/shop\\\/bicosmetic-gel-clarifiant\\\/\",\"name\":\"Bicosmetic Gel clarifiant - Trybol AG\",\"isPartOf\":{\"@id\":\"https:\\\/\\\/www.trybol.ch\\\/#website\"},\"primaryImageOfPage\":{\"@id\":\"https:\\\/\\\/www.trybol.ch\\\/fr\\\/shop\\\/bicosmetic-gel-clarifiant\\\/#primaryimage\"},\"image\":{\"@id\":\"https:\\\/\\\/www.trybol.ch\\\/fr\\\/shop\\\/bicosmetic-gel-clarifiant\\\/#primaryimage\"},\"thumbnailUrl\":\"https:\\\/\\\/www.trybol.ch\\\/wp-content\\\/uploads\\\/BIC4016-2024b.jpg\",\"datePublished\":\"2017-09-01T10:26:57+00:00\",\"dateModified\":\"2017-09-07T14:38:59+00:00\",\"breadcrumb\":{\"@id\":\"https:\\\/\\\/www.trybol.ch\\\/fr\\\/shop\\\/bicosmetic-gel-clarifiant\\\/#breadcrumb\"},\"inLanguage\":\"fr-FR\",\"potentialAction\":[{\"@type\":\"ReadAction\",\"target\":[\"https:\\\/\\\/www.trybol.ch\\\/fr\\\/shop\\\/bicosmetic-gel-clarifiant\\\/\"]}]},{\"@type\":\"ImageObject\",\"inLanguage\":\"fr-FR\",\"@id\":\"https:\\\/\\\/www.trybol.ch\\\/fr\\\/shop\\\/bicosmetic-gel-clarifiant\\\/#primaryimage\",\"url\":\"https:\\\/\\\/www.trybol.ch\\\/wp-content\\\/uploads\\\/BIC4016-2024b.jpg\",\"contentUrl\":\"https:\\\/\\\/www.trybol.ch\\\/wp-content\\\/uploads\\\/BIC4016-2024b.jpg\",\"width\":898,\"height\":1020},{\"@type\":\"BreadcrumbList\",\"@id\":\"https:\\\/\\\/www.trybol.ch\\\/fr\\\/shop\\\/bicosmetic-gel-clarifiant\\\/#breadcrumb\",\"itemListElement\":[{\"@type\":\"ListItem\",\"position\":1,\"name\":\"Home\",\"item\":\"https:\\\/\\\/www.trybol.ch\\\/fr\\\/home\\\/\"},{\"@type\":\"ListItem\",\"position\":2,\"name\":\"Boutique\",\"item\":\"https:\\\/\\\/www.trybol.ch\\\/fr\\\/boutique\\\/\"},{\"@type\":\"ListItem\",\"position\":3,\"name\":\"Bicosmetic Gel clarifiant\"}]},{\"@type\":\"WebSite\",\"@id\":\"https:\\\/\\\/www.trybol.ch\\\/#website\",\"url\":\"https:\\\/\\\/www.trybol.ch\\\/\",\"name\":\"Trybol AG\",\"description\":\"Nat\u00fcrliche Schweizer Kosmetik- und Mundpflegeprodukte\",\"publisher\":{\"@id\":\"https:\\\/\\\/www.trybol.ch\\\/#organization\"},\"potentialAction\":[{\"@type\":\"SearchAction\",\"target\":{\"@type\":\"EntryPoint\",\"urlTemplate\":\"https:\\\/\\\/www.trybol.ch\\\/?s={search_term_string}\"},\"query-input\":{\"@type\":\"PropertyValueSpecification\",\"valueRequired\":true,\"valueName\":\"search_term_string\"}}],\"inLanguage\":\"fr-FR\"},{\"@type\":\"Organization\",\"@id\":\"https:\\\/\\\/www.trybol.ch\\\/#organization\",\"name\":\"Trybol AG\",\"url\":\"https:\\\/\\\/www.trybol.ch\\\/\",\"logo\":{\"@type\":\"ImageObject\",\"inLanguage\":\"fr-FR\",\"@id\":\"https:\\\/\\\/www.trybol.ch\\\/#\\\/schema\\\/logo\\\/image\\\/\",\"url\":\"https:\\\/\\\/trybol.ch\\\/wp-content\\\/uploads\\\/trybol_rgb-min.png\",\"contentUrl\":\"https:\\\/\\\/trybol.ch\\\/wp-content\\\/uploads\\\/trybol_rgb-min.png\",\"width\":560,\"height\":220,\"caption\":\"Trybol AG\"},\"image\":{\"@id\":\"https:\\\/\\\/www.trybol.ch\\\/#\\\/schema\\\/logo\\\/image\\\/\"}}]}<\/script>\n<!-- \/ Yoast SEO plugin. -->","yoast_head_json":{"title":"Bicosmetic Gel clarifiant - Trybol AG","robots":{"index":"index","follow":"follow","max-snippet":"max-snippet:-1","max-image-preview":"max-image-preview:large","max-video-preview":"max-video-preview:-1"},"canonical":"https:\/\/www.trybol.ch\/fr\/shop\/bicosmetic-gel-clarifiant\/","og_locale":"fr_FR","og_type":"article","og_title":"Bicosmetic Gel clarifiant - Trybol AG","og_description":"Capacit\u00e9: 50 ml","og_url":"https:\/\/www.trybol.ch\/fr\/shop\/bicosmetic-gel-clarifiant\/","og_site_name":"Trybol AG","article_modified_time":"2017-09-07T14:38:59+00:00","og_image":[{"width":603,"height":817,"url":"https:\/\/www.trybol.ch\/wp-content\/uploads\/BIC4016-4.jpg","type":"image\/jpeg"}],"twitter_card":"summary_large_image","twitter_misc":{"Dur\u00e9e de lecture estim\u00e9e":"1 minute"},"schema":{"@context":"https:\/\/schema.org","@graph":[{"@type":"WebPage","@id":"https:\/\/www.trybol.ch\/fr\/shop\/bicosmetic-gel-clarifiant\/","url":"https:\/\/www.trybol.ch\/fr\/shop\/bicosmetic-gel-clarifiant\/","name":"Bicosmetic Gel clarifiant - Trybol AG","isPartOf":{"@id":"https:\/\/www.trybol.ch\/#website"},"primaryImageOfPage":{"@id":"https:\/\/www.trybol.ch\/fr\/shop\/bicosmetic-gel-clarifiant\/#primaryimage"},"image":{"@id":"https:\/\/www.trybol.ch\/fr\/shop\/bicosmetic-gel-clarifiant\/#primaryimage"},"thumbnailUrl":"https:\/\/www.trybol.ch\/wp-content\/uploads\/BIC4016-2024b.jpg","datePublished":"2017-09-01T10:26:57+00:00","dateModified":"2017-09-07T14:38:59+00:00","breadcrumb":{"@id":"https:\/\/www.trybol.ch\/fr\/shop\/bicosmetic-gel-clarifiant\/#breadcrumb"},"inLanguage":"fr-FR","potentialAction":[{"@type":"ReadAction","target":["https:\/\/www.trybol.ch\/fr\/shop\/bicosmetic-gel-clarifiant\/"]}]},{"@type":"ImageObject","inLanguage":"fr-FR","@id":"https:\/\/www.trybol.ch\/fr\/shop\/bicosmetic-gel-clarifiant\/#primaryimage","url":"https:\/\/www.trybol.ch\/wp-content\/uploads\/BIC4016-2024b.jpg","contentUrl":"https:\/\/www.trybol.ch\/wp-content\/uploads\/BIC4016-2024b.jpg","width":898,"height":1020},{"@type":"BreadcrumbList","@id":"https:\/\/www.trybol.ch\/fr\/shop\/bicosmetic-gel-clarifiant\/#breadcrumb","itemListElement":[{"@type":"ListItem","position":1,"name":"Home","item":"https:\/\/www.trybol.ch\/fr\/home\/"},{"@type":"ListItem","position":2,"name":"Boutique","item":"https:\/\/www.trybol.ch\/fr\/boutique\/"},{"@type":"ListItem","position":3,"name":"Bicosmetic Gel clarifiant"}]},{"@type":"WebSite","@id":"https:\/\/www.trybol.ch\/#website","url":"https:\/\/www.trybol.ch\/","name":"Trybol AG","description":"Nat\u00fcrliche Schweizer Kosmetik- und Mundpflegeprodukte","publisher":{"@id":"https:\/\/www.trybol.ch\/#organization"},"potentialAction":[{"@type":"SearchAction","target":{"@type":"EntryPoint","urlTemplate":"https:\/\/www.trybol.ch\/?s={search_term_string}"},"query-input":{"@type":"PropertyValueSpecification","valueRequired":true,"valueName":"search_term_string"}}],"inLanguage":"fr-FR"},{"@type":"Organization","@id":"https:\/\/www.trybol.ch\/#organization","name":"Trybol AG","url":"https:\/\/www.trybol.ch\/","logo":{"@type":"ImageObject","inLanguage":"fr-FR","@id":"https:\/\/www.trybol.ch\/#\/schema\/logo\/image\/","url":"https:\/\/trybol.ch\/wp-content\/uploads\/trybol_rgb-min.png","contentUrl":"https:\/\/trybol.ch\/wp-content\/uploads\/trybol_rgb-min.png","width":560,"height":220,"caption":"Trybol AG"},"image":{"@id":"https:\/\/www.trybol.ch\/#\/schema\/logo\/image\/"}}]}},"_links":{"self":[{"href":"https:\/\/www.trybol.ch\/fr\/wp-json\/wp\/v2\/product\/2142","targetHints":{"allow":["GET"]}}],"collection":[{"href":"https:\/\/www.trybol.ch\/fr\/wp-json\/wp\/v2\/product"}],"about":[{"href":"https:\/\/www.trybol.ch\/fr\/wp-json\/wp\/v2\/types\/product"}],"replies":[{"embeddable":true,"href":"https:\/\/www.trybol.ch\/fr\/wp-json\/wp\/v2\/comments?post=2142"}],"wp:featuredmedia":[{"embeddable":true,"href":"https:\/\/www.trybol.ch\/fr\/wp-json\/wp\/v2\/media\/8094"}],"wp:attachment":[{"href":"https:\/\/www.trybol.ch\/fr\/wp-json\/wp\/v2\/media?parent=2142"}],"wp:term":[{"taxonomy":"product_brand","embeddable":true,"href":"https:\/\/www.trybol.ch\/fr\/wp-json\/wp\/v2\/product_brand?post=2142"},{"taxonomy":"product_cat","embeddable":true,"href":"https:\/\/www.trybol.ch\/fr\/wp-json\/wp\/v2\/product_cat?post=2142"},{"taxonomy":"product_tag","embeddable":true,"href":"https:\/\/www.trybol.ch\/fr\/wp-json\/wp\/v2\/product_tag?post=2142"}],"curies":[{"name":"wp","href":"https:\/\/api.w.org\/{rel}","templated":true}]}}