{"id":2138,"date":"2017-09-01T11:25:56","date_gmt":"2017-09-01T10:26:57","guid":{"rendered":"https:\/\/trybol.ch\/shop\/bicosmetic-gel-pour-le-visage\/"},"modified":"2023-03-30T16:34:54","modified_gmt":"2023-03-30T14:34:54","slug":"bicosmetic-gel-pour-le-visage","status":"publish","type":"product","link":"https:\/\/www.trybol.ch\/fr\/shop\/bicosmetic-gel-pour-le-visage\/","title":{"rendered":"Bicosmetic Gel pour le visage"},"content":{"rendered":"<p><strong>Type de peau:<\/strong> Tous les types de peau.<\/p>\n<p>En particulier pour les peaux irrit\u00e9es et avec tendance aux taches.<\/p>\n<p><strong>Action:<\/strong> Fortifie les fins capillaires, relaxe la peau et r\u00e9duit les rougeurs. Rend \u00e0 la peau son \u00e9quilibre naturel en humidit\u00e9, la peau rayonne d\u2019une grande vitalit\u00e9.<\/p>\n<p><strong>INCI: <\/strong>Aqua, Glycerin, Saccharide Isomerate, Propylene Glycol, Panthenol, Sorbitol, Triethanolamine, Aesculus Hippocastanum Extract, Humulus Lupulus Extract, Carbomer, Rosa Damascena, Phenoxyethanol, Imidazolidinyl Urea, PEG-40 Hydrogenated Castor Oil, Sodium Methylparaben, Methylparaben, Propylparaben, Butylparaben, Ethylparaben, Isobutylparaben, Sodium Hydroxide, Citric Acid, Parfum<\/p>\n<p>(20.07.2011)<\/p>\n<p><strong>pH-Valeur\/Formulation:<\/strong> 5,0<\/p>\n<p><strong>Principe de traitement:<\/strong> Appliquer goutte par goutte sur le visage et le cou ce produit, peut aussi \u00eatre appliqu\u00e9 librement sur le contour des yeux. Quand le gel a \u00e9t\u00e9 compl\u00e8tement absorb\u00e9 par la peau, continuer ce traitement avec une haute fr\u00e9quence pendant dix minutes. Utilisation: avant le Massage normal au bien ant\u00e9rieurement \u00e0 la fin de l\u2019\u00e9tape du traitement.<\/p>\n<p><strong>Num\u00e9ro de commande: <\/strong>BIC4012 30 ml<\/p>\n","protected":false},"excerpt":{"rendered":"<p>Capacit\u00e9: 30 ml<\/p>\n","protected":false},"featured_media":8091,"comment_status":"open","ping_status":"closed","template":"","meta":[],"product_brand":[],"product_cat":[58],"product_tag":[],"class_list":{"0":"post-2138","1":"product","2":"type-product","3":"status-publish","4":"has-post-thumbnail","6":"product_cat-bicosmetic-soins-corporels","7":"product_shipping_class-normalprodukte-fr","10":"first","11":"instock","12":"taxable","13":"shipping-taxable","14":"purchasable","15":"product-type-simple"},"yoast_head":"<!-- This site is optimized with the Yoast SEO plugin v27.4 - https:\/\/yoast.com\/product\/yoast-seo-wordpress\/ -->\n<title>Bicosmetic Gel pour le visage - Trybol AG<\/title>\n<meta name=\"robots\" content=\"index, follow, max-snippet:-1, max-image-preview:large, max-video-preview:-1\" \/>\n<link rel=\"canonical\" href=\"https:\/\/www.trybol.ch\/fr\/shop\/bicosmetic-gel-pour-le-visage\/\" \/>\n<meta property=\"og:locale\" content=\"fr_FR\" \/>\n<meta property=\"og:type\" content=\"article\" \/>\n<meta property=\"og:title\" content=\"Bicosmetic Gel pour le visage - Trybol AG\" \/>\n<meta property=\"og:description\" content=\"Capacit\u00e9: 30 ml\" \/>\n<meta property=\"og:url\" content=\"https:\/\/www.trybol.ch\/fr\/shop\/bicosmetic-gel-pour-le-visage\/\" \/>\n<meta property=\"og:site_name\" content=\"Trybol AG\" \/>\n<meta property=\"article:modified_time\" content=\"2023-03-30T14:34:54+00:00\" \/>\n<meta property=\"og:image\" content=\"https:\/\/www.trybol.ch\/wp-content\/uploads\/BIC4012.jpeg\" \/>\n\t<meta property=\"og:image:width\" content=\"908\" \/>\n\t<meta property=\"og:image:height\" content=\"1210\" \/>\n\t<meta property=\"og:image:type\" content=\"image\/jpeg\" \/>\n<meta name=\"twitter:card\" content=\"summary_large_image\" \/>\n<meta name=\"twitter:label1\" content=\"Dur\u00e9e de lecture estim\u00e9e\" \/>\n\t<meta name=\"twitter:data1\" content=\"1 minute\" \/>\n<script type=\"application\/ld+json\" class=\"yoast-schema-graph\">{\"@context\":\"https:\\\/\\\/schema.org\",\"@graph\":[{\"@type\":\"WebPage\",\"@id\":\"https:\\\/\\\/www.trybol.ch\\\/fr\\\/shop\\\/bicosmetic-gel-pour-le-visage\\\/\",\"url\":\"https:\\\/\\\/www.trybol.ch\\\/fr\\\/shop\\\/bicosmetic-gel-pour-le-visage\\\/\",\"name\":\"Bicosmetic Gel pour le visage - Trybol AG\",\"isPartOf\":{\"@id\":\"https:\\\/\\\/www.trybol.ch\\\/#website\"},\"primaryImageOfPage\":{\"@id\":\"https:\\\/\\\/www.trybol.ch\\\/fr\\\/shop\\\/bicosmetic-gel-pour-le-visage\\\/#primaryimage\"},\"image\":{\"@id\":\"https:\\\/\\\/www.trybol.ch\\\/fr\\\/shop\\\/bicosmetic-gel-pour-le-visage\\\/#primaryimage\"},\"thumbnailUrl\":\"https:\\\/\\\/www.trybol.ch\\\/wp-content\\\/uploads\\\/BIC4012-2024b.jpg\",\"datePublished\":\"2017-09-01T10:26:57+00:00\",\"dateModified\":\"2023-03-30T14:34:54+00:00\",\"breadcrumb\":{\"@id\":\"https:\\\/\\\/www.trybol.ch\\\/fr\\\/shop\\\/bicosmetic-gel-pour-le-visage\\\/#breadcrumb\"},\"inLanguage\":\"fr-FR\",\"potentialAction\":[{\"@type\":\"ReadAction\",\"target\":[\"https:\\\/\\\/www.trybol.ch\\\/fr\\\/shop\\\/bicosmetic-gel-pour-le-visage\\\/\"]}]},{\"@type\":\"ImageObject\",\"inLanguage\":\"fr-FR\",\"@id\":\"https:\\\/\\\/www.trybol.ch\\\/fr\\\/shop\\\/bicosmetic-gel-pour-le-visage\\\/#primaryimage\",\"url\":\"https:\\\/\\\/www.trybol.ch\\\/wp-content\\\/uploads\\\/BIC4012-2024b.jpg\",\"contentUrl\":\"https:\\\/\\\/www.trybol.ch\\\/wp-content\\\/uploads\\\/BIC4012-2024b.jpg\",\"width\":906,\"height\":1050},{\"@type\":\"BreadcrumbList\",\"@id\":\"https:\\\/\\\/www.trybol.ch\\\/fr\\\/shop\\\/bicosmetic-gel-pour-le-visage\\\/#breadcrumb\",\"itemListElement\":[{\"@type\":\"ListItem\",\"position\":1,\"name\":\"Home\",\"item\":\"https:\\\/\\\/www.trybol.ch\\\/fr\\\/home\\\/\"},{\"@type\":\"ListItem\",\"position\":2,\"name\":\"Boutique\",\"item\":\"https:\\\/\\\/www.trybol.ch\\\/fr\\\/boutique\\\/\"},{\"@type\":\"ListItem\",\"position\":3,\"name\":\"Bicosmetic Gel pour le visage\"}]},{\"@type\":\"WebSite\",\"@id\":\"https:\\\/\\\/www.trybol.ch\\\/#website\",\"url\":\"https:\\\/\\\/www.trybol.ch\\\/\",\"name\":\"Trybol AG\",\"description\":\"Nat\u00fcrliche Schweizer Kosmetik- und Mundpflegeprodukte\",\"publisher\":{\"@id\":\"https:\\\/\\\/www.trybol.ch\\\/#organization\"},\"potentialAction\":[{\"@type\":\"SearchAction\",\"target\":{\"@type\":\"EntryPoint\",\"urlTemplate\":\"https:\\\/\\\/www.trybol.ch\\\/?s={search_term_string}\"},\"query-input\":{\"@type\":\"PropertyValueSpecification\",\"valueRequired\":true,\"valueName\":\"search_term_string\"}}],\"inLanguage\":\"fr-FR\"},{\"@type\":\"Organization\",\"@id\":\"https:\\\/\\\/www.trybol.ch\\\/#organization\",\"name\":\"Trybol AG\",\"url\":\"https:\\\/\\\/www.trybol.ch\\\/\",\"logo\":{\"@type\":\"ImageObject\",\"inLanguage\":\"fr-FR\",\"@id\":\"https:\\\/\\\/www.trybol.ch\\\/#\\\/schema\\\/logo\\\/image\\\/\",\"url\":\"https:\\\/\\\/trybol.ch\\\/wp-content\\\/uploads\\\/trybol_rgb-min.png\",\"contentUrl\":\"https:\\\/\\\/trybol.ch\\\/wp-content\\\/uploads\\\/trybol_rgb-min.png\",\"width\":560,\"height\":220,\"caption\":\"Trybol AG\"},\"image\":{\"@id\":\"https:\\\/\\\/www.trybol.ch\\\/#\\\/schema\\\/logo\\\/image\\\/\"}}]}<\/script>\n<!-- \/ Yoast SEO plugin. -->","yoast_head_json":{"title":"Bicosmetic Gel pour le visage - Trybol AG","robots":{"index":"index","follow":"follow","max-snippet":"max-snippet:-1","max-image-preview":"max-image-preview:large","max-video-preview":"max-video-preview:-1"},"canonical":"https:\/\/www.trybol.ch\/fr\/shop\/bicosmetic-gel-pour-le-visage\/","og_locale":"fr_FR","og_type":"article","og_title":"Bicosmetic Gel pour le visage - Trybol AG","og_description":"Capacit\u00e9: 30 ml","og_url":"https:\/\/www.trybol.ch\/fr\/shop\/bicosmetic-gel-pour-le-visage\/","og_site_name":"Trybol AG","article_modified_time":"2023-03-30T14:34:54+00:00","og_image":[{"width":908,"height":1210,"url":"https:\/\/www.trybol.ch\/wp-content\/uploads\/BIC4012.jpeg","type":"image\/jpeg"}],"twitter_card":"summary_large_image","twitter_misc":{"Dur\u00e9e de lecture estim\u00e9e":"1 minute"},"schema":{"@context":"https:\/\/schema.org","@graph":[{"@type":"WebPage","@id":"https:\/\/www.trybol.ch\/fr\/shop\/bicosmetic-gel-pour-le-visage\/","url":"https:\/\/www.trybol.ch\/fr\/shop\/bicosmetic-gel-pour-le-visage\/","name":"Bicosmetic Gel pour le visage - Trybol AG","isPartOf":{"@id":"https:\/\/www.trybol.ch\/#website"},"primaryImageOfPage":{"@id":"https:\/\/www.trybol.ch\/fr\/shop\/bicosmetic-gel-pour-le-visage\/#primaryimage"},"image":{"@id":"https:\/\/www.trybol.ch\/fr\/shop\/bicosmetic-gel-pour-le-visage\/#primaryimage"},"thumbnailUrl":"https:\/\/www.trybol.ch\/wp-content\/uploads\/BIC4012-2024b.jpg","datePublished":"2017-09-01T10:26:57+00:00","dateModified":"2023-03-30T14:34:54+00:00","breadcrumb":{"@id":"https:\/\/www.trybol.ch\/fr\/shop\/bicosmetic-gel-pour-le-visage\/#breadcrumb"},"inLanguage":"fr-FR","potentialAction":[{"@type":"ReadAction","target":["https:\/\/www.trybol.ch\/fr\/shop\/bicosmetic-gel-pour-le-visage\/"]}]},{"@type":"ImageObject","inLanguage":"fr-FR","@id":"https:\/\/www.trybol.ch\/fr\/shop\/bicosmetic-gel-pour-le-visage\/#primaryimage","url":"https:\/\/www.trybol.ch\/wp-content\/uploads\/BIC4012-2024b.jpg","contentUrl":"https:\/\/www.trybol.ch\/wp-content\/uploads\/BIC4012-2024b.jpg","width":906,"height":1050},{"@type":"BreadcrumbList","@id":"https:\/\/www.trybol.ch\/fr\/shop\/bicosmetic-gel-pour-le-visage\/#breadcrumb","itemListElement":[{"@type":"ListItem","position":1,"name":"Home","item":"https:\/\/www.trybol.ch\/fr\/home\/"},{"@type":"ListItem","position":2,"name":"Boutique","item":"https:\/\/www.trybol.ch\/fr\/boutique\/"},{"@type":"ListItem","position":3,"name":"Bicosmetic Gel pour le visage"}]},{"@type":"WebSite","@id":"https:\/\/www.trybol.ch\/#website","url":"https:\/\/www.trybol.ch\/","name":"Trybol AG","description":"Nat\u00fcrliche Schweizer Kosmetik- und Mundpflegeprodukte","publisher":{"@id":"https:\/\/www.trybol.ch\/#organization"},"potentialAction":[{"@type":"SearchAction","target":{"@type":"EntryPoint","urlTemplate":"https:\/\/www.trybol.ch\/?s={search_term_string}"},"query-input":{"@type":"PropertyValueSpecification","valueRequired":true,"valueName":"search_term_string"}}],"inLanguage":"fr-FR"},{"@type":"Organization","@id":"https:\/\/www.trybol.ch\/#organization","name":"Trybol AG","url":"https:\/\/www.trybol.ch\/","logo":{"@type":"ImageObject","inLanguage":"fr-FR","@id":"https:\/\/www.trybol.ch\/#\/schema\/logo\/image\/","url":"https:\/\/trybol.ch\/wp-content\/uploads\/trybol_rgb-min.png","contentUrl":"https:\/\/trybol.ch\/wp-content\/uploads\/trybol_rgb-min.png","width":560,"height":220,"caption":"Trybol AG"},"image":{"@id":"https:\/\/www.trybol.ch\/#\/schema\/logo\/image\/"}}]}},"_links":{"self":[{"href":"https:\/\/www.trybol.ch\/fr\/wp-json\/wp\/v2\/product\/2138","targetHints":{"allow":["GET"]}}],"collection":[{"href":"https:\/\/www.trybol.ch\/fr\/wp-json\/wp\/v2\/product"}],"about":[{"href":"https:\/\/www.trybol.ch\/fr\/wp-json\/wp\/v2\/types\/product"}],"replies":[{"embeddable":true,"href":"https:\/\/www.trybol.ch\/fr\/wp-json\/wp\/v2\/comments?post=2138"}],"wp:featuredmedia":[{"embeddable":true,"href":"https:\/\/www.trybol.ch\/fr\/wp-json\/wp\/v2\/media\/8091"}],"wp:attachment":[{"href":"https:\/\/www.trybol.ch\/fr\/wp-json\/wp\/v2\/media?parent=2138"}],"wp:term":[{"taxonomy":"product_brand","embeddable":true,"href":"https:\/\/www.trybol.ch\/fr\/wp-json\/wp\/v2\/product_brand?post=2138"},{"taxonomy":"product_cat","embeddable":true,"href":"https:\/\/www.trybol.ch\/fr\/wp-json\/wp\/v2\/product_cat?post=2138"},{"taxonomy":"product_tag","embeddable":true,"href":"https:\/\/www.trybol.ch\/fr\/wp-json\/wp\/v2\/product_tag?post=2138"}],"curies":[{"name":"wp","href":"https:\/\/api.w.org\/{rel}","templated":true}]}}