{"id":6787,"date":"2022-06-08T15:02:30","date_gmt":"2022-06-08T13:02:30","guid":{"rendered":"https:\/\/trybol.ch\/?page_id=6787"},"modified":"2022-06-08T15:02:30","modified_gmt":"2022-06-08T13:02:30","slug":"marque-propre","status":"publish","type":"page","link":"https:\/\/www.trybol.ch\/fr\/entreprises-clientes\/marque-propre\/","title":{"rendered":"Marque propre"},"content":{"rendered":"<h2  class=\"h-custom-headline man h2\" ><span>Marque propre (White Labeling \/ Private Labeling)<\/span><\/h2>\n<p>Par son exp\u00e9rience tant au niveau de la fabrication que de la commercialisation de ces produits, Trybol S.A. est parfaitement en mesure de g\u00e9rer votre marque propre.<\/p>\n<p>La maison Trybol S.A. est en mesure de fabriquer vos produits cosm\u00e9tiques et vos articles de toiletterie \u00e0 des prix tr\u00e8s raisonnables, gr\u00e2ce a une machine multi-homo capable de produire 1800 kg \u00e0 la fois.<\/p>\n<p>Le d\u00e9veloppement d\u2019une formule sp\u00e9ciale ou la fabrication de votre propre formule est possible \u00e0 partir de 10 kg. Nous offrons \u00e9galement le remplissage de bouteilles, pots, tubes, ampoules etc.<\/p>\n<p>Au cas d\u2019une offre concr\u00e8te, nous serions tr\u00e8s heureux de vous accueillir \u00e0 Neuhausen ou bien de vous rendre visite. Si vous aimeriez re\u00e7evoir des \u00e9chantillons, nous vous prions de nous indiquer ce que vous cherchez. Tout d\u00e9veloppement de formule sera fait gratuitement.<\/p>\n<h3>Prestations suppl\u00e9mentaires offertes:<\/h3>\n<ul>\n<li>Fabrication particuli\u00e8re de produits cosm\u00e9tiques pour cheveux, corps et soins buccaux.<\/li>\n<li>Remplissage de tubes, pots, flacons<\/li>\n<li>Impression s\u00e9rigraphique de flacons et pots<\/li>\n<li>Ventes d\u2019emballages vides (bouteilles, pots, atomiseurs etc.)<\/li>\n<\/ul>\n<p>D\u00e9fiez-nous!<\/p>\n","protected":false},"excerpt":{"rendered":"<p>Par son exp\u00e9rience tant au niveau de la fabrication que de la commercialisation de ces produits, Trybol S.A. est parfaitement en mesure de g\u00e9rer votre marque propre. La maison Trybol S.A. est en mesure de fabriquer vos produits cosm\u00e9tiques et vos articles de toiletterie \u00e0 des prix tr\u00e8s raisonnables, gr\u00e2ce a une machine multi-homo capable de produire 1800 kg \u00e0 &#8230; <a href=\"https:\/\/www.trybol.ch\/fr\/entreprises-clientes\/marque-propre\/\" class=\"more-link\">Read More<\/a><\/p>\n","protected":false},"author":1,"featured_media":0,"parent":2623,"menu_order":0,"comment_status":"closed","ping_status":"closed","template":"","meta":{"footnotes":""},"class_list":["post-6787","page","type-page","status-publish","hentry","no-post-thumbnail"],"yoast_head":"<!-- This site is optimized with the Yoast SEO plugin v27.4 - https:\/\/yoast.com\/product\/yoast-seo-wordpress\/ -->\n<title>Marque propre - Trybol AG<\/title>\n<meta name=\"robots\" content=\"index, follow, max-snippet:-1, max-image-preview:large, max-video-preview:-1\" \/>\n<link rel=\"canonical\" href=\"https:\/\/www.trybol.ch\/fr\/entreprises-clientes\/marque-propre\/\" \/>\n<meta property=\"og:locale\" content=\"fr_FR\" \/>\n<meta property=\"og:type\" content=\"article\" \/>\n<meta property=\"og:title\" content=\"Marque propre - Trybol AG\" \/>\n<meta property=\"og:description\" content=\"Par son exp\u00e9rience tant au niveau de la fabrication que de la commercialisation de ces produits, Trybol S.A. est parfaitement en mesure de g\u00e9rer votre marque propre. La maison Trybol S.A. est en mesure de fabriquer vos produits cosm\u00e9tiques et vos articles de toiletterie \u00e0 des prix tr\u00e8s raisonnables, gr\u00e2ce a une machine multi-homo capable de produire 1800 kg \u00e0 ... Read More\" \/>\n<meta property=\"og:url\" content=\"https:\/\/www.trybol.ch\/fr\/entreprises-clientes\/marque-propre\/\" \/>\n<meta property=\"og:site_name\" content=\"Trybol AG\" \/>\n<meta name=\"twitter:card\" content=\"summary_large_image\" \/>\n<meta name=\"twitter:label1\" content=\"Dur\u00e9e de lecture estim\u00e9e\" \/>\n\t<meta name=\"twitter:data1\" content=\"1 minute\" \/>\n<script type=\"application\/ld+json\" class=\"yoast-schema-graph\">{\"@context\":\"https:\\\/\\\/schema.org\",\"@graph\":[{\"@type\":\"WebPage\",\"@id\":\"https:\\\/\\\/www.trybol.ch\\\/fr\\\/entreprises-clientes\\\/marque-propre\\\/\",\"url\":\"https:\\\/\\\/www.trybol.ch\\\/fr\\\/entreprises-clientes\\\/marque-propre\\\/\",\"name\":\"Marque propre - Trybol AG\",\"isPartOf\":{\"@id\":\"https:\\\/\\\/www.trybol.ch\\\/#website\"},\"datePublished\":\"2022-06-08T13:02:30+00:00\",\"breadcrumb\":{\"@id\":\"https:\\\/\\\/www.trybol.ch\\\/fr\\\/entreprises-clientes\\\/marque-propre\\\/#breadcrumb\"},\"inLanguage\":\"fr-FR\",\"potentialAction\":[{\"@type\":\"ReadAction\",\"target\":[\"https:\\\/\\\/www.trybol.ch\\\/fr\\\/entreprises-clientes\\\/marque-propre\\\/\"]}]},{\"@type\":\"BreadcrumbList\",\"@id\":\"https:\\\/\\\/www.trybol.ch\\\/fr\\\/entreprises-clientes\\\/marque-propre\\\/#breadcrumb\",\"itemListElement\":[{\"@type\":\"ListItem\",\"position\":1,\"name\":\"Home\",\"item\":\"https:\\\/\\\/www.trybol.ch\\\/fr\\\/home\\\/\"},{\"@type\":\"ListItem\",\"position\":2,\"name\":\"Pour les entreprises clientes\",\"item\":\"https:\\\/\\\/www.trybol.ch\\\/fr\\\/entreprises-clientes\\\/\"},{\"@type\":\"ListItem\",\"position\":3,\"name\":\"Marque propre\"}]},{\"@type\":\"WebSite\",\"@id\":\"https:\\\/\\\/www.trybol.ch\\\/#website\",\"url\":\"https:\\\/\\\/www.trybol.ch\\\/\",\"name\":\"Trybol AG\",\"description\":\"Nat\u00fcrliche Schweizer Kosmetik- und Mundpflegeprodukte\",\"publisher\":{\"@id\":\"https:\\\/\\\/www.trybol.ch\\\/#organization\"},\"potentialAction\":[{\"@type\":\"SearchAction\",\"target\":{\"@type\":\"EntryPoint\",\"urlTemplate\":\"https:\\\/\\\/www.trybol.ch\\\/?s={search_term_string}\"},\"query-input\":{\"@type\":\"PropertyValueSpecification\",\"valueRequired\":true,\"valueName\":\"search_term_string\"}}],\"inLanguage\":\"fr-FR\"},{\"@type\":\"Organization\",\"@id\":\"https:\\\/\\\/www.trybol.ch\\\/#organization\",\"name\":\"Trybol AG\",\"url\":\"https:\\\/\\\/www.trybol.ch\\\/\",\"logo\":{\"@type\":\"ImageObject\",\"inLanguage\":\"fr-FR\",\"@id\":\"https:\\\/\\\/www.trybol.ch\\\/#\\\/schema\\\/logo\\\/image\\\/\",\"url\":\"https:\\\/\\\/trybol.ch\\\/wp-content\\\/uploads\\\/trybol_rgb-min.png\",\"contentUrl\":\"https:\\\/\\\/trybol.ch\\\/wp-content\\\/uploads\\\/trybol_rgb-min.png\",\"width\":560,\"height\":220,\"caption\":\"Trybol AG\"},\"image\":{\"@id\":\"https:\\\/\\\/www.trybol.ch\\\/#\\\/schema\\\/logo\\\/image\\\/\"}}]}<\/script>\n<!-- \/ Yoast SEO plugin. -->","yoast_head_json":{"title":"Marque propre - Trybol AG","robots":{"index":"index","follow":"follow","max-snippet":"max-snippet:-1","max-image-preview":"max-image-preview:large","max-video-preview":"max-video-preview:-1"},"canonical":"https:\/\/www.trybol.ch\/fr\/entreprises-clientes\/marque-propre\/","og_locale":"fr_FR","og_type":"article","og_title":"Marque propre - Trybol AG","og_description":"Par son exp\u00e9rience tant au niveau de la fabrication que de la commercialisation de ces produits, Trybol S.A. est parfaitement en mesure de g\u00e9rer votre marque propre. La maison Trybol S.A. est en mesure de fabriquer vos produits cosm\u00e9tiques et vos articles de toiletterie \u00e0 des prix tr\u00e8s raisonnables, gr\u00e2ce a une machine multi-homo capable de produire 1800 kg \u00e0 ... Read More","og_url":"https:\/\/www.trybol.ch\/fr\/entreprises-clientes\/marque-propre\/","og_site_name":"Trybol AG","twitter_card":"summary_large_image","twitter_misc":{"Dur\u00e9e de lecture estim\u00e9e":"1 minute"},"schema":{"@context":"https:\/\/schema.org","@graph":[{"@type":"WebPage","@id":"https:\/\/www.trybol.ch\/fr\/entreprises-clientes\/marque-propre\/","url":"https:\/\/www.trybol.ch\/fr\/entreprises-clientes\/marque-propre\/","name":"Marque propre - Trybol AG","isPartOf":{"@id":"https:\/\/www.trybol.ch\/#website"},"datePublished":"2022-06-08T13:02:30+00:00","breadcrumb":{"@id":"https:\/\/www.trybol.ch\/fr\/entreprises-clientes\/marque-propre\/#breadcrumb"},"inLanguage":"fr-FR","potentialAction":[{"@type":"ReadAction","target":["https:\/\/www.trybol.ch\/fr\/entreprises-clientes\/marque-propre\/"]}]},{"@type":"BreadcrumbList","@id":"https:\/\/www.trybol.ch\/fr\/entreprises-clientes\/marque-propre\/#breadcrumb","itemListElement":[{"@type":"ListItem","position":1,"name":"Home","item":"https:\/\/www.trybol.ch\/fr\/home\/"},{"@type":"ListItem","position":2,"name":"Pour les entreprises clientes","item":"https:\/\/www.trybol.ch\/fr\/entreprises-clientes\/"},{"@type":"ListItem","position":3,"name":"Marque propre"}]},{"@type":"WebSite","@id":"https:\/\/www.trybol.ch\/#website","url":"https:\/\/www.trybol.ch\/","name":"Trybol AG","description":"Nat\u00fcrliche Schweizer Kosmetik- und Mundpflegeprodukte","publisher":{"@id":"https:\/\/www.trybol.ch\/#organization"},"potentialAction":[{"@type":"SearchAction","target":{"@type":"EntryPoint","urlTemplate":"https:\/\/www.trybol.ch\/?s={search_term_string}"},"query-input":{"@type":"PropertyValueSpecification","valueRequired":true,"valueName":"search_term_string"}}],"inLanguage":"fr-FR"},{"@type":"Organization","@id":"https:\/\/www.trybol.ch\/#organization","name":"Trybol AG","url":"https:\/\/www.trybol.ch\/","logo":{"@type":"ImageObject","inLanguage":"fr-FR","@id":"https:\/\/www.trybol.ch\/#\/schema\/logo\/image\/","url":"https:\/\/trybol.ch\/wp-content\/uploads\/trybol_rgb-min.png","contentUrl":"https:\/\/trybol.ch\/wp-content\/uploads\/trybol_rgb-min.png","width":560,"height":220,"caption":"Trybol AG"},"image":{"@id":"https:\/\/www.trybol.ch\/#\/schema\/logo\/image\/"}}]}},"_links":{"self":[{"href":"https:\/\/www.trybol.ch\/fr\/wp-json\/wp\/v2\/pages\/6787","targetHints":{"allow":["GET"]}}],"collection":[{"href":"https:\/\/www.trybol.ch\/fr\/wp-json\/wp\/v2\/pages"}],"about":[{"href":"https:\/\/www.trybol.ch\/fr\/wp-json\/wp\/v2\/types\/page"}],"author":[{"embeddable":true,"href":"https:\/\/www.trybol.ch\/fr\/wp-json\/wp\/v2\/users\/1"}],"replies":[{"embeddable":true,"href":"https:\/\/www.trybol.ch\/fr\/wp-json\/wp\/v2\/comments?post=6787"}],"version-history":[{"count":1,"href":"https:\/\/www.trybol.ch\/fr\/wp-json\/wp\/v2\/pages\/6787\/revisions"}],"predecessor-version":[{"id":6788,"href":"https:\/\/www.trybol.ch\/fr\/wp-json\/wp\/v2\/pages\/6787\/revisions\/6788"}],"up":[{"embeddable":true,"href":"https:\/\/www.trybol.ch\/fr\/wp-json\/wp\/v2\/pages\/2623"}],"wp:attachment":[{"href":"https:\/\/www.trybol.ch\/fr\/wp-json\/wp\/v2\/media?parent=6787"}],"curies":[{"name":"wp","href":"https:\/\/api.w.org\/{rel}","templated":true}]}}